{"id":161,"date":"2018-06-21T15:55:50","date_gmt":"2018-06-21T18:55:50","guid":{"rendered":"http:\/\/163.10.30.48\/~posgrado6\/wordpress\/chaya\/?page_id=161"},"modified":"2020-06-19T05:42:59","modified_gmt":"2020-06-19T08:42:59","slug":"trabajos-online","status":"publish","type":"page","link":"https:\/\/idihcs.fahce.unlp.edu.ar\/chaya\/trabajos-online\/","title":{"rendered":"CHAyA &#8211; Trabajos Online"},"content":{"rendered":"<p><a href=\"http:\/\/idihcs.fahce.unlp.edu.ar\/chaya\/wp-content\/uploads\/sites\/11\/2019\/08\/Giordano-Juan-Francisco.-La-escritura-ind\u00edgena-y-la-burocracia-de-los-toldos.-Reconfiguraci\u00f3n-y-resistencia-siglo-XIX.pdf\">Giordano, Juan Francisco. <em>La escritura ind\u00edgena y la burocracia de los toldos. Reconfiguraci\u00f3n y resistencia (siglo XIX)<\/em><\/a><\/p>\n<p><a href=\"http:\/\/idihcs.fahce.unlp.edu.ar\/chaya\/wp-content\/uploads\/sites\/11\/2019\/09\/Rodriguez-Velasquez-Fidel.-Enredados-por-las-perlas..pdf\">Rodriguez Velasquez, Fidel. <em>Enredados por las perlas: Historias de trabajo ind\u00edgena, europeo y africano en las islas y costas de las perlas durante la modernidad temprana (1498-1620)<\/em><\/a><\/p>\n<p><a href=\"http:\/\/idihcs.fahce.unlp.edu.ar\/chaya\/wp-content\/uploads\/sites\/11\/2018\/11\/Velasco-Tejedor-Roc\u00edo.-La-\u201cmec\u00e1nica\u201d-en-el-oficio-y-la-\u201cimpureza\u201d-en-la-sangre-identidades-resistencias-y-judeoconversos-en-la-pen\u00ednsula-ib\u00e9rica-siglos-XVI-XVIII.pdf\">Velasco Tejedor, Roc\u00edo. <em>La \u201cmec\u00e1nica\u201d en el oficio y la \u201cimpureza\u201d en la sangre: identidades, resistencias y judeoconversos en la pen\u00ednsula ib\u00e9rica (siglos XVI-XVIII)<\/em><\/a><\/p>\n<p><a href=\"http:\/\/idihcs.fahce.unlp.edu.ar\/chaya\/wp-content\/uploads\/sites\/11\/2018\/09\/Abi\u00e1n-Cubillo-David.-La-integraci\u00f3n-en-la-carrera-de-la-oficialidad-a-trav\u00e9s-del-m\u00e9rito-acad\u00e9mico-durante-el-siglo-XVIII.-El-caso-de-un-regimiento-de-infanter\u00eda.pdf\">Abi\u00e1n Cubillo, David. <em>La integraci\u00f3n en la carrera de la oficialidad a trav\u00e9s del m\u00e9rito acad\u00e9mico durante el siglo XVIII. El caso de un regimiento de infanter\u00eda<\/em><\/a><\/p>\n<p><span class=\"summary\"><a href=\"http:\/\/163.10.30.48\/~posgrado6\/wordpress\/chaya\/wp-content\/uploads\/sites\/11\/2018\/06\/Castells-Florencia.-Mujeres-y-delitos-violentos-miradas-desde-la-justicia-correccional-bonaerense-La-Plata-1886-1903.pdf\">Castells, Florencia. <em>Mujeres y delitos violentos miradas desde la justicia correccional bonaerense (La Plata, 1886-1903)<\/em><\/a><\/span><\/p>\n<p><span class=\"summary\"><a href=\"http:\/\/163.10.30.48\/~posgrado6\/wordpress\/chaya\/wp-content\/uploads\/sites\/11\/2018\/06\/pensando-la-relacion-entre-el-gasto-fiscal-y-el-desempeno-economico-en-el-Antiguo-Regimen.-Un-aporte-desde-del-Analisis-de-Redes-Sociales.pdf\">Wasserman, Mart\u00edn. <em>Finanzas y cr\u00e9dito: pensando la relaci\u00f3n entre el gasto fiscal y el desempe\u00f1o econ\u00f3mico en el Antiguo R\u00e9gimen. Un aporte desde del An\u00e1lisis de Redes Sociales<\/em><\/a><\/span><\/p>\n<p><span class=\"summary\"><a href=\"http:\/\/163.10.30.48\/~posgrado6\/wordpress\/chaya\/wp-content\/uploads\/sites\/11\/2018\/06\/Novau-Julieta.-Figuraciones-de-la-esclavitud-en-los-ensayos-abolicionistas-de-Cuba-y-Brasil-hacia-fines-del-siglo-XIX.pdf\">Novau, Julieta. <em>Figuraciones de la esclavitud en los ensayos abolicionistas de Cuba y Brasil hacia fines del siglo XIX: espacios de disidencia en Jos\u00e9 Antonio Saco y Joaquim Nabuco<\/em><\/a><\/span><\/p>\n<p><span class=\"summary\"><a href=\"http:\/\/163.10.30.48\/~posgrado6\/wordpress\/chaya\/wp-content\/uploads\/sites\/11\/2018\/06\/Andrade-Federico.-Historia-y-metodo-en-la-recepcion-de-la-tradicion-clasica-durante-el-siglo-XVII-algunas-notas-sobre-Origines-sacrae-de-Edward-Stillingfleet.pdf\">Andrade, Federico. <em>Historia y m\u00e9todo en la recepci\u00f3n de la tradici\u00f3n cl\u00e1sica durante el siglo XVII: algunas notas sobre Origines sacrae de Edward Stillingfleet<\/em><\/a><\/span><\/p>\n<p><span class=\"summary\"><a class=\"contenttype-file state-missing-value url\" href=\"http:\/\/www.fahce.unlp.edu.ar\/idihcs\/areas\/chaya\/descargables\/zuleta-unlp-2017-ciclo-de-lecturas-en-dialogo\/view\">Zuleta, Mar\u00eda Cecilia. <em>Asuntos de vecinos: plagas, defensa agr\u00edcola y la construcci\u00f3n de la sanidad vegetal y animal en M\u00e9xico, siglo XX<\/em><\/a><\/span><\/p>\n<p><span class=\"summary\"><a href=\"http:\/\/163.10.30.48\/~posgrado6\/wordpress\/chaya\/wp-content\/uploads\/sites\/11\/2018\/06\/Uncal-Lucia.-Debates-en-torno-al-concepto-de-cultura-popular-en-el-Antiguo-Regimen.pdf\">Uncal, Luc\u00eda. <em>Debates en torno al concepto de Cultura Popular en el Antiguo R\u00e9gimen<\/em><\/a><\/span><\/p>\n<p><span class=\"summary\"><a href=\"http:\/\/163.10.30.48\/~posgrado6\/wordpress\/chaya\/wp-content\/uploads\/sites\/11\/2018\/06\/El-periodico-El-Censor-y-las-201cNoticias201d-1815-1819-Congreso-de-Historia-de-los-Pueblos-2015.pdf\">(Ponencia) Mengual de Gracia, Gonz\u00e1lez M\u00e1rquez y Quinteros &#8211; XV Congreso de Historia de los Pueblos<\/a><\/span><\/p>\n<p><span class=\"summary\"><a href=\"http:\/\/163.10.30.48\/~posgrado6\/wordpress\/chaya\/wp-content\/uploads\/sites\/11\/2018\/06\/Posturas-e-ideas-en-torno-a-las-identidades.-El-Censor-1815-1819-Jornadas-Interescuelas-2015.pdf\">(Ponencia) Mengual de Gracia &#8211; XV Jornadas Interescuelas\/Departamentos de Historia<\/a><\/span><\/p>\n<p><span class=\"summary\"><a href=\"http:\/\/163.10.30.48\/~posgrado6\/wordpress\/chaya\/wp-content\/uploads\/sites\/11\/2018\/06\/Heroes-o-villanos-en-la-prensa-de-la-Revolucion.-El-Censor-1815-1819-Jornadas-Interescuelas-2015.pdf\">(Ponencia) Gonz\u00e1lez M\u00e1rquez y Quinteros &#8211; XV Jornadas Interescuelas\/Departamentos de Historia<\/a><\/span><\/p>\n<p><span class=\"summary\"><a href=\"http:\/\/163.10.30.48\/~posgrado6\/wordpress\/chaya\/wp-content\/uploads\/sites\/11\/2018\/06\/Abstract-Castells-2o-Jornadas-del-Centro-de-Historia-Argentina-y-Americana.pdf\">(Abstract) Castells &#8211; 2\u00ba Jornadas del Centro de Historia Argentina y Americana<\/a><\/span><\/p>\n<p><span class=\"summary\"><a href=\"http:\/\/163.10.30.48\/~posgrado6\/wordpress\/chaya\/wp-content\/uploads\/sites\/11\/2018\/06\/Abstract-Harispe-2o-Jornadas-del-Centro-de-Historia-Argentina-y-Americana.pdf\">(Abstract) Harispe &#8211; 2\u00ba Jornadas del Centro de Historia Argentina y Americana<\/a><\/span><\/p>\n<p><span class=\"summary\"><a href=\"http:\/\/163.10.30.48\/~posgrado6\/wordpress\/chaya\/wp-content\/uploads\/sites\/11\/2018\/06\/Abstract-Roca-2o-Jornadas-del-Centro-de-Historia-Argentina-y-Americana.pdf\">(Abstract) Roca &#8211; 2\u00ba Jornadas del Centro de Historia Argentina y Americana<\/a><\/span><\/p>\n<p><span class=\"summary\"><a href=\"http:\/\/163.10.30.48\/~posgrado6\/wordpress\/chaya\/wp-content\/uploads\/sites\/11\/2018\/06\/Abstract-Lamas-y-Quinteros-2o-Jornadas-del-Centro-de-Historia-Argentina-y-Americana.pdf\">(Abstract) Lamas y Quinteros &#8211; 2\u00ba Jornadas del Centro de Historia Argentina y Americana<\/a><\/span><\/p>\n<p><span class=\"summary\"><a href=\"http:\/\/163.10.30.48\/~posgrado6\/wordpress\/chaya\/wp-content\/uploads\/sites\/11\/2018\/06\/Abstract-Mengual-de-Gracia-y-Gonzalez-Marquez-2o-Jornadas-del-Centro-de-Historia-Argentina-y-Americana.pdf\">(Abstract) Mengual de Gracia y Gonz\u00e1lez M\u00e1rquez &#8211; 2\u00ba Jornadas del Centro de Historia Argentina y Americana<\/a><\/span><\/p>\n<p><span class=\"summary\"><a href=\"http:\/\/163.10.30.48\/~posgrado6\/wordpress\/chaya\/wp-content\/uploads\/sites\/11\/2018\/06\/Abstract-Rosas-2o-Jornadas-del-Centro-de-Historia-Argentina-y-Americana.pdf\">(Abstract) Rosas &#8211; 2\u00ba Jornadas del Centro de Historia Argentina y Americana<\/a><\/span><\/p>\n<p><span class=\"summary\"><a href=\"http:\/\/163.10.30.48\/~posgrado6\/wordpress\/chaya\/wp-content\/uploads\/sites\/11\/2018\/06\/Abstract-Castronuovo-2o-Jornadas-del-Centro-de-Historia-Argentina-y-Americana.pdf\">(Abstract) Castronuovo &#8211; 2\u00ba Jornadas del Centro de Historia Argentina y Americana<\/a><\/span><\/p>\n","protected":false},"excerpt":{"rendered":"<p>Giordano, Juan Francisco. La escritura ind\u00edgena y la burocracia de los toldos. Reconfiguraci\u00f3n y resistencia (siglo XIX) Rodriguez Velasquez, Fidel. Enredados por las perlas: Historias de trabajo ind\u00edgena, europeo y africano en las islas y costas de las perlas durante la modernidad temprana (1498-1620) Velasco Tejedor, Roc\u00edo. La \u201cmec\u00e1nica\u201d en el oficio y la \u201cimpureza\u201d [&hellip;]<\/p>\n","protected":false},"author":3,"featured_media":224,"parent":0,"menu_order":0,"comment_status":"closed","ping_status":"closed","template":"page-ui.php","meta":{"_themeisle_gutenberg_block_has_review":false,"footnotes":""},"class_list":["post-161","page","type-page","status-publish","has-post-thumbnail","hentry"],"acf":[],"rttpg_featured_image_url":{"full":["https:\/\/idihcs.fahce.unlp.edu.ar\/chaya\/wp-content\/uploads\/sites\/11\/2018\/06\/banner-chaya.jpg",696,81,false],"landscape":["https:\/\/idihcs.fahce.unlp.edu.ar\/chaya\/wp-content\/uploads\/sites\/11\/2018\/06\/banner-chaya.jpg",696,81,false],"portraits":["https:\/\/idihcs.fahce.unlp.edu.ar\/chaya\/wp-content\/uploads\/sites\/11\/2018\/06\/banner-chaya.jpg",696,81,false],"thumbnail":["https:\/\/idihcs.fahce.unlp.edu.ar\/chaya\/wp-content\/uploads\/sites\/11\/2018\/06\/banner-chaya-150x81.jpg",150,81,true],"medium":["https:\/\/idihcs.fahce.unlp.edu.ar\/chaya\/wp-content\/uploads\/sites\/11\/2018\/06\/banner-chaya-300x35.jpg",300,35,true],"large":["https:\/\/idihcs.fahce.unlp.edu.ar\/chaya\/wp-content\/uploads\/sites\/11\/2018\/06\/banner-chaya.jpg",696,81,false],"1536x1536":["https:\/\/idihcs.fahce.unlp.edu.ar\/chaya\/wp-content\/uploads\/sites\/11\/2018\/06\/banner-chaya.jpg",696,81,false],"2048x2048":["https:\/\/idihcs.fahce.unlp.edu.ar\/chaya\/wp-content\/uploads\/sites\/11\/2018\/06\/banner-chaya.jpg",696,81,false],"td_80x60":["https:\/\/idihcs.fahce.unlp.edu.ar\/chaya\/wp-content\/uploads\/sites\/11\/2018\/06\/banner-chaya-80x60.jpg",80,60,true],"td_100x70":["https:\/\/idihcs.fahce.unlp.edu.ar\/chaya\/wp-content\/uploads\/sites\/11\/2018\/06\/banner-chaya-100x70.jpg",100,70,true],"td_218x150":["https:\/\/idihcs.fahce.unlp.edu.ar\/chaya\/wp-content\/uploads\/sites\/11\/2018\/06\/banner-chaya-218x81.jpg",218,81,true],"td_265x198":["https:\/\/idihcs.fahce.unlp.edu.ar\/chaya\/wp-content\/uploads\/sites\/11\/2018\/06\/banner-chaya-265x81.jpg",265,81,true],"td_324x160":["https:\/\/idihcs.fahce.unlp.edu.ar\/chaya\/wp-content\/uploads\/sites\/11\/2018\/06\/banner-chaya-324x81.jpg",324,81,true],"td_324x235":["https:\/\/idihcs.fahce.unlp.edu.ar\/chaya\/wp-content\/uploads\/sites\/11\/2018\/06\/banner-chaya-324x81.jpg",324,81,true],"td_324x400":["https:\/\/idihcs.fahce.unlp.edu.ar\/chaya\/wp-content\/uploads\/sites\/11\/2018\/06\/banner-chaya-324x81.jpg",324,81,true],"td_356x220":["https:\/\/idihcs.fahce.unlp.edu.ar\/chaya\/wp-content\/uploads\/sites\/11\/2018\/06\/banner-chaya-356x81.jpg",356,81,true],"td_356x364":["https:\/\/idihcs.fahce.unlp.edu.ar\/chaya\/wp-content\/uploads\/sites\/11\/2018\/06\/banner-chaya-356x81.jpg",356,81,true],"td_485x360":["https:\/\/idihcs.fahce.unlp.edu.ar\/chaya\/wp-content\/uploads\/sites\/11\/2018\/06\/banner-chaya-485x81.jpg",485,81,true],"td_533x261":["https:\/\/idihcs.fahce.unlp.edu.ar\/chaya\/wp-content\/uploads\/sites\/11\/2018\/06\/banner-chaya-533x81.jpg",533,81,true],"td_534x462":["https:\/\/idihcs.fahce.unlp.edu.ar\/chaya\/wp-content\/uploads\/sites\/11\/2018\/06\/banner-chaya-534x81.jpg",534,81,true],"td_696x0":["https:\/\/idihcs.fahce.unlp.edu.ar\/chaya\/wp-content\/uploads\/sites\/11\/2018\/06\/banner-chaya-696x81.jpg",696,81,true],"td_696x385":["https:\/\/idihcs.fahce.unlp.edu.ar\/chaya\/wp-content\/uploads\/sites\/11\/2018\/06\/banner-chaya-696x81.jpg",696,81,true],"td_741x486":["https:\/\/idihcs.fahce.unlp.edu.ar\/chaya\/wp-content\/uploads\/sites\/11\/2018\/06\/banner-chaya.jpg",696,81,false],"td_1068x580":["https:\/\/idihcs.fahce.unlp.edu.ar\/chaya\/wp-content\/uploads\/sites\/11\/2018\/06\/banner-chaya.jpg",696,81,false],"td_1068x0":["https:\/\/idihcs.fahce.unlp.edu.ar\/chaya\/wp-content\/uploads\/sites\/11\/2018\/06\/banner-chaya.jpg",696,81,false],"td_0x420":["https:\/\/idihcs.fahce.unlp.edu.ar\/chaya\/wp-content\/uploads\/sites\/11\/2018\/06\/banner-chaya.jpg",696,81,false],"td_1920x0":["https:\/\/idihcs.fahce.unlp.edu.ar\/chaya\/wp-content\/uploads\/sites\/11\/2018\/06\/banner-chaya.jpg",696,81,false],"rt_custom":["https:\/\/idihcs.fahce.unlp.edu.ar\/chaya\/wp-content\/uploads\/sites\/11\/2018\/06\/banner-chaya.jpg",696,81,false]},"rttpg_author":{"display_name":"cbarletta","author_link":"https:\/\/idihcs.fahce.unlp.edu.ar\/chaya\/author\/cbarletta\/"},"rttpg_comment":0,"rttpg_category":null,"rttpg_excerpt":"Giordano, Juan Francisco. La escritura ind\u00edgena y la burocracia de los toldos. Reconfiguraci\u00f3n y resistencia (siglo XIX) Rodriguez Velasquez, Fidel. Enredados por las perlas: Historias de trabajo ind\u00edgena, europeo y africano en las islas y costas de las perlas durante la modernidad temprana (1498-1620) Velasco Tejedor, Roc\u00edo. La \u201cmec\u00e1nica\u201d en el oficio y la \u201cimpureza\u201d&hellip;","_links":{"self":[{"href":"https:\/\/idihcs.fahce.unlp.edu.ar\/chaya\/wp-json\/wp\/v2\/pages\/161","targetHints":{"allow":["GET"]}}],"collection":[{"href":"https:\/\/idihcs.fahce.unlp.edu.ar\/chaya\/wp-json\/wp\/v2\/pages"}],"about":[{"href":"https:\/\/idihcs.fahce.unlp.edu.ar\/chaya\/wp-json\/wp\/v2\/types\/page"}],"author":[{"embeddable":true,"href":"https:\/\/idihcs.fahce.unlp.edu.ar\/chaya\/wp-json\/wp\/v2\/users\/3"}],"replies":[{"embeddable":true,"href":"https:\/\/idihcs.fahce.unlp.edu.ar\/chaya\/wp-json\/wp\/v2\/comments?post=161"}],"version-history":[{"count":14,"href":"https:\/\/idihcs.fahce.unlp.edu.ar\/chaya\/wp-json\/wp\/v2\/pages\/161\/revisions"}],"predecessor-version":[{"id":825,"href":"https:\/\/idihcs.fahce.unlp.edu.ar\/chaya\/wp-json\/wp\/v2\/pages\/161\/revisions\/825"}],"wp:featuredmedia":[{"embeddable":true,"href":"https:\/\/idihcs.fahce.unlp.edu.ar\/chaya\/wp-json\/wp\/v2\/media\/224"}],"wp:attachment":[{"href":"https:\/\/idihcs.fahce.unlp.edu.ar\/chaya\/wp-json\/wp\/v2\/media?parent=161"}],"curies":[{"name":"wp","href":"https:\/\/api.w.org\/{rel}","templated":true}]}}