{"id":145,"date":"2018-06-19T12:52:52","date_gmt":"2018-06-19T15:52:52","guid":{"rendered":"http:\/\/163.10.30.48\/~posgrado6\/wordpress\/chaya\/?page_id=145"},"modified":"2019-02-21T14:31:46","modified_gmt":"2019-02-21T17:31:46","slug":"publicaciones","status":"publish","type":"page","link":"https:\/\/idihcs.fahce.unlp.edu.ar\/chaya\/publicaciones\/","title":{"rendered":"CHAyA &#8211; Publicaciones"},"content":{"rendered":"<h4 style=\"text-align: center\"><strong><span class=\"link-external\"><a class=\"external-link\" href=\"http:\/\/mundoagrario.unlp.edu.ar\/\" target=\"_blank\" rel=\"noopener\">Revista Mundo Agrario<\/a><\/span><\/strong><\/h4>\n<p>Publicaci\u00f3n peri\u00f3dica del <em>Centro de Historia Argentina y Americana<\/em>, dirigida por la Dra. <a href=\"http:\/\/idihcs.fahce.unlp.edu.ar\/personas\/barcos-maria-fernanda\/\">Fernanda Barcos<\/a>.<\/p>\n<p><em>Mundo Agrario<\/em> integra el\u00a0<a href=\"http:\/\/www.caicyt.gov.ar\/index.php?option=com_content&amp;view=article&amp;id=32&amp;Itemid=119\" target=\"_blank\" rel=\"noopener\">N\u00facleo B\u00e1sico de Revistas Cient\u00edficas Argentinas<\/a>\u00a0(CAICYT-CONICET) y participa del\u00a0<a href=\"http:\/\/www.scielo.org.ar\/\" target=\"_blank\" rel=\"noopener\">Proyecto SciELO<\/a>\u00a0(Scientific Electronic Library Online). Est\u00e1 indizada en:\u00a0<a href=\"http:\/\/www.scopus.com\/\" target=\"_blank\" rel=\"noopener\">Scopus<\/a>, <a href=\"https:\/\/www.ebsco.com\/\">EBSCO<\/a>,\u00a0<a href=\"http:\/\/redalyc.uaemex.mx\/\" target=\"_blank\" rel=\"noopener\">RedALyC<\/a>\u00a0(Red de Revistas Cient\u00edficas de Am\u00e9rica Latina y el Caribe),\u00a0<a href=\"http:\/\/www.doaj.org\/\" target=\"_blank\" rel=\"noopener\">DOAJ<\/a>\u00a0(Directory of Open Access Journals),\u00a0<a href=\"http:\/\/www.dgbiblio.unam.mx\/clase.html\" target=\"_blank\" rel=\"noopener\">CLASE<\/a>\u00a0(Citas Latinoamericanas de Ciencias Sociales y Humanidades),\u00a0<a href=\"http:\/\/dialnet.unirioja.es\/\" target=\"_blank\" rel=\"noopener\">Dialnet<\/a>,\u00a0<a href=\"http:\/\/cdi.mecon.gov.ar\/isiswww\/pppp\/index.html\" target=\"_blank\" rel=\"noopener\">4P<\/a>\u00a0(UNIRED: Proyecto Padrinazgo Publicaciones Peri\u00f3dicas Argentinas). Tambi\u00e9n est\u00e1 incluida en\u00a0<a href=\"http:\/\/www.latindex.unam.mx\/\" target=\"_blank\" rel=\"noopener\">LATINDEX<\/a>\u00a0Nivel I-Cat\u00e1logo (Sistema Regional de Informaci\u00f3n en L\u00ednea para Revistas Cient\u00edficas de Am\u00e9rica Latina, el Caribe, Espa\u00f1a y Portugal),\u00a0<a href=\"http:\/\/www.ulrichsweb.com\/ulrichsweb\/\" target=\"_blank\" rel=\"noopener\">Ulrich\u2019s Periodicals Directory<\/a> y <a href=\"http:\/\/www.alasred.org\/\">RevistALAS<\/a>.<\/p>\n<p><em>Mundo Agrario<\/em> es una de las revistas \u201cDestacadas\u201d por los investigadores de CONICET en la Encuesta de Revistas en Ciencias Sociales, 2004, CONICET, Centro Redes, (<a href=\"http:\/\/www.centroredes.org.ar\/\" target=\"_blank\" rel=\"noopener\">www.centroredes.org.ar\/<\/a>).<\/p>\n<p>&nbsp;<\/p>\n<h4 style=\"text-align: center\"><strong><span class=\"link-external\"><a class=\"external-link\" href=\"http:\/\/www.anuarioiha.fahce.unlp.edu.ar\/\" target=\"_blank\" rel=\"noopener\">Anuario del Instituto de Historia Argentina<\/a><\/span><\/strong><\/h4>\n<p>Publicaci\u00f3n peri\u00f3dica del <em>Centro de Historia Argentina y Americana<\/em>, dirigida por el Dr. <a href=\"http:\/\/idihcs.fahce.unlp.edu.ar\/personas\/reitano-emir\/\">Emir Reitano<\/a>.<\/p>\n<p>El <em>Anuario<\/em> integra el <a href=\"http:\/\/www.caicyt-conicet.gov.ar\/sitio\/\">N\u00facleo B\u00e1sico de Revistas Cient\u00edficas Argentinas<\/a> (CAICYT-CONICET). Est\u00e1 indizada en: <a href=\"https:\/\/www.ebsco.com\/\">EBSCO<\/a>, <a href=\"http:\/\/www.dgbiblio.unam.mx\/clase.html\">CLASE<\/a> (Citas Latinoamericanas de Ciencias Sociales y Humanidades), <a href=\"https:\/\/dialnet.unirioja.es\/\">Dialnet<\/a>, <a href=\"http:\/\/cdi.mecon.gov.ar\/isiswww\/pppp\/index.html\">4P<\/a> (UNIRED: Proyecto Padrinazgo Publicaciones Peri\u00f3dicas Argentinas) y <a href=\"http:\/\/www.latam-studies.com\/UNLP-Anuario.html\">LatAm Studies<\/a>. Tambi\u00e9n est\u00e1 incluida en <a href=\"http:\/\/www.latindex.unam.mx\/latindex\/inicio\">LATINDEX<\/a> Nivel I-Cat\u00e1logo (Sistema Regional de Informaci\u00f3n en L\u00ednea para Revistas Cient\u00edficas de Am\u00e9rica Latina, el Caribe, Espa\u00f1a y Portugal), <a href=\"http:\/\/ulrichsweb.serialssolutions.com\/login\">Ulrich\u2019s Periodicals Directory<\/a> y <a href=\"http:\/\/www.alasred.org\/\">RevistALAS<\/a>.<\/p>\n<p>&nbsp;<\/p>\n<p><strong>Monograf\u00edas y colecciones<\/strong><\/p>\n<div class=\"titulo_text\">\n<p><span class=\"link-external\"><a href=\"http:\/\/www.publicaciones.fahce.unlp.edu.ar\/cgi-bin\/wwwisis\/wwwi32.exe\/[in=bibhuma\/mfnpub.in]?%5Et6200=002108&amp;%5Et7100=publi&amp;=v7110&amp;expbool%5Et7000=TD=MONOTOTAL*DE=HISTORIA*FE=POS1990\" target=\"_blank\" rel=\"noopener\">Claudio Panella. <em>La Ley de aduana de 1836 y su incidencia en las provincias: Un aspecto de la econom\u00eda rosista<\/em>. La Plata: UNLP-FAHCE. Instituto de Historia Argentina, 2000<\/a><\/span><\/p>\n<p><span class=\"link-external\"><a href=\"http:\/\/www.publicaciones.fahce.unlp.edu.ar\/cgi-bin\/wwwisis\/wwwi32.exe\/[in=bibhuma\/mfnpub.in]?%5Et6200=000777&amp;%5Et7100=publi&amp;=v7110&amp;expbool%5Et7000=TD=MONOTOTAL*DE=HISTORIA*FE=POS1990\" target=\"_blank\" rel=\"noopener\">Fernando Enrique Barba; Marcelo Coll C\u00e1rdenas; Claudio Panella. <em>Temas de historia argentina II<\/em>, La Plata: UNLP. FAHCE, 1997, Estudios-Investigaciones; 31<\/a><\/span><\/p>\n<p><span class=\"link-external\"><a href=\"http:\/\/www.publicaciones.fahce.unlp.edu.ar\/cgi-bin\/wwwisis\/wwwi32.exe\/[in=bibhuma\/mfnpub.in]?%5Et6200=000776&amp;%5Et7100=publi&amp;=v7110&amp;expbool%5Et7000=TD=MONOTOTAL*DE=HISTORIA*FE=POS1990\" target=\"_blank\" rel=\"noopener\">Fernando Enrique Barba.\u00a0<em>Frontera ganadera y guerra con el indio durante el Siglo XVIII<\/em>. La Plata: UNLP-FAHCE, 1995, Estudios-Investigaciones; 25<\/a><\/span><\/p>\n<\/div>\n<p><span class=\"link-external\"><a href=\"http:\/\/salton2.fahce.unlp.edu.ar\/cgi-bin\/wwwisis\/wwwi32.exe\/%5Bin=bibhuma\/revista.in%5D?pagcien%5Et6100=0&amp;h2%5Et5002=100&amp;h1%5Et5001=1&amp;%5Et7100=publi&amp;expbool%5Et7000=PZ=TEMAS%20DE%20HISTORIA%20ARGENTINA%20I\" target=\"_blank\" rel=\"noopener\"><em>Temas de historia argentina I<\/em>. La Plata: UNLP-FAHCE, 1994, Estudios-Investigaciones; 16<\/a><\/span><\/p>\n","protected":false},"excerpt":{"rendered":"<p>Revista Mundo Agrario Publicaci\u00f3n peri\u00f3dica del Centro de Historia Argentina y Americana, dirigida por la Dra. Fernanda Barcos. Mundo Agrario integra el\u00a0N\u00facleo B\u00e1sico de Revistas Cient\u00edficas Argentinas\u00a0(CAICYT-CONICET) y participa del\u00a0Proyecto SciELO\u00a0(Scientific Electronic Library Online). Est\u00e1 indizada en:\u00a0Scopus, EBSCO,\u00a0RedALyC\u00a0(Red de Revistas Cient\u00edficas de Am\u00e9rica Latina y el Caribe),\u00a0DOAJ\u00a0(Directory of Open Access Journals),\u00a0CLASE\u00a0(Citas Latinoamericanas de Ciencias Sociales [&hellip;]<\/p>\n","protected":false},"author":2,"featured_media":224,"parent":0,"menu_order":0,"comment_status":"closed","ping_status":"closed","template":"page-ui.php","meta":{"_themeisle_gutenberg_block_has_review":false,"footnotes":""},"class_list":["post-145","page","type-page","status-publish","has-post-thumbnail","hentry"],"acf":[],"rttpg_featured_image_url":{"full":["https:\/\/idihcs.fahce.unlp.edu.ar\/chaya\/wp-content\/uploads\/sites\/11\/2018\/06\/banner-chaya.jpg",696,81,false],"landscape":["https:\/\/idihcs.fahce.unlp.edu.ar\/chaya\/wp-content\/uploads\/sites\/11\/2018\/06\/banner-chaya.jpg",696,81,false],"portraits":["https:\/\/idihcs.fahce.unlp.edu.ar\/chaya\/wp-content\/uploads\/sites\/11\/2018\/06\/banner-chaya.jpg",696,81,false],"thumbnail":["https:\/\/idihcs.fahce.unlp.edu.ar\/chaya\/wp-content\/uploads\/sites\/11\/2018\/06\/banner-chaya-150x81.jpg",150,81,true],"medium":["https:\/\/idihcs.fahce.unlp.edu.ar\/chaya\/wp-content\/uploads\/sites\/11\/2018\/06\/banner-chaya-300x35.jpg",300,35,true],"large":["https:\/\/idihcs.fahce.unlp.edu.ar\/chaya\/wp-content\/uploads\/sites\/11\/2018\/06\/banner-chaya.jpg",696,81,false],"1536x1536":["https:\/\/idihcs.fahce.unlp.edu.ar\/chaya\/wp-content\/uploads\/sites\/11\/2018\/06\/banner-chaya.jpg",696,81,false],"2048x2048":["https:\/\/idihcs.fahce.unlp.edu.ar\/chaya\/wp-content\/uploads\/sites\/11\/2018\/06\/banner-chaya.jpg",696,81,false],"td_80x60":["https:\/\/idihcs.fahce.unlp.edu.ar\/chaya\/wp-content\/uploads\/sites\/11\/2018\/06\/banner-chaya-80x60.jpg",80,60,true],"td_100x70":["https:\/\/idihcs.fahce.unlp.edu.ar\/chaya\/wp-content\/uploads\/sites\/11\/2018\/06\/banner-chaya-100x70.jpg",100,70,true],"td_218x150":["https:\/\/idihcs.fahce.unlp.edu.ar\/chaya\/wp-content\/uploads\/sites\/11\/2018\/06\/banner-chaya-218x81.jpg",218,81,true],"td_265x198":["https:\/\/idihcs.fahce.unlp.edu.ar\/chaya\/wp-content\/uploads\/sites\/11\/2018\/06\/banner-chaya-265x81.jpg",265,81,true],"td_324x160":["https:\/\/idihcs.fahce.unlp.edu.ar\/chaya\/wp-content\/uploads\/sites\/11\/2018\/06\/banner-chaya-324x81.jpg",324,81,true],"td_324x235":["https:\/\/idihcs.fahce.unlp.edu.ar\/chaya\/wp-content\/uploads\/sites\/11\/2018\/06\/banner-chaya-324x81.jpg",324,81,true],"td_324x400":["https:\/\/idihcs.fahce.unlp.edu.ar\/chaya\/wp-content\/uploads\/sites\/11\/2018\/06\/banner-chaya-324x81.jpg",324,81,true],"td_356x220":["https:\/\/idihcs.fahce.unlp.edu.ar\/chaya\/wp-content\/uploads\/sites\/11\/2018\/06\/banner-chaya-356x81.jpg",356,81,true],"td_356x364":["https:\/\/idihcs.fahce.unlp.edu.ar\/chaya\/wp-content\/uploads\/sites\/11\/2018\/06\/banner-chaya-356x81.jpg",356,81,true],"td_485x360":["https:\/\/idihcs.fahce.unlp.edu.ar\/chaya\/wp-content\/uploads\/sites\/11\/2018\/06\/banner-chaya-485x81.jpg",485,81,true],"td_533x261":["https:\/\/idihcs.fahce.unlp.edu.ar\/chaya\/wp-content\/uploads\/sites\/11\/2018\/06\/banner-chaya-533x81.jpg",533,81,true],"td_534x462":["https:\/\/idihcs.fahce.unlp.edu.ar\/chaya\/wp-content\/uploads\/sites\/11\/2018\/06\/banner-chaya-534x81.jpg",534,81,true],"td_696x0":["https:\/\/idihcs.fahce.unlp.edu.ar\/chaya\/wp-content\/uploads\/sites\/11\/2018\/06\/banner-chaya-696x81.jpg",696,81,true],"td_696x385":["https:\/\/idihcs.fahce.unlp.edu.ar\/chaya\/wp-content\/uploads\/sites\/11\/2018\/06\/banner-chaya-696x81.jpg",696,81,true],"td_741x486":["https:\/\/idihcs.fahce.unlp.edu.ar\/chaya\/wp-content\/uploads\/sites\/11\/2018\/06\/banner-chaya.jpg",696,81,false],"td_1068x580":["https:\/\/idihcs.fahce.unlp.edu.ar\/chaya\/wp-content\/uploads\/sites\/11\/2018\/06\/banner-chaya.jpg",696,81,false],"td_1068x0":["https:\/\/idihcs.fahce.unlp.edu.ar\/chaya\/wp-content\/uploads\/sites\/11\/2018\/06\/banner-chaya.jpg",696,81,false],"td_0x420":["https:\/\/idihcs.fahce.unlp.edu.ar\/chaya\/wp-content\/uploads\/sites\/11\/2018\/06\/banner-chaya.jpg",696,81,false],"td_1920x0":["https:\/\/idihcs.fahce.unlp.edu.ar\/chaya\/wp-content\/uploads\/sites\/11\/2018\/06\/banner-chaya.jpg",696,81,false],"rt_custom":["https:\/\/idihcs.fahce.unlp.edu.ar\/chaya\/wp-content\/uploads\/sites\/11\/2018\/06\/banner-chaya.jpg",696,81,false]},"rttpg_author":{"display_name":"ggchicote","author_link":"https:\/\/idihcs.fahce.unlp.edu.ar\/chaya\/author\/ggchicote\/"},"rttpg_comment":0,"rttpg_category":null,"rttpg_excerpt":"Revista Mundo Agrario Publicaci\u00f3n peri\u00f3dica del Centro de Historia Argentina y Americana, dirigida por la Dra. Fernanda Barcos. Mundo Agrario integra el\u00a0N\u00facleo B\u00e1sico de Revistas Cient\u00edficas Argentinas\u00a0(CAICYT-CONICET) y participa del\u00a0Proyecto SciELO\u00a0(Scientific Electronic Library Online). Est\u00e1 indizada en:\u00a0Scopus, EBSCO,\u00a0RedALyC\u00a0(Red de Revistas Cient\u00edficas de Am\u00e9rica Latina y el Caribe),\u00a0DOAJ\u00a0(Directory of Open Access Journals),\u00a0CLASE\u00a0(Citas Latinoamericanas de Ciencias Sociales&hellip;","_links":{"self":[{"href":"https:\/\/idihcs.fahce.unlp.edu.ar\/chaya\/wp-json\/wp\/v2\/pages\/145","targetHints":{"allow":["GET"]}}],"collection":[{"href":"https:\/\/idihcs.fahce.unlp.edu.ar\/chaya\/wp-json\/wp\/v2\/pages"}],"about":[{"href":"https:\/\/idihcs.fahce.unlp.edu.ar\/chaya\/wp-json\/wp\/v2\/types\/page"}],"author":[{"embeddable":true,"href":"https:\/\/idihcs.fahce.unlp.edu.ar\/chaya\/wp-json\/wp\/v2\/users\/2"}],"replies":[{"embeddable":true,"href":"https:\/\/idihcs.fahce.unlp.edu.ar\/chaya\/wp-json\/wp\/v2\/comments?post=145"}],"version-history":[{"count":6,"href":"https:\/\/idihcs.fahce.unlp.edu.ar\/chaya\/wp-json\/wp\/v2\/pages\/145\/revisions"}],"predecessor-version":[{"id":1358,"href":"https:\/\/idihcs.fahce.unlp.edu.ar\/chaya\/wp-json\/wp\/v2\/pages\/145\/revisions\/1358"}],"wp:featuredmedia":[{"embeddable":true,"href":"https:\/\/idihcs.fahce.unlp.edu.ar\/chaya\/wp-json\/wp\/v2\/media\/224"}],"wp:attachment":[{"href":"https:\/\/idihcs.fahce.unlp.edu.ar\/chaya\/wp-json\/wp\/v2\/media?parent=145"}],"curies":[{"name":"wp","href":"https:\/\/api.w.org\/{rel}","templated":true}]}}