{"id":98,"date":"2018-06-17T23:15:21","date_gmt":"2018-06-18T02:15:21","guid":{"rendered":"http:\/\/163.10.30.48\/~posgrado6\/wordpress\/cesp\/?page_id=98"},"modified":"2025-12-03T10:09:32","modified_gmt":"2025-12-03T13:09:32","slug":"presentacion","status":"publish","type":"page","link":"https:\/\/idihcs.fahce.unlp.edu.ar\/cesp\/","title":{"rendered":"CESP &#8211; Presentaci\u00f3n"},"content":{"rendered":"\n<p class=\"has-text-align-left\">El objetivo del centro es fomentar la investigaci\u00f3n y la discusi\u00f3n cr\u00edtica sobre diferentes aspectos de la g\u00e9nesis, morfolg\u00eda y din\u00e1mica de las estructuras sociales anteriores al desarrollo del capitalismo. Esto incluye el an\u00e1lisis de los elementos socio-econ\u00f3micos, pol\u00edticos e ideol\u00f3gicos expresados a trav\u00e9s de diversos aspectos, tales como los mecanismos de explotaci\u00f3n social, las formas concretas del ejercicio del poder pol\u00edtico, los v\u00ednculos de dependencia, as\u00ed como las expresiones religiosas y culturales, entre otros. <\/p>\n\n\n\n<p class=\"has-text-align-left\">Las instalaciones del CESP est\u00e1n disponibles para optimizar el trabajo de los investigadores que lo constituyen, mejorar sus capacidades para la obtenci\u00f3n de recursos para volcar a la investigaci\u00f3n, y contribuir a la elaboraci\u00f3n de objetivos colectivos a trav\u00e9s de su asociaci\u00f3n. Estos se expresan en proyectos comunes de trabajo, como la organizaci\u00f3n de actividades cient\u00edficas colectivas, en particular congresos y conferencias, a la vez que actividades de transferencia y difusi\u00f3n. <\/p>\n\n\n\n<p class=\"has-text-align-left\">El CESP es responsable de la edici\u00f3n de la revista cient\u00edfica\u00a0Sociedades Precapitalistas, que publica investigaciones sobre la antig\u00fcedad oriental y grecolatina, la Europa medieval y moderna, as\u00ed como la Am\u00e9rica precolombina y colonial, con un enfoque particular en los an\u00e1lisis comparativos.<\/p>\n","protected":false},"excerpt":{"rendered":"<p>El objetivo del centro es fomentar la investigaci\u00f3n y la discusi\u00f3n cr\u00edtica sobre diferentes aspectos de la g\u00e9nesis, morfolg\u00eda y din\u00e1mica de las estructuras sociales anteriores al desarrollo del capitalismo. Esto incluye el an\u00e1lisis de los elementos socio-econ\u00f3micos, pol\u00edticos e ideol\u00f3gicos expresados a trav\u00e9s de diversos aspectos, tales como los mecanismos de explotaci\u00f3n social, las [&hellip;]<\/p>\n","protected":false},"author":2,"featured_media":174,"parent":0,"menu_order":0,"comment_status":"closed","ping_status":"closed","template":"page-ui.php","meta":{"_themeisle_gutenberg_block_has_review":false,"footnotes":""},"class_list":["post-98","page","type-page","status-publish","has-post-thumbnail","hentry"],"acf":[],"rttpg_featured_image_url":{"full":["https:\/\/idihcs.fahce.unlp.edu.ar\/cesp\/wp-content\/uploads\/sites\/6\/2018\/06\/banner-cesp.jpg",696,81,false],"landscape":["https:\/\/idihcs.fahce.unlp.edu.ar\/cesp\/wp-content\/uploads\/sites\/6\/2018\/06\/banner-cesp.jpg",696,81,false],"portraits":["https:\/\/idihcs.fahce.unlp.edu.ar\/cesp\/wp-content\/uploads\/sites\/6\/2018\/06\/banner-cesp.jpg",696,81,false],"thumbnail":["https:\/\/idihcs.fahce.unlp.edu.ar\/cesp\/wp-content\/uploads\/sites\/6\/2018\/06\/banner-cesp-150x81.jpg",150,81,true],"medium":["https:\/\/idihcs.fahce.unlp.edu.ar\/cesp\/wp-content\/uploads\/sites\/6\/2018\/06\/banner-cesp-300x35.jpg",300,35,true],"large":["https:\/\/idihcs.fahce.unlp.edu.ar\/cesp\/wp-content\/uploads\/sites\/6\/2018\/06\/banner-cesp.jpg",696,81,false],"1536x1536":["https:\/\/idihcs.fahce.unlp.edu.ar\/cesp\/wp-content\/uploads\/sites\/6\/2018\/06\/banner-cesp.jpg",696,81,false],"2048x2048":["https:\/\/idihcs.fahce.unlp.edu.ar\/cesp\/wp-content\/uploads\/sites\/6\/2018\/06\/banner-cesp.jpg",696,81,false],"td_80x60":["https:\/\/idihcs.fahce.unlp.edu.ar\/cesp\/wp-content\/uploads\/sites\/6\/2018\/06\/banner-cesp-80x60.jpg",80,60,true],"td_100x70":["https:\/\/idihcs.fahce.unlp.edu.ar\/cesp\/wp-content\/uploads\/sites\/6\/2018\/06\/banner-cesp-100x70.jpg",100,70,true],"td_218x150":["https:\/\/idihcs.fahce.unlp.edu.ar\/cesp\/wp-content\/uploads\/sites\/6\/2018\/06\/banner-cesp-218x81.jpg",218,81,true],"td_265x198":["https:\/\/idihcs.fahce.unlp.edu.ar\/cesp\/wp-content\/uploads\/sites\/6\/2018\/06\/banner-cesp-265x81.jpg",265,81,true],"td_324x160":["https:\/\/idihcs.fahce.unlp.edu.ar\/cesp\/wp-content\/uploads\/sites\/6\/2018\/06\/banner-cesp-324x81.jpg",324,81,true],"td_324x235":["https:\/\/idihcs.fahce.unlp.edu.ar\/cesp\/wp-content\/uploads\/sites\/6\/2018\/06\/banner-cesp-324x81.jpg",324,81,true],"td_324x400":["https:\/\/idihcs.fahce.unlp.edu.ar\/cesp\/wp-content\/uploads\/sites\/6\/2018\/06\/banner-cesp-324x81.jpg",324,81,true],"td_356x220":["https:\/\/idihcs.fahce.unlp.edu.ar\/cesp\/wp-content\/uploads\/sites\/6\/2018\/06\/banner-cesp-356x81.jpg",356,81,true],"td_356x364":["https:\/\/idihcs.fahce.unlp.edu.ar\/cesp\/wp-content\/uploads\/sites\/6\/2018\/06\/banner-cesp-356x81.jpg",356,81,true],"td_485x360":["https:\/\/idihcs.fahce.unlp.edu.ar\/cesp\/wp-content\/uploads\/sites\/6\/2018\/06\/banner-cesp-485x81.jpg",485,81,true],"td_533x261":["https:\/\/idihcs.fahce.unlp.edu.ar\/cesp\/wp-content\/uploads\/sites\/6\/2018\/06\/banner-cesp-533x81.jpg",533,81,true],"td_534x462":["https:\/\/idihcs.fahce.unlp.edu.ar\/cesp\/wp-content\/uploads\/sites\/6\/2018\/06\/banner-cesp-534x81.jpg",534,81,true],"td_696x0":["https:\/\/idihcs.fahce.unlp.edu.ar\/cesp\/wp-content\/uploads\/sites\/6\/2018\/06\/banner-cesp-696x81.jpg",696,81,true],"td_696x385":["https:\/\/idihcs.fahce.unlp.edu.ar\/cesp\/wp-content\/uploads\/sites\/6\/2018\/06\/banner-cesp-696x81.jpg",696,81,true],"td_741x486":["https:\/\/idihcs.fahce.unlp.edu.ar\/cesp\/wp-content\/uploads\/sites\/6\/2018\/06\/banner-cesp.jpg",696,81,false],"td_1068x580":["https:\/\/idihcs.fahce.unlp.edu.ar\/cesp\/wp-content\/uploads\/sites\/6\/2018\/06\/banner-cesp.jpg",696,81,false],"td_1068x0":["https:\/\/idihcs.fahce.unlp.edu.ar\/cesp\/wp-content\/uploads\/sites\/6\/2018\/06\/banner-cesp.jpg",696,81,false],"td_0x420":["https:\/\/idihcs.fahce.unlp.edu.ar\/cesp\/wp-content\/uploads\/sites\/6\/2018\/06\/banner-cesp.jpg",696,81,false],"td_1920x0":["https:\/\/idihcs.fahce.unlp.edu.ar\/cesp\/wp-content\/uploads\/sites\/6\/2018\/06\/banner-cesp.jpg",696,81,false],"rt_custom":["https:\/\/idihcs.fahce.unlp.edu.ar\/cesp\/wp-content\/uploads\/sites\/6\/2018\/06\/banner-cesp.jpg",696,81,false]},"rttpg_author":{"display_name":"ggchicote","author_link":"https:\/\/idihcs.fahce.unlp.edu.ar\/cesp\/author\/ggchicote\/"},"rttpg_comment":0,"rttpg_category":null,"rttpg_excerpt":"El objetivo del centro es fomentar la investigaci\u00f3n y la discusi\u00f3n cr\u00edtica sobre diferentes aspectos de la g\u00e9nesis, morfolg\u00eda y din\u00e1mica de las estructuras sociales anteriores al desarrollo del capitalismo. Esto incluye el an\u00e1lisis de los elementos socio-econ\u00f3micos, pol\u00edticos e ideol\u00f3gicos expresados a trav\u00e9s de diversos aspectos, tales como los mecanismos de explotaci\u00f3n social, las&hellip;","_links":{"self":[{"href":"https:\/\/idihcs.fahce.unlp.edu.ar\/cesp\/wp-json\/wp\/v2\/pages\/98","targetHints":{"allow":["GET"]}}],"collection":[{"href":"https:\/\/idihcs.fahce.unlp.edu.ar\/cesp\/wp-json\/wp\/v2\/pages"}],"about":[{"href":"https:\/\/idihcs.fahce.unlp.edu.ar\/cesp\/wp-json\/wp\/v2\/types\/page"}],"author":[{"embeddable":true,"href":"https:\/\/idihcs.fahce.unlp.edu.ar\/cesp\/wp-json\/wp\/v2\/users\/2"}],"replies":[{"embeddable":true,"href":"https:\/\/idihcs.fahce.unlp.edu.ar\/cesp\/wp-json\/wp\/v2\/comments?post=98"}],"version-history":[{"count":9,"href":"https:\/\/idihcs.fahce.unlp.edu.ar\/cesp\/wp-json\/wp\/v2\/pages\/98\/revisions"}],"predecessor-version":[{"id":788,"href":"https:\/\/idihcs.fahce.unlp.edu.ar\/cesp\/wp-json\/wp\/v2\/pages\/98\/revisions\/788"}],"wp:featuredmedia":[{"embeddable":true,"href":"https:\/\/idihcs.fahce.unlp.edu.ar\/cesp\/wp-json\/wp\/v2\/media\/174"}],"wp:attachment":[{"href":"https:\/\/idihcs.fahce.unlp.edu.ar\/cesp\/wp-json\/wp\/v2\/media?parent=98"}],"curies":[{"name":"wp","href":"https:\/\/api.w.org\/{rel}","templated":true}]}}