{"id":145,"date":"2018-06-19T12:52:52","date_gmt":"2018-06-19T15:52:52","guid":{"rendered":"http:\/\/163.10.30.48\/~posgrado6\/wordpress\/cesp\/?page_id=145"},"modified":"2025-02-23T12:59:13","modified_gmt":"2025-02-23T15:59:13","slug":"leset-publicaciones","status":"publish","type":"page","link":"https:\/\/idihcs.fahce.unlp.edu.ar\/cesp\/leset-publicaciones\/","title":{"rendered":"CESP &#8211; Publicaciones"},"content":{"rendered":"<p><strong><a href=\"https:\/\/idihcs.fahce.unlp.edu.ar\/cesp\/nueva-publicacion-del-dr-mariano-splendido\/\"><span style=\"color: #339966\">Nueva publicaci\u00f3n del Dr. Mariano Spl\u00e9ndido<\/span><\/a><\/strong><\/p>\n<p><strong><a href=\"https:\/\/idihcs.fahce.unlp.edu.ar\/cesp\/los-estatutos-medievales-de-la-catedral-estudio-y-transcripcion\/\"><span style=\"color: #339966\">\u201cLos estatutos medievales de la Catedral: estudio y transcripci\u00f3n\u201d<\/span><\/a><\/strong><\/p>\n<p><span style=\"color: #339966\"><a style=\"color: #339966\" href=\"https:\/\/idihcs.fahce.unlp.edu.ar\/cesp\/las-elites-en-las-sociedades-mediterraneas-precapitalistas\/\"><strong>Nuevo libro: <i>Las \u00e9lites en las sociedades mediterr\u00e1neas precapitalistas <\/i>(comp. C. Garc\u00eda Mac Gaw)<\/strong><\/a><\/span><\/p>\n<p><span style=\"color: #339966\"><a style=\"color: #339966\" href=\"https:\/\/idihcs.fahce.unlp.edu.ar\/cesp\/nuevo-articulo-de-la-dra-laura-da-graca\/\" target=\"_blank\" rel=\"noopener\"><strong>Art\u00edculo reciente de la Dra. Laura da Graca<\/strong><\/a><\/span><\/p>\n<p><span style=\"color: #339966\"><a style=\"color: #339966\" href=\"https:\/\/idihcs.fahce.unlp.edu.ar\/cesp\/nuevo-libro-desigualdades-antiguas-economia-cultura-y-sociedad-en-el-oriente-medio-y-el-mediterraneo\/?preview_id=576&amp;preview_nonce=c617a89a18&amp;preview=true&amp;_thumbnail_id=580\" target=\"_blank\" rel=\"noopener\"><strong>Nuevo libro: Desigualdades antiguas. Econom\u00eda, cultura y sociedad en el Oriente Medio y el Mediterr\u00e1neo<\/strong><\/a><\/span><\/p>\n<p><span style=\"color: #339966\"><a style=\"color: #339966\" href=\"https:\/\/idihcs.fahce.unlp.edu.ar\/cesp\/actas-capitulares-de-la-catedral-de-salamanca-11298-1404-estudio-y-transcripcion\/\" target=\"_blank\" rel=\"noopener\"><strong><em>Actas capitulares Vol. 1 (1298-1404)<\/em><\/strong><\/a><\/span><\/p>\n<p><span style=\"color: #339966\"><a style=\"color: #339966\" href=\"https:\/\/idihcs.fahce.unlp.edu.ar\/cesp\/pasado-y-presente-del-estado-feudal-por-el-dr-astarita\/\"><strong>Nueva colaboraci\u00f3n del Dr. Astarita<\/strong><\/a><\/span><\/p>\n<p><span style=\"color: #339966\"><strong><a style=\"color: #339966\" href=\"https:\/\/idihcs.fahce.unlp.edu.ar\/cesp\/articulo-de-carla-cimino\/\" target=\"_blank\" rel=\"noopener\">Art\u00edculo reciente de la Dra. Carla Cimino<\/a><\/strong><\/span><\/p>\n<p><span style=\"color: #339966\"><a style=\"color: #339966\" href=\"https:\/\/idihcs.fahce.unlp.edu.ar\/cesp\/a-new-family-to-the-anoc-groups-a-study-of-stelae-cg-20077-and-cg-20098\/\"><strong>Art\u00edculo reciente del Dr. Pablo Rosell<\/strong><\/a><\/span><\/p>\n<p><span style=\"color: #339966\"><a style=\"color: #339966\" href=\"http:\/\/idihcs.fahce.unlp.edu.ar\/cesp\/articulos-del-dr-mariano-splendido\/\" target=\"_blank\" rel=\"noopener\"><strong>Publicaciones recientes del Dr. Mariano Splendido<\/strong><\/a><\/span><\/p>\n<p><span style=\"color: #339966\"><a style=\"color: #339966\" href=\"http:\/\/idihcs.fahce.unlp.edu.ar\/cesp\/publicaciones-recientes-del-dr-carlos-garcia-mac-gaw\/\" target=\"_blank\" rel=\"noopener\"><strong>Publicaciones recientes del Dr. Carlos Garc\u00eda Mac Gaw<\/strong><\/a><\/span><\/p>\n<p><span style=\"color: #339966\"><strong><a style=\"color: #339966\" href=\"https:\/\/www.sociedadesprecapitalistas.fahce.unlp.edu.ar\/article\/view\/SPe052\" target=\"_blank\" rel=\"noopener\">Nuevo estudio bibliogr\u00e1fico del libro de Carlos Astarita &#8220;Revoluci\u00f3n en el burgo&#8221; realizado por nuestra investigadora la Dra. Laura da Graca.\u00a0<\/a><\/strong><\/span><\/p>\n<p><span style=\"color: #339966\"><strong><a style=\"color: #339966\" href=\"http:\/\/idihcs.fahce.unlp.edu.ar\/cesp\/publicaciones-de-la-dra-leila-salem\/\" target=\"_blank\" rel=\"noopener\">Publicaciones recientes de la Dra. Leila Salem<\/a><\/strong><\/span><\/p>\n<p><span style=\"color: #339966\"><a style=\"color: #339966\" href=\"http:\/\/idihcs.fahce.unlp.edu.ar\/cesp\/carla-cimino-los\u2026sa-del-siglo-xii\/\" target=\"_blank\" rel=\"noopener\"><strong>Nuevo art\u00edculo de Carla Cimino: &#8220;<span class=\"titulo\">Los obispos y la aristocracia local:\u00a0<\/span><span class=\"subtitulo\">las posibilidades del patronazgo eclesi\u00e1stico en la Extremadura leonesa del siglo XII&#8221;.<\/span><\/strong><\/a><\/span><\/p>\n<p><span style=\"color: #339966\"><strong><a style=\"color: #339966\" href=\"http:\/\/idihcs.fahce.unlp.edu.ar\/cesp\/resena-del-libro-de-carlos-barros-realizada-por-el-dr-carlos-astarita\/\">Rese\u00f1a del nuevo libro de Carlos Barros por el Dr. Carlos Astarita<\/a><\/strong><\/span><\/p>\n<p><span style=\"color: #339966\"><strong><a style=\"color: #339966\" href=\"http:\/\/idihcs.fahce.unlp.edu.ar\/cesp\/publicaciones-de-la-dra-maria-belen-castro\/\">Publicaciones recientes de la Dra. Mar\u00eda Bel\u00e9n Castro<\/a><\/strong><\/span><\/p>\n<p><span style=\"color: #339966\"><a style=\"color: #339966\" href=\"http:\/\/idihcs.fahce.unlp.edu.ar\/cesp\/publicaciones-de-la-dra-laura-da-graca\/\"><strong>Publicaciones recientes de la Dra. Laura da Graca<\/strong><\/a><\/span><\/p>\n<p><span style=\"color: #339966\"><strong><a style=\"color: #339966\" href=\"http:\/\/idihcs.fahce.unlp.edu.ar\/cesp\/articulos-del-dr-pablo-rosell\/\">Publicaciones recientes del Dr. Pablo Rosell\u00a0<\/a><\/strong><\/span><\/p>\n<p><span style=\"color: #339966\"><strong><a class=\"row-title\" style=\"color: #339966\" href=\"http:\/\/idihcs.fahce.unlp.edu.ar\/cesp\/carla-cimino-las-iglesias-de-monasterios-en-el-area-zamorana-debates-y-conflictos-en-torno-a-los-derechos-diocesanos-ss-xii-xiii\/\" target=\"_blank\" rel=\"noopener\">Art\u00edculo de\u00a0 Carla Cimino: \u201cLas iglesias de monasterios en el \u00e1rea zamorana. Debates y conflictos en torno a los derechos diocesanos (ss. XII-XIII)\u201d.<\/a><\/strong><\/span><\/p>\n<p><span style=\"color: #339966\"><a style=\"color: #339966\" href=\"http:\/\/idihcs.fahce.unlp.edu.ar\/cesp\/libro-revolucion-en-el-burgo-movimientos-comunales-en-la-edad-media-espana-y-europa-de-carlos-astarita\/\"><strong>Libro de Astarita Carlos:\u00a0<em>Revoluci\u00f3n en el burgo. Movimientos comunales en la Edad Media. Espa\u00f1a y Europa.<\/em><\/strong><\/a><\/span><\/p>\n<p><span style=\"color: #339966\"><strong><a style=\"color: #339966\" href=\"http:\/\/www.memoria.fahce.unlp.edu.ar\/library?a=d&amp;c=libros&amp;d=Jpm659\">Libro de c\u00e1tedra: <em>Conflictos sociales en la Antig\u00fcedad y el feudalismo.\u00a0<\/em><span class=\"metadata-value \"><em>El conflicto social precapitalista<\/em>.\u00a0<span class=\"ds-dc_contributor_author-authority\">Astarita, Carlos Alberto Tom\u00e1s |\u00a0<\/span><span class=\"ds-dc_contributor_author-authority\">Garc\u00eda Mac Gaw, Carlos |\u00a0<\/span><span class=\"ds-dc_contributor_author-authority\">Zingarelli, Andrea Paula, 2017.\u00a0<\/span><\/span><\/a><\/strong><\/span><\/p>\n\n\n<p><\/p>\n","protected":false},"excerpt":{"rendered":"<p>Nueva publicaci\u00f3n del Dr. Mariano Spl\u00e9ndido \u201cLos estatutos medievales de la Catedral: estudio y transcripci\u00f3n\u201d Nuevo libro: Las \u00e9lites en las sociedades mediterr\u00e1neas precapitalistas (comp. C. Garc\u00eda Mac Gaw) Art\u00edculo reciente de la Dra. Laura da Graca Nuevo libro: Desigualdades antiguas. Econom\u00eda, cultura y sociedad en el Oriente Medio y el Mediterr\u00e1neo Actas capitulares Vol. [&hellip;]<\/p>\n","protected":false},"author":2,"featured_media":0,"parent":0,"menu_order":0,"comment_status":"closed","ping_status":"closed","template":"page-ui.php","meta":{"_themeisle_gutenberg_block_has_review":false,"footnotes":""},"class_list":["post-145","page","type-page","status-publish","hentry"],"acf":[],"rttpg_featured_image_url":null,"rttpg_author":{"display_name":"ggchicote","author_link":"https:\/\/idihcs.fahce.unlp.edu.ar\/cesp\/author\/ggchicote\/"},"rttpg_comment":0,"rttpg_category":null,"rttpg_excerpt":"Nueva publicaci\u00f3n del Dr. Mariano Spl\u00e9ndido \u201cLos estatutos medievales de la Catedral: estudio y transcripci\u00f3n\u201d Nuevo libro: Las \u00e9lites en las sociedades mediterr\u00e1neas precapitalistas (comp. C. Garc\u00eda Mac Gaw) Art\u00edculo reciente de la Dra. Laura da Graca Nuevo libro: Desigualdades antiguas. Econom\u00eda, cultura y sociedad en el Oriente Medio y el Mediterr\u00e1neo Actas capitulares Vol.&hellip;","_links":{"self":[{"href":"https:\/\/idihcs.fahce.unlp.edu.ar\/cesp\/wp-json\/wp\/v2\/pages\/145","targetHints":{"allow":["GET"]}}],"collection":[{"href":"https:\/\/idihcs.fahce.unlp.edu.ar\/cesp\/wp-json\/wp\/v2\/pages"}],"about":[{"href":"https:\/\/idihcs.fahce.unlp.edu.ar\/cesp\/wp-json\/wp\/v2\/types\/page"}],"author":[{"embeddable":true,"href":"https:\/\/idihcs.fahce.unlp.edu.ar\/cesp\/wp-json\/wp\/v2\/users\/2"}],"replies":[{"embeddable":true,"href":"https:\/\/idihcs.fahce.unlp.edu.ar\/cesp\/wp-json\/wp\/v2\/comments?post=145"}],"version-history":[{"count":37,"href":"https:\/\/idihcs.fahce.unlp.edu.ar\/cesp\/wp-json\/wp\/v2\/pages\/145\/revisions"}],"predecessor-version":[{"id":748,"href":"https:\/\/idihcs.fahce.unlp.edu.ar\/cesp\/wp-json\/wp\/v2\/pages\/145\/revisions\/748"}],"wp:attachment":[{"href":"https:\/\/idihcs.fahce.unlp.edu.ar\/cesp\/wp-json\/wp\/v2\/media?parent=145"}],"curies":[{"name":"wp","href":"https:\/\/api.w.org\/{rel}","templated":true}]}}