{"id":23,"date":"2018-05-01T16:05:27","date_gmt":"2018-05-01T19:05:27","guid":{"rendered":"http:\/\/163.10.30.48\/~posgrado6\/wordpress\/celylc\/?page_id=23"},"modified":"2024-02-15T11:59:16","modified_gmt":"2024-02-15T14:59:16","slug":"recursos-humanos","status":"publish","type":"page","link":"https:\/\/idihcs.fahce.unlp.edu.ar\/celyc\/recursos-humanos\/","title":{"rendered":"CeLyLC &#8211; Recursos Humanos"},"content":{"rendered":"<p><strong>Investigadorxs formadxs<\/strong><\/p>\n<p>Chiacchio, Cecilia Alejandra<br \/>\nFeatherston, Cristina<br \/>\nFern\u00e1ndez, Silvana Noel\u00ed<br \/>\nMallol, Anah\u00ed Diana<br \/>\nMontezanti, Miguel \u00c1ngel<br \/>\nWamba Gavi\u00f1a, Graciela<\/p>\n<p><strong>Investigadorxs en formaci\u00f3n<\/strong><\/p>\n<p>Aicega, Dolores Guadalupe<br \/>\nCarrettoni, Mar\u00eda Celeste<br \/>\nFern\u00e1ndez Blanco, Valeria<br \/>\nMassano, Mar\u00eda Constanza<br \/>\nPascual, Eugenia<br \/>\nPeluffo, Mercedes Virginia<br \/>\nRafaelli, Ver\u00f3nica<br \/>\nRodriguez, Laura<br \/>\nRubino, Atilio Ra\u00fal<br \/>\nScorians, Erica<br \/>\nVernet, Mercedes<\/p>\n<p><strong>Becarixs<\/strong><\/p>\n<p>L\u00f3pez, Sof\u00eda<br \/>\nOngarini Luc\u00eda<br \/>\nSpoturno Ghermandi, Camila<br \/>\nRodr\u00edguez, Valentina<br \/>\nSchierenbeck, Tom\u00e1s<\/p>\n<p><strong>Tesistxs<\/strong><\/p>\n<p>Capalbi, Luc\u00eda<br \/>\nCotroneo, Vanesa<br \/>\nFeinstein, Sofia<br \/>\nLedesma Agustina<br \/>\nMu\u00f1oz, Gabriela<\/p>\n<p><strong>Integrantes de proyectos de investigaci\u00f3n del Centro<\/strong><\/p>\n<p>Castro Daniela<br \/>\nNicolau, Erika Natalia<br \/>\nSaxe Facundo<br \/>\nSchwab Bonfigli Micaela<br \/>\nUngaro, Ail\u00e9n<br \/>\nYa\u00f1ez Lizasoain Camila<\/p>\n<p><strong>Colaboradorxs<\/strong><\/p>\n<p>Gagliardi Lucas<br \/>\nKirsch Pfeifer, Caroline<\/p>\n","protected":false},"excerpt":{"rendered":"<p>Investigadorxs formadxs Chiacchio, Cecilia Alejandra Featherston, Cristina Fern\u00e1ndez, Silvana Noel\u00ed Mallol, Anah\u00ed Diana Montezanti, Miguel \u00c1ngel Wamba Gavi\u00f1a, Graciela Investigadorxs en formaci\u00f3n Aicega, Dolores Guadalupe Carrettoni, Mar\u00eda Celeste Fern\u00e1ndez Blanco, Valeria Massano, Mar\u00eda Constanza Pascual, Eugenia Peluffo, Mercedes Virginia Rafaelli, Ver\u00f3nica Rodriguez, Laura Rubino, Atilio Ra\u00fal Scorians, Erica Vernet, Mercedes Becarixs L\u00f3pez, Sof\u00eda Ongarini Luc\u00eda [&hellip;]<\/p>\n","protected":false},"author":2,"featured_media":169,"parent":0,"menu_order":0,"comment_status":"closed","ping_status":"closed","template":"page-ui.php","meta":{"_themeisle_gutenberg_block_has_review":false,"footnotes":""},"class_list":["post-23","page","type-page","status-publish","has-post-thumbnail","hentry"],"acf":[],"rttpg_featured_image_url":{"full":["https:\/\/idihcs.fahce.unlp.edu.ar\/celyc\/wp-content\/uploads\/sites\/5\/2018\/06\/celylc.jpg",696,81,false],"landscape":["https:\/\/idihcs.fahce.unlp.edu.ar\/celyc\/wp-content\/uploads\/sites\/5\/2018\/06\/celylc.jpg",696,81,false],"portraits":["https:\/\/idihcs.fahce.unlp.edu.ar\/celyc\/wp-content\/uploads\/sites\/5\/2018\/06\/celylc.jpg",696,81,false],"thumbnail":["https:\/\/idihcs.fahce.unlp.edu.ar\/celyc\/wp-content\/uploads\/sites\/5\/2018\/06\/celylc-150x81.jpg",150,81,true],"medium":["https:\/\/idihcs.fahce.unlp.edu.ar\/celyc\/wp-content\/uploads\/sites\/5\/2018\/06\/celylc-300x35.jpg",300,35,true],"large":["https:\/\/idihcs.fahce.unlp.edu.ar\/celyc\/wp-content\/uploads\/sites\/5\/2018\/06\/celylc.jpg",696,81,false],"1536x1536":["https:\/\/idihcs.fahce.unlp.edu.ar\/celyc\/wp-content\/uploads\/sites\/5\/2018\/06\/celylc.jpg",696,81,false],"2048x2048":["https:\/\/idihcs.fahce.unlp.edu.ar\/celyc\/wp-content\/uploads\/sites\/5\/2018\/06\/celylc.jpg",696,81,false],"td_80x60":["https:\/\/idihcs.fahce.unlp.edu.ar\/celyc\/wp-content\/uploads\/sites\/5\/2018\/06\/celylc-80x60.jpg",80,60,true],"td_100x70":["https:\/\/idihcs.fahce.unlp.edu.ar\/celyc\/wp-content\/uploads\/sites\/5\/2018\/06\/celylc-100x70.jpg",100,70,true],"td_218x150":["https:\/\/idihcs.fahce.unlp.edu.ar\/celyc\/wp-content\/uploads\/sites\/5\/2018\/06\/celylc-218x81.jpg",218,81,true],"td_265x198":["https:\/\/idihcs.fahce.unlp.edu.ar\/celyc\/wp-content\/uploads\/sites\/5\/2018\/06\/celylc-265x81.jpg",265,81,true],"td_324x160":["https:\/\/idihcs.fahce.unlp.edu.ar\/celyc\/wp-content\/uploads\/sites\/5\/2018\/06\/celylc-324x81.jpg",324,81,true],"td_324x235":["https:\/\/idihcs.fahce.unlp.edu.ar\/celyc\/wp-content\/uploads\/sites\/5\/2018\/06\/celylc-324x81.jpg",324,81,true],"td_324x400":["https:\/\/idihcs.fahce.unlp.edu.ar\/celyc\/wp-content\/uploads\/sites\/5\/2018\/06\/celylc-324x81.jpg",324,81,true],"td_356x220":["https:\/\/idihcs.fahce.unlp.edu.ar\/celyc\/wp-content\/uploads\/sites\/5\/2018\/06\/celylc-356x81.jpg",356,81,true],"td_356x364":["https:\/\/idihcs.fahce.unlp.edu.ar\/celyc\/wp-content\/uploads\/sites\/5\/2018\/06\/celylc-356x81.jpg",356,81,true],"td_485x360":["https:\/\/idihcs.fahce.unlp.edu.ar\/celyc\/wp-content\/uploads\/sites\/5\/2018\/06\/celylc-485x81.jpg",485,81,true],"td_533x261":["https:\/\/idihcs.fahce.unlp.edu.ar\/celyc\/wp-content\/uploads\/sites\/5\/2018\/06\/celylc-533x81.jpg",533,81,true],"td_534x462":["https:\/\/idihcs.fahce.unlp.edu.ar\/celyc\/wp-content\/uploads\/sites\/5\/2018\/06\/celylc-534x81.jpg",534,81,true],"td_696x0":["https:\/\/idihcs.fahce.unlp.edu.ar\/celyc\/wp-content\/uploads\/sites\/5\/2018\/06\/celylc-696x81.jpg",696,81,true],"td_696x385":["https:\/\/idihcs.fahce.unlp.edu.ar\/celyc\/wp-content\/uploads\/sites\/5\/2018\/06\/celylc-696x81.jpg",696,81,true],"td_741x486":["https:\/\/idihcs.fahce.unlp.edu.ar\/celyc\/wp-content\/uploads\/sites\/5\/2018\/06\/celylc.jpg",696,81,false],"td_1068x580":["https:\/\/idihcs.fahce.unlp.edu.ar\/celyc\/wp-content\/uploads\/sites\/5\/2018\/06\/celylc.jpg",696,81,false],"td_1068x0":["https:\/\/idihcs.fahce.unlp.edu.ar\/celyc\/wp-content\/uploads\/sites\/5\/2018\/06\/celylc.jpg",696,81,false],"td_0x420":["https:\/\/idihcs.fahce.unlp.edu.ar\/celyc\/wp-content\/uploads\/sites\/5\/2018\/06\/celylc.jpg",696,81,false],"td_1920x0":["https:\/\/idihcs.fahce.unlp.edu.ar\/celyc\/wp-content\/uploads\/sites\/5\/2018\/06\/celylc.jpg",696,81,false],"rt_custom":["https:\/\/idihcs.fahce.unlp.edu.ar\/celyc\/wp-content\/uploads\/sites\/5\/2018\/06\/celylc.jpg",696,81,false]},"rttpg_author":{"display_name":"ggchicote","author_link":"https:\/\/idihcs.fahce.unlp.edu.ar\/celyc\/author\/ggchicote\/"},"rttpg_comment":0,"rttpg_category":null,"rttpg_excerpt":"Investigadorxs formadxs Chiacchio, Cecilia Alejandra Featherston, Cristina Fern\u00e1ndez, Silvana Noel\u00ed Mallol, Anah\u00ed Diana Montezanti, Miguel \u00c1ngel Wamba Gavi\u00f1a, Graciela Investigadorxs en formaci\u00f3n Aicega, Dolores Guadalupe Carrettoni, Mar\u00eda Celeste Fern\u00e1ndez Blanco, Valeria Massano, Mar\u00eda Constanza Pascual, Eugenia Peluffo, Mercedes Virginia Rafaelli, Ver\u00f3nica Rodriguez, Laura Rubino, Atilio Ra\u00fal Scorians, Erica Vernet, Mercedes Becarixs L\u00f3pez, Sof\u00eda Ongarini Luc\u00eda&hellip;","_links":{"self":[{"href":"https:\/\/idihcs.fahce.unlp.edu.ar\/celyc\/wp-json\/wp\/v2\/pages\/23","targetHints":{"allow":["GET"]}}],"collection":[{"href":"https:\/\/idihcs.fahce.unlp.edu.ar\/celyc\/wp-json\/wp\/v2\/pages"}],"about":[{"href":"https:\/\/idihcs.fahce.unlp.edu.ar\/celyc\/wp-json\/wp\/v2\/types\/page"}],"author":[{"embeddable":true,"href":"https:\/\/idihcs.fahce.unlp.edu.ar\/celyc\/wp-json\/wp\/v2\/users\/2"}],"replies":[{"embeddable":true,"href":"https:\/\/idihcs.fahce.unlp.edu.ar\/celyc\/wp-json\/wp\/v2\/comments?post=23"}],"version-history":[{"count":7,"href":"https:\/\/idihcs.fahce.unlp.edu.ar\/celyc\/wp-json\/wp\/v2\/pages\/23\/revisions"}],"predecessor-version":[{"id":268,"href":"https:\/\/idihcs.fahce.unlp.edu.ar\/celyc\/wp-json\/wp\/v2\/pages\/23\/revisions\/268"}],"wp:featuredmedia":[{"embeddable":true,"href":"https:\/\/idihcs.fahce.unlp.edu.ar\/celyc\/wp-json\/wp\/v2\/media\/169"}],"wp:attachment":[{"href":"https:\/\/idihcs.fahce.unlp.edu.ar\/celyc\/wp-json\/wp\/v2\/media?parent=23"}],"curies":[{"name":"wp","href":"https:\/\/api.w.org\/{rel}","templated":true}]}}