{"id":145,"date":"2018-06-19T12:52:52","date_gmt":"2018-06-19T15:52:52","guid":{"rendered":"http:\/\/163.10.30.48\/~posgrado6\/wordpress\/cel\/?page_id=145"},"modified":"2024-06-28T10:11:04","modified_gmt":"2024-06-28T13:11:04","slug":"publicaciones","status":"publish","type":"page","link":"https:\/\/idihcs.fahce.unlp.edu.ar\/cel\/publicaciones\/","title":{"rendered":"CEL &#8211; Publicaciones"},"content":{"rendered":"\n<p><strong><em>Auster. Revista del Centro de Estudios Latinos<\/em><\/strong> <a href=\"https:\/\/auster.fahce.unlp.edu.ar\">Sitio web<\/a><\/p>\n\n\n\n<p><\/p>\n\n\n\n<p><strong>Publicaciones colectivas<\/strong><\/p>\n\n\n\n<p>Gal\u00e1n, L\u00eda y Chicote, G. (eds.),&nbsp;<em>Di\u00e1logos Culturales<\/em>, La Plata, Edulp, 2009.&nbsp;<a href=\"https:\/\/www.memoria.fahce.unlp.edu.ar\/library?a=d&amp;c=libros&amp;d=Jpm310\">Info<\/a><br><\/p>\n\n\n\n<p>Gal\u00e1n, L\u00eda y Buisel, Mar\u00eda Delia (eds.),&nbsp;<em>Itinera: Homenaje al Dr. Alberto J. Vaccaro<\/em>, La Plata, Ediciones Al margen, 2011.&nbsp;<a href=\"https:\/\/memoria.fahce.unlp.edu.ar\/library?a=d&amp;c=libros&amp;d=Jpm300\">Info<\/a><br><\/p>\n\n\n\n<p>Gal\u00e1n, L\u00eda y Buisel, Mar\u00eda Delia (eds.),&nbsp;<em>La adivinaci\u00f3n en Roma: Or\u00e1culos, vaticinios, revelaciones y presagios en la literatura romana<\/em>, La Plata, Ediciones Al margen, 2014.&nbsp;<a href=\"https:\/\/memoria.fahce.unlp.edu.ar\/library?a=d&amp;c=libros&amp;d=Jpm1425\">Info<\/a>&nbsp;<\/p>\n\n\n\n<p><\/p>\n\n\n\n<p>Gal\u00e1n, L\u00eda y Mart\u00ednez Astorino, Pablo (comps.), <em>Concepci\u00f3n de la naturaleza en la literatura latina<\/em>, Ensenada, Libros de la FaHCE, 2024. <a href=\"https:\/\/www.libros.fahce.unlp.edu.ar\/index.php\/libros\/catalog\/book\/231\">Info<\/a><\/p>\n\n\n\n<p><strong>Libros publicados por los miembros del CEL<\/strong><\/p>\n\n\n\n<p>Gal\u00e1n, L\u00eda,&nbsp;<em>La romana: Presencia de la mujer en las Eleg\u00edas del Corpus Tibullianum,<\/em>La Plata, 1998.&nbsp;<a href=\"https:\/\/www.memoria.fahce.unlp.edu.ar\/libros\/pm.190\/pm.190.pdf\">Info<\/a><br><\/p>\n\n\n\n<p>Gal\u00e1n, L\u00eda et al.,&nbsp;<em>El carmen 64 de Catulo. Texto biling\u00fce, estudio preliminar, notas<\/em>, La Plata, 2003.&nbsp;<a href=\"https:\/\/www.memoria.fahce.unlp.edu.ar\/libros\/pm.10\/pm.10.pdf\">Info<\/a><br><\/p>\n\n\n\n<p>Rolli\u00e9, Emilio,&nbsp;<em>Horacio, Odas. Una introducci\u00f3n cr\u00edtica<\/em>, Buenos Aires, Santiago Arcos Editor, 2005.&nbsp;<a href=\"https:\/\/www.memoria.fahce.unlp.edu.ar\/library?a=d&amp;c=libros&amp;d=Jpm1848\">Info<\/a><br><\/p>\n\n\n\n<p>Gal\u00e1n, L\u00eda,&nbsp;<em>Virgilio, Eneida. Una introducci\u00f3n cr\u00edtica<\/em>, Buenos Aires, Santiago Arcos Editor, 2005.&nbsp;<a href=\"https:\/\/www.memoria.fahce.unlp.edu.ar\/library?a=d&amp;c=libros&amp;d=Jpm1847\">Info<\/a><br><\/p>\n\n\n\n<p>Gal\u00e1n, L\u00eda,&nbsp;<em>S\u00e9neca. Fedra<\/em>, Buenos Aires, Losada, 2007.&nbsp;<a href=\"https:\/\/www.memoria.fahce.unlp.edu.ar\/library?a=d&amp;c=libros&amp;d=Jpm1424\">Info<\/a><br><\/p>\n\n\n\n<p>Gal\u00e1n, L\u00eda,&nbsp;<em>Catulo. Poes\u00eda completa<\/em>(edici\u00f3n biling\u00fce), Buenos Aires, Colihue, 2008.&nbsp;<a href=\"https:\/\/www.memoria.fahce.unlp.edu.ar\/library?a=d&amp;c=libros&amp;d=Jpm1423\">Info<\/a><br><\/p>\n\n\n\n<p>Rolli\u00e9, Emilio,&nbsp;<em>Cicer\u00f3n. Catilinarias: Discursos contra Catilina<\/em>, Buenos Aires, Colihue, 2009.&nbsp;<a href=\"https:\/\/www.memoria.fahce.unlp.edu.ar\/library?a=d&amp;c=libros&amp;d=Jpm1899\">Info<\/a><br><\/p>\n\n\n\n<p>Gal\u00e1n, L\u00eda, (con colaboraci\u00f3n de Mart\u00edn Vizzotti),&nbsp;<em>S\u00e9neca, Edipo<\/em>, Buenos Aires, Losada , 2012.&nbsp;<a href=\"https:\/\/www.memoria.fahce.unlp.edu.ar\/library?a=d&amp;c=libros&amp;d=Jpm1237\">Info<\/a><br><\/p>\n\n\n\n<p>Rolli\u00e9, Emilio,&nbsp;<em>Ovidio. Las Metamorfosis<\/em>, Buenos Aires, Losada, 2012.&nbsp;<a href=\"https:\/\/www.memoria.fahce.unlp.edu.ar\/library?a=d&amp;c=libros&amp;d=Jpm1920\">Info<\/a><br><\/p>\n\n\n\n<p>Rolli\u00e9, Emilio,&nbsp;<em>Gram\u00e1tica s\u00e1nscrita<\/em>, La Plata, Vuelta a casa, 2016.&nbsp;<a href=\"https:\/\/www.memoria.fahce.unlp.edu.ar\/library?a=d&amp;c=libros&amp;d=Jpm1935\">Info<\/a><br><\/p>\n\n\n\n<p>Mart\u00ednez Astorino, Pablo,&nbsp;<em>La apoteosis en las Metamorfosis de Ovidio : Dise\u00f1o estructural, mitologizaci\u00f3n y lectura en la representaci\u00f3n de apoteosis y sus contextos<\/em>, Bah\u00eda Blanca,&nbsp;EdiUNS, 2017.&nbsp;<a href=\"https:\/\/www.memoria.fahce.unlp.edu.ar\/library?a=d&amp;c=libros&amp;d=Jpm1546\">Info<\/a><br><\/p>\n\n\n\n<p>Cairo, Mar\u00eda Emilia,\u00a0<em>Dioses y hombres en la Eneida de Virgilio. Un estudio del discurso prof\u00e9tico<\/em>, Buenos Aires, Mi\u00f1o y D\u00e1vila, 2021.\u00a0<a href=\"https:\/\/www.memoria.fahce.unlp.edu.ar\/library?a=d&amp;c=libros&amp;d=Jpm5239\">Info<\/a><br><br>Rolli\u00e9, Emilio, <em>Horacio. Odas \/ Carmina. Edici\u00f3n biling\u00fce<\/em> (traducci\u00f3n y notas de Emilio Rolli\u00e9 y pr\u00f3logo de Pablo Mart\u00ednez Astorino), La Plata, Vuelta a casa, 2023.<\/p>\n\n\n\n<p><strong>Tesis doctorales<\/strong><\/p>\n\n\n\n<p>Mart\u00ednez Astorino, Pablo, &#8220;La apoteosis en las&nbsp;<em>Metamorfosis<\/em>&nbsp;de Ovidio: Funci\u00f3n estructural y valor sem\u00e1ntico&#8221;. Defensa: 30\/03\/2009.&nbsp;<a href=\"https:\/\/memoria.fahce.unlp.edu.ar\/library?e=d-10000-00---off-0tesis--00-2----0-10-0---0---0direct-10----4-------0-1l--10-es-Zz-1---100-home---00-3-1-00-00--4----0-0-01-00-0utfZz-8-00&amp;a=d&amp;c=tesis&amp;cl=&amp;d=Jte277.3.7\">Info<\/a><\/p>\n\n\n\n<p>Cairo, Mar\u00eda Emilia, &#8220;<em>Vatum ignarae mentes<\/em>: Estudio del discurso prof\u00e9tico en&nbsp;<em>Eneida<\/em><a href=\"http:\/\/www.memoria.fahce.unlp.edu.ar\/library?a=d&amp;c=tesis&amp;d=Jte981\" target=\"_blank\" rel=\"noreferrer noopener\">&nbsp;<\/a>deVirgilio. Defensa: 28\/02\/2014.&nbsp;<a href=\"https:\/\/www.memoria.fahce.unlp.edu.ar\/library?a=d&amp;c=tesis&amp;d=Jte981\">Info<\/a><\/p>\n\n\n\n<p>Vizzotti, Mart\u00edn, &#8220;De la tragedia de S\u00e9neca a la \u00e9pica de Lucano: Estrategias de representaci\u00f3n de los paradigmas filos\u00f3ficos y literarios&#8221;. Defensa: 25\/03\/2014.&nbsp;<a href=\"https:\/\/www.memoria.fahce.unlp.edu.ar\/library?a=d&amp;c=tesis&amp;d=Jte988\">Info<\/a><\/p>\n\n\n\n<p>Bogdan, Guillermina, &#8220;La representaci\u00f3n de la&nbsp;<em>religio<\/em>&nbsp;en&nbsp;<em>Eneida<\/em>&nbsp;de Virgilio&#8221;. Defensa: 02\/04\/2015.&nbsp;<a href=\"https:\/\/www.memoria.fahce.unlp.edu.ar\/library?a=d&amp;c=tesis&amp;d=Jte1160\">Info<\/a><\/p>\n","protected":false},"excerpt":{"rendered":"<p>Auster. Revista del Centro de Estudios Latinos Sitio web Publicaciones colectivas Gal\u00e1n, L\u00eda y Chicote, G. (eds.),&nbsp;Di\u00e1logos Culturales, La Plata, Edulp, 2009.&nbsp;Info Gal\u00e1n, L\u00eda y Buisel, Mar\u00eda Delia (eds.),&nbsp;Itinera: Homenaje al Dr. Alberto J. Vaccaro, La Plata, Ediciones Al margen, 2011.&nbsp;Info Gal\u00e1n, L\u00eda y Buisel, Mar\u00eda Delia (eds.),&nbsp;La adivinaci\u00f3n en Roma: Or\u00e1culos, vaticinios, revelaciones y [&hellip;]<\/p>\n","protected":false},"author":2,"featured_media":170,"parent":0,"menu_order":0,"comment_status":"closed","ping_status":"closed","template":"page-ui.php","meta":{"_themeisle_gutenberg_block_has_review":false,"footnotes":""},"class_list":["post-145","page","type-page","status-publish","has-post-thumbnail","hentry"],"yoast_head":"<!-- This site is optimized with the Yoast SEO Premium plugin v22.4 (Yoast SEO v22.4) - https:\/\/yoast.com\/wordpress\/plugins\/seo\/ -->\n<title>CEL - Publicaciones - IdIHCS - CEL<\/title>\n<meta name=\"robots\" content=\"index, follow, max-snippet:-1, max-image-preview:large, max-video-preview:-1\" \/>\n<link rel=\"canonical\" href=\"https:\/\/idihcs.fahce.unlp.edu.ar\/cel\/publicaciones\/\" \/>\n<meta property=\"og:locale\" content=\"es_ES\" \/>\n<meta property=\"og:type\" content=\"article\" \/>\n<meta property=\"og:title\" content=\"CEL - Publicaciones\" \/>\n<meta property=\"og:description\" content=\"Auster. Revista del Centro de Estudios Latinos Sitio web Publicaciones colectivas Gal\u00e1n, L\u00eda y Chicote, G. (eds.),&nbsp;Di\u00e1logos Culturales, La Plata, Edulp, 2009.&nbsp;Info Gal\u00e1n, L\u00eda y Buisel, Mar\u00eda Delia (eds.),&nbsp;Itinera: Homenaje al Dr. Alberto J. Vaccaro, La Plata, Ediciones Al margen, 2011.&nbsp;Info Gal\u00e1n, L\u00eda y Buisel, Mar\u00eda Delia (eds.),&nbsp;La adivinaci\u00f3n en Roma: Or\u00e1culos, vaticinios, revelaciones y [&hellip;]\" \/>\n<meta property=\"og:url\" content=\"https:\/\/idihcs.fahce.unlp.edu.ar\/cel\/publicaciones\/\" \/>\n<meta property=\"og:site_name\" content=\"IdIHCS - CEL\" \/>\n<meta property=\"article:modified_time\" content=\"2024-06-28T13:11:04+00:00\" \/>\n<meta property=\"og:image\" content=\"https:\/\/idihcs.fahce.unlp.edu.ar\/cel\/wp-content\/uploads\/sites\/10\/2018\/07\/banner-cel.jpg\" \/>\n\t<meta property=\"og:image:width\" content=\"2900\" \/>\n\t<meta property=\"og:image:height\" content=\"338\" \/>\n\t<meta property=\"og:image:type\" content=\"image\/jpeg\" \/>\n<meta name=\"twitter:card\" content=\"summary_large_image\" \/>\n<meta name=\"twitter:label1\" content=\"Tiempo de lectura\" \/>\n\t<meta name=\"twitter:data1\" content=\"2 minutos\" \/>\n<script type=\"application\/ld+json\" class=\"yoast-schema-graph\">{\"@context\":\"https:\/\/schema.org\",\"@graph\":[{\"@type\":\"WebPage\",\"@id\":\"https:\/\/idihcs.fahce.unlp.edu.ar\/cel\/publicaciones\/\",\"url\":\"https:\/\/idihcs.fahce.unlp.edu.ar\/cel\/publicaciones\/\",\"name\":\"CEL - Publicaciones - IdIHCS - CEL\",\"isPartOf\":{\"@id\":\"https:\/\/idihcs.fahce.unlp.edu.ar\/cel\/#website\"},\"primaryImageOfPage\":{\"@id\":\"https:\/\/idihcs.fahce.unlp.edu.ar\/cel\/publicaciones\/#primaryimage\"},\"image\":{\"@id\":\"https:\/\/idihcs.fahce.unlp.edu.ar\/cel\/publicaciones\/#primaryimage\"},\"thumbnailUrl\":\"https:\/\/idihcs.fahce.unlp.edu.ar\/cel\/wp-content\/uploads\/sites\/10\/2018\/07\/banner-cel.jpg\",\"datePublished\":\"2018-06-19T15:52:52+00:00\",\"dateModified\":\"2024-06-28T13:11:04+00:00\",\"breadcrumb\":{\"@id\":\"https:\/\/idihcs.fahce.unlp.edu.ar\/cel\/publicaciones\/#breadcrumb\"},\"inLanguage\":\"es-AR\",\"potentialAction\":[{\"@type\":\"ReadAction\",\"target\":[\"https:\/\/idihcs.fahce.unlp.edu.ar\/cel\/publicaciones\/\"]}]},{\"@type\":\"ImageObject\",\"inLanguage\":\"es-AR\",\"@id\":\"https:\/\/idihcs.fahce.unlp.edu.ar\/cel\/publicaciones\/#primaryimage\",\"url\":\"https:\/\/idihcs.fahce.unlp.edu.ar\/cel\/wp-content\/uploads\/sites\/10\/2018\/07\/banner-cel.jpg\",\"contentUrl\":\"https:\/\/idihcs.fahce.unlp.edu.ar\/cel\/wp-content\/uploads\/sites\/10\/2018\/07\/banner-cel.jpg\",\"width\":2900,\"height\":338},{\"@type\":\"BreadcrumbList\",\"@id\":\"https:\/\/idihcs.fahce.unlp.edu.ar\/cel\/publicaciones\/#breadcrumb\",\"itemListElement\":[{\"@type\":\"ListItem\",\"position\":1,\"name\":\"Home\",\"item\":\"https:\/\/idihcs.fahce.unlp.edu.ar\/cel\/\"},{\"@type\":\"ListItem\",\"position\":2,\"name\":\"CEL &#8211; Publicaciones\"}]},{\"@type\":\"WebSite\",\"@id\":\"https:\/\/idihcs.fahce.unlp.edu.ar\/cel\/#website\",\"url\":\"https:\/\/idihcs.fahce.unlp.edu.ar\/cel\/\",\"name\":\"IdIHCS - CEL\",\"description\":\"\",\"potentialAction\":[{\"@type\":\"SearchAction\",\"target\":{\"@type\":\"EntryPoint\",\"urlTemplate\":\"https:\/\/idihcs.fahce.unlp.edu.ar\/cel\/?s={search_term_string}\"},\"query-input\":\"required name=search_term_string\"}],\"inLanguage\":\"es-AR\"}]}<\/script>\n<!-- \/ Yoast SEO Premium plugin. -->","yoast_head_json":{"title":"CEL - Publicaciones - IdIHCS - CEL","robots":{"index":"index","follow":"follow","max-snippet":"max-snippet:-1","max-image-preview":"max-image-preview:large","max-video-preview":"max-video-preview:-1"},"canonical":"https:\/\/idihcs.fahce.unlp.edu.ar\/cel\/publicaciones\/","og_locale":"es_ES","og_type":"article","og_title":"CEL - Publicaciones","og_description":"Auster. Revista del Centro de Estudios Latinos Sitio web Publicaciones colectivas Gal\u00e1n, L\u00eda y Chicote, G. (eds.),&nbsp;Di\u00e1logos Culturales, La Plata, Edulp, 2009.&nbsp;Info Gal\u00e1n, L\u00eda y Buisel, Mar\u00eda Delia (eds.),&nbsp;Itinera: Homenaje al Dr. Alberto J. Vaccaro, La Plata, Ediciones Al margen, 2011.&nbsp;Info Gal\u00e1n, L\u00eda y Buisel, Mar\u00eda Delia (eds.),&nbsp;La adivinaci\u00f3n en Roma: Or\u00e1culos, vaticinios, revelaciones y [&hellip;]","og_url":"https:\/\/idihcs.fahce.unlp.edu.ar\/cel\/publicaciones\/","og_site_name":"IdIHCS - CEL","article_modified_time":"2024-06-28T13:11:04+00:00","og_image":[{"width":2900,"height":338,"url":"https:\/\/idihcs.fahce.unlp.edu.ar\/cel\/wp-content\/uploads\/sites\/10\/2018\/07\/banner-cel.jpg","type":"image\/jpeg"}],"twitter_card":"summary_large_image","twitter_misc":{"Tiempo de lectura":"2 minutos"},"schema":{"@context":"https:\/\/schema.org","@graph":[{"@type":"WebPage","@id":"https:\/\/idihcs.fahce.unlp.edu.ar\/cel\/publicaciones\/","url":"https:\/\/idihcs.fahce.unlp.edu.ar\/cel\/publicaciones\/","name":"CEL - Publicaciones - IdIHCS - CEL","isPartOf":{"@id":"https:\/\/idihcs.fahce.unlp.edu.ar\/cel\/#website"},"primaryImageOfPage":{"@id":"https:\/\/idihcs.fahce.unlp.edu.ar\/cel\/publicaciones\/#primaryimage"},"image":{"@id":"https:\/\/idihcs.fahce.unlp.edu.ar\/cel\/publicaciones\/#primaryimage"},"thumbnailUrl":"https:\/\/idihcs.fahce.unlp.edu.ar\/cel\/wp-content\/uploads\/sites\/10\/2018\/07\/banner-cel.jpg","datePublished":"2018-06-19T15:52:52+00:00","dateModified":"2024-06-28T13:11:04+00:00","breadcrumb":{"@id":"https:\/\/idihcs.fahce.unlp.edu.ar\/cel\/publicaciones\/#breadcrumb"},"inLanguage":"es-AR","potentialAction":[{"@type":"ReadAction","target":["https:\/\/idihcs.fahce.unlp.edu.ar\/cel\/publicaciones\/"]}]},{"@type":"ImageObject","inLanguage":"es-AR","@id":"https:\/\/idihcs.fahce.unlp.edu.ar\/cel\/publicaciones\/#primaryimage","url":"https:\/\/idihcs.fahce.unlp.edu.ar\/cel\/wp-content\/uploads\/sites\/10\/2018\/07\/banner-cel.jpg","contentUrl":"https:\/\/idihcs.fahce.unlp.edu.ar\/cel\/wp-content\/uploads\/sites\/10\/2018\/07\/banner-cel.jpg","width":2900,"height":338},{"@type":"BreadcrumbList","@id":"https:\/\/idihcs.fahce.unlp.edu.ar\/cel\/publicaciones\/#breadcrumb","itemListElement":[{"@type":"ListItem","position":1,"name":"Home","item":"https:\/\/idihcs.fahce.unlp.edu.ar\/cel\/"},{"@type":"ListItem","position":2,"name":"CEL &#8211; Publicaciones"}]},{"@type":"WebSite","@id":"https:\/\/idihcs.fahce.unlp.edu.ar\/cel\/#website","url":"https:\/\/idihcs.fahce.unlp.edu.ar\/cel\/","name":"IdIHCS - CEL","description":"","potentialAction":[{"@type":"SearchAction","target":{"@type":"EntryPoint","urlTemplate":"https:\/\/idihcs.fahce.unlp.edu.ar\/cel\/?s={search_term_string}"},"query-input":"required name=search_term_string"}],"inLanguage":"es-AR"}]}},"acf":[],"rttpg_featured_image_url":{"full":["https:\/\/idihcs.fahce.unlp.edu.ar\/cel\/wp-content\/uploads\/sites\/10\/2018\/07\/banner-cel.jpg",2900,338,false],"landscape":["https:\/\/idihcs.fahce.unlp.edu.ar\/cel\/wp-content\/uploads\/sites\/10\/2018\/07\/banner-cel.jpg",2900,338,false],"portraits":["https:\/\/idihcs.fahce.unlp.edu.ar\/cel\/wp-content\/uploads\/sites\/10\/2018\/07\/banner-cel.jpg",2900,338,false],"thumbnail":["https:\/\/idihcs.fahce.unlp.edu.ar\/cel\/wp-content\/uploads\/sites\/10\/2018\/07\/banner-cel-150x150.jpg",150,150,true],"medium":["https:\/\/idihcs.fahce.unlp.edu.ar\/cel\/wp-content\/uploads\/sites\/10\/2018\/07\/banner-cel-300x35.jpg",300,35,true],"large":["https:\/\/idihcs.fahce.unlp.edu.ar\/cel\/wp-content\/uploads\/sites\/10\/2018\/07\/banner-cel-1024x119.jpg",696,81,true],"1536x1536":["https:\/\/idihcs.fahce.unlp.edu.ar\/cel\/wp-content\/uploads\/sites\/10\/2018\/07\/banner-cel.jpg",1536,179,false],"2048x2048":["https:\/\/idihcs.fahce.unlp.edu.ar\/cel\/wp-content\/uploads\/sites\/10\/2018\/07\/banner-cel.jpg",2048,239,false],"td_80x60":["https:\/\/idihcs.fahce.unlp.edu.ar\/cel\/wp-content\/uploads\/sites\/10\/2018\/07\/banner-cel-80x60.jpg",80,60,true],"td_100x70":["https:\/\/idihcs.fahce.unlp.edu.ar\/cel\/wp-content\/uploads\/sites\/10\/2018\/07\/banner-cel-100x70.jpg",100,70,true],"td_218x150":["https:\/\/idihcs.fahce.unlp.edu.ar\/cel\/wp-content\/uploads\/sites\/10\/2018\/07\/banner-cel-218x150.jpg",218,150,true],"td_265x198":["https:\/\/idihcs.fahce.unlp.edu.ar\/cel\/wp-content\/uploads\/sites\/10\/2018\/07\/banner-cel-265x198.jpg",265,198,true],"td_324x160":["https:\/\/idihcs.fahce.unlp.edu.ar\/cel\/wp-content\/uploads\/sites\/10\/2018\/07\/banner-cel-324x160.jpg",324,160,true],"td_324x235":["https:\/\/idihcs.fahce.unlp.edu.ar\/cel\/wp-content\/uploads\/sites\/10\/2018\/07\/banner-cel-324x235.jpg",324,235,true],"td_324x400":["https:\/\/idihcs.fahce.unlp.edu.ar\/cel\/wp-content\/uploads\/sites\/10\/2018\/07\/banner-cel-324x338.jpg",324,338,true],"td_356x220":["https:\/\/idihcs.fahce.unlp.edu.ar\/cel\/wp-content\/uploads\/sites\/10\/2018\/07\/banner-cel-356x220.jpg",356,220,true],"td_356x364":["https:\/\/idihcs.fahce.unlp.edu.ar\/cel\/wp-content\/uploads\/sites\/10\/2018\/07\/banner-cel-356x338.jpg",356,338,true],"td_485x360":["https:\/\/idihcs.fahce.unlp.edu.ar\/cel\/wp-content\/uploads\/sites\/10\/2018\/07\/banner-cel-485x338.jpg",485,338,true],"td_533x261":["https:\/\/idihcs.fahce.unlp.edu.ar\/cel\/wp-content\/uploads\/sites\/10\/2018\/07\/banner-cel-533x261.jpg",533,261,true],"td_534x462":["https:\/\/idihcs.fahce.unlp.edu.ar\/cel\/wp-content\/uploads\/sites\/10\/2018\/07\/banner-cel-534x338.jpg",534,338,true],"td_696x0":["https:\/\/idihcs.fahce.unlp.edu.ar\/cel\/wp-content\/uploads\/sites\/10\/2018\/07\/banner-cel-696x81.jpg",696,81,true],"td_696x385":["https:\/\/idihcs.fahce.unlp.edu.ar\/cel\/wp-content\/uploads\/sites\/10\/2018\/07\/banner-cel-696x338.jpg",696,338,true],"td_741x486":["https:\/\/idihcs.fahce.unlp.edu.ar\/cel\/wp-content\/uploads\/sites\/10\/2018\/07\/banner-cel-741x338.jpg",741,338,true],"td_1068x580":["https:\/\/idihcs.fahce.unlp.edu.ar\/cel\/wp-content\/uploads\/sites\/10\/2018\/07\/banner-cel-1068x338.jpg",1068,338,true],"td_1068x0":["https:\/\/idihcs.fahce.unlp.edu.ar\/cel\/wp-content\/uploads\/sites\/10\/2018\/07\/banner-cel-1068x124.jpg",1068,124,true],"td_0x420":["https:\/\/idihcs.fahce.unlp.edu.ar\/cel\/wp-content\/uploads\/sites\/10\/2018\/07\/banner-cel.jpg",2900,338,false],"td_1920x0":["https:\/\/idihcs.fahce.unlp.edu.ar\/cel\/wp-content\/uploads\/sites\/10\/2018\/07\/banner-cel-1920x224.jpg",1920,224,true],"rt_custom":["https:\/\/idihcs.fahce.unlp.edu.ar\/cel\/wp-content\/uploads\/sites\/10\/2018\/07\/banner-cel.jpg",2900,338,false]},"rttpg_author":{"display_name":"ggchicote","author_link":"https:\/\/idihcs.fahce.unlp.edu.ar\/cel\/author\/ggchicote\/"},"rttpg_comment":0,"rttpg_category":null,"rttpg_excerpt":"Auster. Revista del Centro de Estudios Latinos Sitio web Publicaciones colectivas Gal\u00e1n, L\u00eda y Chicote, G. (eds.),&nbsp;Di\u00e1logos Culturales, La Plata, Edulp, 2009.&nbsp;Info Gal\u00e1n, L\u00eda y Buisel, Mar\u00eda Delia (eds.),&nbsp;Itinera: Homenaje al Dr. Alberto J. Vaccaro, La Plata, Ediciones Al margen, 2011.&nbsp;Info Gal\u00e1n, L\u00eda y Buisel, Mar\u00eda Delia (eds.),&nbsp;La adivinaci\u00f3n en Roma: Or\u00e1culos, vaticinios, revelaciones y&hellip;","_links":{"self":[{"href":"https:\/\/idihcs.fahce.unlp.edu.ar\/cel\/wp-json\/wp\/v2\/pages\/145","targetHints":{"allow":["GET"]}}],"collection":[{"href":"https:\/\/idihcs.fahce.unlp.edu.ar\/cel\/wp-json\/wp\/v2\/pages"}],"about":[{"href":"https:\/\/idihcs.fahce.unlp.edu.ar\/cel\/wp-json\/wp\/v2\/types\/page"}],"author":[{"embeddable":true,"href":"https:\/\/idihcs.fahce.unlp.edu.ar\/cel\/wp-json\/wp\/v2\/users\/2"}],"replies":[{"embeddable":true,"href":"https:\/\/idihcs.fahce.unlp.edu.ar\/cel\/wp-json\/wp\/v2\/comments?post=145"}],"version-history":[{"count":11,"href":"https:\/\/idihcs.fahce.unlp.edu.ar\/cel\/wp-json\/wp\/v2\/pages\/145\/revisions"}],"predecessor-version":[{"id":326,"href":"https:\/\/idihcs.fahce.unlp.edu.ar\/cel\/wp-json\/wp\/v2\/pages\/145\/revisions\/326"}],"wp:featuredmedia":[{"embeddable":true,"href":"https:\/\/idihcs.fahce.unlp.edu.ar\/cel\/wp-json\/wp\/v2\/media\/170"}],"wp:attachment":[{"href":"https:\/\/idihcs.fahce.unlp.edu.ar\/cel\/wp-json\/wp\/v2\/media?parent=145"}],"curies":[{"name":"wp","href":"https:\/\/api.w.org\/{rel}","templated":true}]}}