{"id":98,"date":"2018-06-17T23:15:21","date_gmt":"2018-06-18T02:15:21","guid":{"rendered":"http:\/\/163.10.30.48\/~posgrado6\/wordpress\/ceil\/?page_id=98"},"modified":"2025-06-02T11:58:57","modified_gmt":"2025-06-02T14:58:57","slug":"presentacion","status":"publish","type":"page","link":"https:\/\/idihcs.fahce.unlp.edu.ar\/ceil\/","title":{"rendered":"CEIL &#8211; Presentaci\u00f3n"},"content":{"rendered":"<p>El Centro de Estudios e Investigaciones Ling\u00fc\u00edsticas (CEIL) es una unidad de investigaci\u00f3n creada en el a\u00f1o 1992 con el objetivo de llevar a cabo estudios acerca del lenguaje.<\/p>\n<p>En la actualidad, el centro lleva a cabo investigaciones enmarcadas dentro de las siguientes l\u00edneas de trabajo:<\/p>\n<ul style=\"list-style-type: square\">\n<li>Dialectolog\u00eda<\/li>\n<li>Did\u00e1ctica de la Lengua y la Literatura<\/li>\n<li>Etnopragm\u00e1tica<\/li>\n<li>Fon\u00e9tica y Fonolog\u00eda<\/li>\n<li>Lenguajes de especialidad<\/li>\n<li>Lenguas en contacto<\/li>\n<li>Lenguas ind\u00edgenas<\/li>\n<li>Ling\u00fc\u00edstica cognitiva<\/li>\n<li>Ling\u00fc\u00edstica formal<\/li>\n<li>Ling\u00fc\u00edstica funcional<\/li>\n<li>Ling\u00fc\u00edstica hist\u00f3rica y comparada<\/li>\n<li>Multimodalidad en el an\u00e1lisis ling\u00fc\u00edstico<\/li>\n<li>Pragm\u00e1tica y an\u00e1lisis de la conversaci\u00f3n<\/li>\n<li>Variedades del espa\u00f1ol<\/li>\n<\/ul>\n<p>Los objetivos de la unidad de investigaci\u00f3n son los siguientes:<\/p>\n<ul style=\"list-style-type: square\">\n<li>Elaborar y ejecutar programas y proyectos investigaci\u00f3n as\u00ed como promover la formaci\u00f3n de grupos de estudio relacionados con las tem\u00e1ticas pertinentes.<\/li>\n<li>Contribuir a la formaci\u00f3n de investigadores mediante la radicaci\u00f3n y direcci\u00f3n de becarios, tesistas e investigadores noveles en las l\u00edneas de investigaci\u00f3n comprendidas en el Centro.<\/li>\n<li>Contribuir a la formaci\u00f3n de grado y posgrado mediante la propuesta de cursos y seminarios, pasant\u00edas y estad\u00edas de investigaci\u00f3n u otras actividades, previa aprobaci\u00f3n de las instancias que correspondan.<\/li>\n<li>Prestar asesoramiento en los temas de la especialidad a las instituciones que as\u00ed lo requieran.<\/li>\n<li>Organizar y participar en reuniones cient\u00edficas, ciclos de conferencias, paneles de discusi\u00f3n, talleres y otros eventos que contribuyan al intercambio y debate entre investigadores de diversos \u00e1mbitos.<\/li>\n<li>Difundir los temas de sus especialidades mediante publicaciones, conferencias, talleres, reuniones cient\u00edficas y otras estrategias.<\/li>\n<li>Establecer relaciones institucionales con organismos del pa\u00eds o del extranjero a fin de dar cumplimiento a sus fines.<\/li>\n<li>Encarar acciones que fortalezcan la divulgaci\u00f3n cient\u00edfica de las investigaciones producidas por los especialistas de la unidad.<\/li>\n<li>Gestionar recursos econ\u00f3micos y materiales y administrar sus fondos de acuerdo con las normas que fije la Universidad.<\/li>\n<li>Realizar toda otra funci\u00f3n que contribuya al cumplimiento de sus fines.<\/li>\n<\/ul>\n\n\n<figure class=\"wp-block-embed is-type-video is-provider-youtube wp-block-embed-youtube wp-embed-aspect-16-9 wp-has-aspect-ratio\"><div class=\"wp-block-embed__wrapper\">\n<iframe loading=\"lazy\" title=\"Centro de Estudios e Investigaciones Ling\u00fc\u00edsticas (CEIL) | Presentaci\u00f3n\" width=\"696\" height=\"392\" src=\"https:\/\/www.youtube.com\/embed\/d9Ur7-P3rqg?feature=oembed\" frameborder=\"0\" allow=\"accelerometer; autoplay; clipboard-write; encrypted-media; gyroscope; picture-in-picture; web-share\" referrerpolicy=\"strict-origin-when-cross-origin\" allowfullscreen><\/iframe>\n<\/div><\/figure>\n","protected":false},"excerpt":{"rendered":"<p>El Centro de Estudios e Investigaciones Ling\u00fc\u00edsticas (CEIL) es una unidad de investigaci\u00f3n creada en el a\u00f1o 1992 con el objetivo de llevar a cabo estudios acerca del lenguaje. En la actualidad, el centro lleva a cabo investigaciones enmarcadas dentro de las siguientes l\u00edneas de trabajo: Dialectolog\u00eda Did\u00e1ctica de la Lengua y la Literatura Etnopragm\u00e1tica [&hellip;]<\/p>\n","protected":false},"author":2,"featured_media":209,"parent":0,"menu_order":0,"comment_status":"closed","ping_status":"closed","template":"page-ui.php","meta":{"_themeisle_gutenberg_block_has_review":false,"footnotes":""},"class_list":["post-98","page","type-page","status-publish","has-post-thumbnail","hentry"],"acf":[],"rttpg_featured_image_url":{"full":["https:\/\/idihcs.fahce.unlp.edu.ar\/ceil\/wp-content\/uploads\/sites\/8\/2018\/06\/banner-ceil.jpg",696,81,false],"landscape":["https:\/\/idihcs.fahce.unlp.edu.ar\/ceil\/wp-content\/uploads\/sites\/8\/2018\/06\/banner-ceil.jpg",696,81,false],"portraits":["https:\/\/idihcs.fahce.unlp.edu.ar\/ceil\/wp-content\/uploads\/sites\/8\/2018\/06\/banner-ceil.jpg",696,81,false],"thumbnail":["https:\/\/idihcs.fahce.unlp.edu.ar\/ceil\/wp-content\/uploads\/sites\/8\/2018\/06\/banner-ceil-150x81.jpg",150,81,true],"medium":["https:\/\/idihcs.fahce.unlp.edu.ar\/ceil\/wp-content\/uploads\/sites\/8\/2018\/06\/banner-ceil-300x35.jpg",300,35,true],"large":["https:\/\/idihcs.fahce.unlp.edu.ar\/ceil\/wp-content\/uploads\/sites\/8\/2018\/06\/banner-ceil.jpg",696,81,false],"1536x1536":["https:\/\/idihcs.fahce.unlp.edu.ar\/ceil\/wp-content\/uploads\/sites\/8\/2018\/06\/banner-ceil.jpg",696,81,false],"2048x2048":["https:\/\/idihcs.fahce.unlp.edu.ar\/ceil\/wp-content\/uploads\/sites\/8\/2018\/06\/banner-ceil.jpg",696,81,false],"td_80x60":["https:\/\/idihcs.fahce.unlp.edu.ar\/ceil\/wp-content\/uploads\/sites\/8\/2018\/06\/banner-ceil-80x60.jpg",80,60,true],"td_100x70":["https:\/\/idihcs.fahce.unlp.edu.ar\/ceil\/wp-content\/uploads\/sites\/8\/2018\/06\/banner-ceil-100x70.jpg",100,70,true],"td_218x150":["https:\/\/idihcs.fahce.unlp.edu.ar\/ceil\/wp-content\/uploads\/sites\/8\/2018\/06\/banner-ceil-218x81.jpg",218,81,true],"td_265x198":["https:\/\/idihcs.fahce.unlp.edu.ar\/ceil\/wp-content\/uploads\/sites\/8\/2018\/06\/banner-ceil-265x81.jpg",265,81,true],"td_324x160":["https:\/\/idihcs.fahce.unlp.edu.ar\/ceil\/wp-content\/uploads\/sites\/8\/2018\/06\/banner-ceil-324x81.jpg",324,81,true],"td_324x235":["https:\/\/idihcs.fahce.unlp.edu.ar\/ceil\/wp-content\/uploads\/sites\/8\/2018\/06\/banner-ceil-324x81.jpg",324,81,true],"td_324x400":["https:\/\/idihcs.fahce.unlp.edu.ar\/ceil\/wp-content\/uploads\/sites\/8\/2018\/06\/banner-ceil-324x81.jpg",324,81,true],"td_356x220":["https:\/\/idihcs.fahce.unlp.edu.ar\/ceil\/wp-content\/uploads\/sites\/8\/2018\/06\/banner-ceil-356x81.jpg",356,81,true],"td_356x364":["https:\/\/idihcs.fahce.unlp.edu.ar\/ceil\/wp-content\/uploads\/sites\/8\/2018\/06\/banner-ceil-356x81.jpg",356,81,true],"td_485x360":["https:\/\/idihcs.fahce.unlp.edu.ar\/ceil\/wp-content\/uploads\/sites\/8\/2018\/06\/banner-ceil-485x81.jpg",485,81,true],"td_533x261":["https:\/\/idihcs.fahce.unlp.edu.ar\/ceil\/wp-content\/uploads\/sites\/8\/2018\/06\/banner-ceil-533x81.jpg",533,81,true],"td_534x462":["https:\/\/idihcs.fahce.unlp.edu.ar\/ceil\/wp-content\/uploads\/sites\/8\/2018\/06\/banner-ceil-534x81.jpg",534,81,true],"td_696x0":["https:\/\/idihcs.fahce.unlp.edu.ar\/ceil\/wp-content\/uploads\/sites\/8\/2018\/06\/banner-ceil-696x81.jpg",696,81,true],"td_696x385":["https:\/\/idihcs.fahce.unlp.edu.ar\/ceil\/wp-content\/uploads\/sites\/8\/2018\/06\/banner-ceil-696x81.jpg",696,81,true],"td_741x486":["https:\/\/idihcs.fahce.unlp.edu.ar\/ceil\/wp-content\/uploads\/sites\/8\/2018\/06\/banner-ceil.jpg",696,81,false],"td_1068x580":["https:\/\/idihcs.fahce.unlp.edu.ar\/ceil\/wp-content\/uploads\/sites\/8\/2018\/06\/banner-ceil.jpg",696,81,false],"td_1068x0":["https:\/\/idihcs.fahce.unlp.edu.ar\/ceil\/wp-content\/uploads\/sites\/8\/2018\/06\/banner-ceil.jpg",696,81,false],"td_0x420":["https:\/\/idihcs.fahce.unlp.edu.ar\/ceil\/wp-content\/uploads\/sites\/8\/2018\/06\/banner-ceil.jpg",696,81,false],"td_1920x0":["https:\/\/idihcs.fahce.unlp.edu.ar\/ceil\/wp-content\/uploads\/sites\/8\/2018\/06\/banner-ceil.jpg",696,81,false],"rt_custom":["https:\/\/idihcs.fahce.unlp.edu.ar\/ceil\/wp-content\/uploads\/sites\/8\/2018\/06\/banner-ceil.jpg",696,81,false]},"rttpg_author":{"display_name":"ggchicote","author_link":"https:\/\/idihcs.fahce.unlp.edu.ar\/ceil\/author\/ggchicote\/"},"rttpg_comment":0,"rttpg_category":null,"rttpg_excerpt":"El Centro de Estudios e Investigaciones Ling\u00fc\u00edsticas (CEIL) es una unidad de investigaci\u00f3n creada en el a\u00f1o 1992 con el objetivo de llevar a cabo estudios acerca del lenguaje. En la actualidad, el centro lleva a cabo investigaciones enmarcadas dentro de las siguientes l\u00edneas de trabajo: Dialectolog\u00eda Did\u00e1ctica de la Lengua y la Literatura Etnopragm\u00e1tica&hellip;","_links":{"self":[{"href":"https:\/\/idihcs.fahce.unlp.edu.ar\/ceil\/wp-json\/wp\/v2\/pages\/98","targetHints":{"allow":["GET"]}}],"collection":[{"href":"https:\/\/idihcs.fahce.unlp.edu.ar\/ceil\/wp-json\/wp\/v2\/pages"}],"about":[{"href":"https:\/\/idihcs.fahce.unlp.edu.ar\/ceil\/wp-json\/wp\/v2\/types\/page"}],"author":[{"embeddable":true,"href":"https:\/\/idihcs.fahce.unlp.edu.ar\/ceil\/wp-json\/wp\/v2\/users\/2"}],"replies":[{"embeddable":true,"href":"https:\/\/idihcs.fahce.unlp.edu.ar\/ceil\/wp-json\/wp\/v2\/comments?post=98"}],"version-history":[{"count":27,"href":"https:\/\/idihcs.fahce.unlp.edu.ar\/ceil\/wp-json\/wp\/v2\/pages\/98\/revisions"}],"predecessor-version":[{"id":1554,"href":"https:\/\/idihcs.fahce.unlp.edu.ar\/ceil\/wp-json\/wp\/v2\/pages\/98\/revisions\/1554"}],"wp:featuredmedia":[{"embeddable":true,"href":"https:\/\/idihcs.fahce.unlp.edu.ar\/ceil\/wp-json\/wp\/v2\/media\/209"}],"wp:attachment":[{"href":"https:\/\/idihcs.fahce.unlp.edu.ar\/ceil\/wp-json\/wp\/v2\/media?parent=98"}],"curies":[{"name":"wp","href":"https:\/\/api.w.org\/{rel}","templated":true}]}}