{"id":906,"date":"2022-08-17T11:20:31","date_gmt":"2022-08-17T14:20:31","guid":{"rendered":"https:\/\/idihcs.fahce.unlp.edu.ar\/ceil\/?page_id=906"},"modified":"2025-10-06T12:23:23","modified_gmt":"2025-10-06T15:23:23","slug":"ged-grupo-de-estudios-decoloniales","status":"publish","type":"page","link":"https:\/\/idihcs.fahce.unlp.edu.ar\/ceil\/ged-grupo-de-estudios-decoloniales\/","title":{"rendered":"GED: Grupo de Estudios Decoloniales"},"content":{"rendered":"\n<p><strong>GED: Grupo de Estudios Decoloniales<\/strong><\/p>\n\n\n\n<p><strong>Coordinan<\/strong><\/p>\n\n\n\n<p><a href=\"https:\/\/idihcs.fahce.unlp.edu.ar\/integrante_idihcs\/baum-graciela-viviana-2\/\">Graciela Baum<\/a><\/p>\n\n\n\n<p><strong>Coordinadora<\/strong>:&nbsp;<\/p>\n\n\n\n<p>Graciela Baum (Barbara L\u00f3pes no sigue en ese rol)<\/p>\n\n\n\n<p><strong>Integrantes<\/strong>:<\/p>\n\n\n\n<p>Ver\u00f3nica March<\/p>\n\n\n\n<p>Georgina Formento<\/p>\n\n\n\n<p>\u00c9rica Nicolau<\/p>\n\n\n\n<p>Virginia&nbsp;S\u00e1nchez<\/p>\n\n\n\n<p>Marcela Jalo<\/p>\n\n\n\n<p>Florencia Calder\u00f3n<\/p>\n\n\n\n<p>Mara Giles Abraham<\/p>\n\n\n\n<p>Cecilia Torres<\/p>\n\n\n\n<p>Mariana Ben\u00edtez Gnecco&nbsp;<\/p>\n\n\n\n<p>Carolina Marino&nbsp;<\/p>\n\n\n\n<p>Estefan\u00eda Libertini Lois&nbsp;<\/p>\n\n\n\n<p><\/p>\n\n\n\n<p id=\"yiv2942372162m_-7341900328731790612ydp4130c280yiv7098680278m_-7482051187469149510m_3408267781386635412docs-internal-guid-7befa854-7fff-d201-0c19-695c61b780de\"><strong>Descripci\u00f3n<\/strong><\/p>\n\n\n\n<p id=\"yiv2942372162m_-7341900328731790612ydp4130c280yiv7098680278m_-7482051187469149510m_3408267781386635412docs-internal-guid-7befa854-7fff-d201-0c19-695c61b780de\">Nuestro grupo re\u00fane a docentes y graduadxs del Departamento de Lenguas y Literaturas Modernas de la Facultad de Humanidades y Ciencias de la Educaci\u00f3n (UNLP).<\/p>\n\n\n\n<p>Nos convocan intereses geopol\u00edticos comunes en relaci\u00f3n a entender la formaci\u00f3n, transformaci\u00f3n y gesti\u00f3n de la colonialidad del poder y su imbricaci\u00f3n con todas las dimensiones de nuestras vidas, y -especialmente- el lugar de las lenguas modernas (tres de ellas entre nosotrxs representadas), las instituciones (entre ellas la Universidad, a la que de un modo u otro pertenecemos), y lxs agentes -sujetxs y grupos sociales hegem\u00f3nicos, corporativos, etc. que gestionan y regulan las relaciones de poder\/saber moderno\/colonial. La ret\u00f3rica de la modernidad &#8211; sus promesas de salvaci\u00f3n y de desarrollo- ocultan el patr\u00f3n colonial del poder que gobierna nuestras identificaciones, decires y haceres.<\/p>\n\n\n\n<p>Nos convoca tambi\u00e9n -habida cuenta de la pregnancia totalizante de la modernidad\/colonialidad- el esp\u00edritu de habitar el espacio de modos otros, de reconstituirnos geo-hist\u00f3ricamente en lo personal y lo comunal, lo acad\u00e9mico e intelectual. Concientizar la localizaci\u00f3n geo-hist\u00f3rica que habitamos; constituirnos geo-corpo-pol\u00edticamente desde nuestros lugares de enunciaci\u00f3n en\/desde el Sur y el Oeste; transitar los procesos de indagaci\u00f3n, an\u00e1lisis, comprensi\u00f3n y toma de conciencia en comunidad;&nbsp; sentipensar creativa y colectivamente unas epistemolog\u00edas&nbsp; fronterizas y unas pedagog\u00edas decoloniales que andamien nuestras miradas sobre pol\u00edticas institucionales, abordajes curriculares y sobre nuestras pr\u00e1cticas de ense\u00f1anza y de aprendizaje.<\/p>\n\n\n\n<p>Abrevamos -por todo esto- en bibliograf\u00edas latinoamericanas, pero tambi\u00e9n -y de igual relevancia- en g\u00e9neros escritos y orales no acad\u00e9micos y no can\u00f3nicos, en las experiencias vividas, los saberes ancestrales y las heridas coloniales de los pueblos que son parte de nuestros legados hist\u00f3ricos. En este sentido, incluimos actividades que involucran todo el arco sensorial, experiencial, vivencial.<\/p>\n\n\n\n<p>Esperamos poder contribuir en la reconstituci\u00f3n de la comunalidad que implica, ante todo, des-sujetarnos y desprendernos de las promesas que pueblan la ret\u00f3rica de los relatos promocionales de la modernidad.<\/p>\n","protected":false},"excerpt":{"rendered":"<p>GED: Grupo de Estudios Decoloniales Coordinan Graciela Baum Coordinadora:&nbsp; Graciela Baum (Barbara L\u00f3pes no sigue en ese rol) Integrantes: Ver\u00f3nica March Georgina Formento \u00c9rica Nicolau Virginia&nbsp;S\u00e1nchez Marcela Jalo Florencia Calder\u00f3n Mara Giles Abraham Cecilia Torres Mariana Ben\u00edtez Gnecco&nbsp; Carolina Marino&nbsp; Estefan\u00eda Libertini Lois&nbsp; Descripci\u00f3n Nuestro grupo re\u00fane a docentes y graduadxs del Departamento de Lenguas [&hellip;]<\/p>\n","protected":false},"author":14,"featured_media":0,"parent":0,"menu_order":0,"comment_status":"closed","ping_status":"closed","template":"page-ui.php","meta":{"_themeisle_gutenberg_block_has_review":false,"footnotes":""},"class_list":["post-906","page","type-page","status-publish","hentry"],"acf":[],"rttpg_featured_image_url":null,"rttpg_author":{"display_name":"ceil","author_link":"https:\/\/idihcs.fahce.unlp.edu.ar\/ceil\/author\/ceil\/"},"rttpg_comment":0,"rttpg_category":null,"rttpg_excerpt":"GED: Grupo de Estudios Decoloniales Coordinan Graciela Baum Coordinadora:&nbsp; Graciela Baum (Barbara L\u00f3pes no sigue en ese rol) Integrantes: Ver\u00f3nica March Georgina Formento \u00c9rica Nicolau Virginia&nbsp;S\u00e1nchez Marcela Jalo Florencia Calder\u00f3n Mara Giles Abraham Cecilia Torres Mariana Ben\u00edtez Gnecco&nbsp; Carolina Marino&nbsp; Estefan\u00eda Libertini Lois&nbsp; Descripci\u00f3n Nuestro grupo re\u00fane a docentes y graduadxs del Departamento de Lenguas&hellip;","_links":{"self":[{"href":"https:\/\/idihcs.fahce.unlp.edu.ar\/ceil\/wp-json\/wp\/v2\/pages\/906","targetHints":{"allow":["GET"]}}],"collection":[{"href":"https:\/\/idihcs.fahce.unlp.edu.ar\/ceil\/wp-json\/wp\/v2\/pages"}],"about":[{"href":"https:\/\/idihcs.fahce.unlp.edu.ar\/ceil\/wp-json\/wp\/v2\/types\/page"}],"author":[{"embeddable":true,"href":"https:\/\/idihcs.fahce.unlp.edu.ar\/ceil\/wp-json\/wp\/v2\/users\/14"}],"replies":[{"embeddable":true,"href":"https:\/\/idihcs.fahce.unlp.edu.ar\/ceil\/wp-json\/wp\/v2\/comments?post=906"}],"version-history":[{"count":3,"href":"https:\/\/idihcs.fahce.unlp.edu.ar\/ceil\/wp-json\/wp\/v2\/pages\/906\/revisions"}],"predecessor-version":[{"id":1630,"href":"https:\/\/idihcs.fahce.unlp.edu.ar\/ceil\/wp-json\/wp\/v2\/pages\/906\/revisions\/1630"}],"wp:attachment":[{"href":"https:\/\/idihcs.fahce.unlp.edu.ar\/ceil\/wp-json\/wp\/v2\/media?parent=906"}],"curies":[{"name":"wp","href":"https:\/\/api.w.org\/{rel}","templated":true}]}}