{"id":885,"date":"2022-08-17T10:57:15","date_gmt":"2022-08-17T13:57:15","guid":{"rendered":"https:\/\/idihcs.fahce.unlp.edu.ar\/ceil\/?page_id=885"},"modified":"2024-02-20T15:13:14","modified_gmt":"2024-02-20T18:13:14","slug":"grupo-diver-sidad","status":"publish","type":"page","link":"https:\/\/idihcs.fahce.unlp.edu.ar\/ceil\/grupo-diver-sidad\/","title":{"rendered":"Grupo Diver-sidad"},"content":{"rendered":"\n<p><strong>Coordina<\/strong><\/p>\n\n\n\n<p><a href=\"https:\/\/idihcs.fahce.unlp.edu.ar\/integrante_idihcs\/martinez-angelita-2\/\">Angelita Mart\u00ednez<\/a><\/p>\n\n\n\n<p><strong>Integrantes<\/strong><\/p>\n\n\n\n<p><a href=\"https:\/\/idihcs.fahce.unlp.edu.ar\/integrante_idihcs\/alvarez-garriga-dolores-2\/\">Dolores \u00c1lvarez Garriga<\/a>, <a href=\"https:\/\/idihcs.fahce.unlp.edu.ar\/integrante_idihcs\/gonzalo-yesica-analia-2\/\">Y\u00e9sica Gonzalo<\/a>, Adriana Speranza, <a href=\"https:\/\/idihcs.fahce.unlp.edu.ar\/integrante_idihcs\/bravo-de-laguna-maria-gabriela-2\/\">Gabriela Bravo de Laguna<\/a>, Natalia Busalino, <a href=\"https:\/\/idihcs.fahce.unlp.edu.ar\/integrante_idihcs\/mestriner-ivana-candela-2\/\">Ivana Mestriner<\/a><\/p>\n\n\n\n<p><strong>Descripci\u00f3n<\/strong><\/p>\n\n\n\n<p>DIVER-sidad es un grupo que estudia, investiga y debate fen\u00f3menos de variaci\u00f3n ling\u00fc\u00edstica y contacto de lenguas. El&nbsp; enfoque tiene&nbsp; su&nbsp; asidero&nbsp; en el&nbsp; marco te\u00f3rico&nbsp; y metodol\u00f3gico&nbsp; que&nbsp; propone la&nbsp; Escuela Ling\u00fc\u00edstica de Columbia, m\u00e1s espec\u00edficamente en los avances del profesor en ling\u00fc\u00edstica fundador de la ya nombrada escuela, William Diver, quien introdujo en las investigaciones sobre la comunicaci\u00f3n la fundamentaci\u00f3n de que el lenguaje debe entenderse como un comportamiento humano. Diver consider\u00f3 fundamental estudiar al lenguaje a partir de las experiencias concretas de los hablantes por eso sus estudios comenzaron&nbsp; abarcan&nbsp; tanto&nbsp; la&nbsp; lengua&nbsp; escrita&nbsp; como&nbsp; la&nbsp; oralidad.&nbsp; Su&nbsp; enfoque&nbsp; comunicativo-funcional permite investigar los lenguajes a partir de experiencias concretas de los hablantes yexplorar determinados fen\u00f3menos ling\u00fc\u00edsticos como resultados de necesidades comunicativas y modos de comprender y de concebir el mundo.<\/p>\n\n\n\n<p>Los distintos fen\u00f3menos son investigados a partir de la observaci\u00f3n del lenguaje en uso, en los distintos soportes en que se manifiestan los enunciados: lenguaje oral, entrevistas, videos, discurso period\u00edstico, discurso pol\u00edtico, literatura, etc.<\/p>\n","protected":false},"excerpt":{"rendered":"<p>Coordina Angelita Mart\u00ednez Integrantes Dolores \u00c1lvarez Garriga, Y\u00e9sica Gonzalo, Adriana Speranza, Gabriela Bravo de Laguna, Natalia Busalino, Ivana Mestriner Descripci\u00f3n DIVER-sidad es un grupo que estudia, investiga y debate fen\u00f3menos de variaci\u00f3n ling\u00fc\u00edstica y contacto de lenguas. El&nbsp; enfoque tiene&nbsp; su&nbsp; asidero&nbsp; en el&nbsp; marco te\u00f3rico&nbsp; y metodol\u00f3gico&nbsp; que&nbsp; propone la&nbsp; Escuela Ling\u00fc\u00edstica de Columbia, [&hellip;]<\/p>\n","protected":false},"author":14,"featured_media":0,"parent":0,"menu_order":0,"comment_status":"closed","ping_status":"closed","template":"page-ui.php","meta":{"_themeisle_gutenberg_block_has_review":false,"footnotes":""},"class_list":["post-885","page","type-page","status-publish","hentry"],"acf":[],"rttpg_featured_image_url":null,"rttpg_author":{"display_name":"ceil","author_link":"https:\/\/idihcs.fahce.unlp.edu.ar\/ceil\/author\/ceil\/"},"rttpg_comment":0,"rttpg_category":null,"rttpg_excerpt":"Coordina Angelita Mart\u00ednez Integrantes Dolores \u00c1lvarez Garriga, Y\u00e9sica Gonzalo, Adriana Speranza, Gabriela Bravo de Laguna, Natalia Busalino, Ivana Mestriner Descripci\u00f3n DIVER-sidad es un grupo que estudia, investiga y debate fen\u00f3menos de variaci\u00f3n ling\u00fc\u00edstica y contacto de lenguas. El&nbsp; enfoque tiene&nbsp; su&nbsp; asidero&nbsp; en el&nbsp; marco te\u00f3rico&nbsp; y metodol\u00f3gico&nbsp; que&nbsp; propone la&nbsp; Escuela Ling\u00fc\u00edstica de Columbia,&hellip;","_links":{"self":[{"href":"https:\/\/idihcs.fahce.unlp.edu.ar\/ceil\/wp-json\/wp\/v2\/pages\/885","targetHints":{"allow":["GET"]}}],"collection":[{"href":"https:\/\/idihcs.fahce.unlp.edu.ar\/ceil\/wp-json\/wp\/v2\/pages"}],"about":[{"href":"https:\/\/idihcs.fahce.unlp.edu.ar\/ceil\/wp-json\/wp\/v2\/types\/page"}],"author":[{"embeddable":true,"href":"https:\/\/idihcs.fahce.unlp.edu.ar\/ceil\/wp-json\/wp\/v2\/users\/14"}],"replies":[{"embeddable":true,"href":"https:\/\/idihcs.fahce.unlp.edu.ar\/ceil\/wp-json\/wp\/v2\/comments?post=885"}],"version-history":[{"count":3,"href":"https:\/\/idihcs.fahce.unlp.edu.ar\/ceil\/wp-json\/wp\/v2\/pages\/885\/revisions"}],"predecessor-version":[{"id":1237,"href":"https:\/\/idihcs.fahce.unlp.edu.ar\/ceil\/wp-json\/wp\/v2\/pages\/885\/revisions\/1237"}],"wp:attachment":[{"href":"https:\/\/idihcs.fahce.unlp.edu.ar\/ceil\/wp-json\/wp\/v2\/media?parent=885"}],"curies":[{"name":"wp","href":"https:\/\/api.w.org\/{rel}","templated":true}]}}