{"id":164,"date":"2018-06-21T15:03:21","date_gmt":"2018-06-21T18:03:21","guid":{"rendered":"http:\/\/163.10.30.48\/~posgrado6\/wordpress\/ceil\/?page_id=164"},"modified":"2026-03-27T12:08:40","modified_gmt":"2026-03-27T15:08:40","slug":"enlaces-de-interes","status":"publish","type":"page","link":"https:\/\/idihcs.fahce.unlp.edu.ar\/ceil\/enlaces-de-interes\/","title":{"rendered":"CEIL &#8211; Enlaces de Inter\u00e9s"},"content":{"rendered":"<p><strong>Institutos y otras unidades de investigaci\u00f3n nacionales<\/strong><\/p>\n<ul>\n<li><a href=\"https:\/\/www.aal.edu.ar\/\">Academia Argentina de Letras<\/a><\/li>\n<li><a href=\"https:\/\/www.iiapunr.com.ar\/copia-de-copia-de-copia-de-centro-de-2\">Centro de Estudios Comparativos (UNR)<\/a><\/li>\n<li><a href=\"https:\/\/www.iiapunr.com.ar\/copia-de-centro-de-estudios-norteam\">Centro de Estudios de Adquisici\u00f3n del Lenguaje (UNR)<\/a><\/li>\n<li><a href=\"https:\/\/www.iiapunr.com.ar\/copia-de-centro-de-estudios-comparativos\">Centro de Estudios de Ling\u00fc\u00edstica Te\u00f3rica (UNR)<\/a><\/li>\n<li><a href=\"https:\/\/www.iiapunr.com.ar\/copia-de-copia-de-copia-de-copia\">Centro de Estudios del Espa\u00f1ol como Lengua Extranjera (UNR)<\/a><\/li>\n<li><a href=\"http:\/\/www.unsam.edu.ar\/escuelas\/humanidades\/centros\/celes\/\">Centro de Estudios del Lenguaje en Sociedad (UNSAM)<\/a><\/li>\n<li><a href=\"http:\/\/hum.unsa.edu.ar\/index.php\/institutos-de-investigacion\/cileci\">Centro de Investigaci\u00f3n en Lenguas, Educaci\u00f3n y Culturas Ind\u00edgenas (UNSa)<\/a><\/li>\n<li><a href=\"http:\/\/www.cidele.unlu.edu.ar\/\">Centro de Investigaci\u00f3n, Docencia y Extensi\u00f3n en Lenguas Extranjeras (UNLu)<\/a><\/li>\n<li><a href=\"https:\/\/www.unsam.edu.ar\/escuelas\/humanidades\/centros\/c_furt\/presentacion.asp\">Centro de Investigaciones Filol\u00f3gicas \u201cJorge Mart\u00edn Furt\u201d (UNSAM)<\/a><\/li>\n<li><a href=\"https:\/\/fhu.unse.edu.ar\/index.php\/preidiomas\">Centro de Servicios en Lenguas Extranjeras (UNSE)<\/a><\/li>\n<li><a href=\"https:\/\/www.unrn.edu.ar\/section\/123\/-centros.html\">Centro Estudios de Literatura, el Lenguaje, su Aprendizaje y su Ense\u00f1anza\u00a0 (UNRN)<\/a><\/li>\n<li><a href=\"https:\/\/www.unsam.edu.ar\/escuelas\/humanidades\/centros\/c_cepel\/presentacion.asp\">Centro Para el Estudio de Lenguas (UNSAM)<\/a><\/li>\n<li><a href=\"http:\/\/iflh.institutos.filo.uba.ar\/\">Instituto de Filolog\u00eda y Literaturas Hisp\u00e1nicas &#8220;Dr. Amado Alonso&#8221; (UBA)<\/a><\/li>\n<li><a href=\"http:\/\/hum.unsa.edu.ar\/index.php\/institutos-de-investigacion\/instituto-de-folklore-y-literatura-regional-dr-augusto-r-cortazar\">Instituto de Folklore y Literatura Regional &#8220;Dr. Augusto R. Cortazar&#8221; (UNSa)<\/a><\/li>\n<li><a href=\"https:\/\/fondobattini.unsj.edu.ar\/institucional\">Instituto de Investigaciones Ling\u00fc\u00edsticas y Filol\u00f3gicas &#8220;Manuel Alvar&#8221; (UNSJ)<\/a><\/li>\n<li><a href=\"http:\/\/filo.unt.edu.ar\/insil\/\">Instituto de Investigaciones Ling\u00fc\u00edsticas y Literarias Hispanoamericanas &#8220;Dra. Elena M. Rojas Mayer&#8221; (UT)<\/a><\/li>\n<li><a href=\"https:\/\/noasur.conicet.gov.ar\/invelec\/#:~:text=El%20INVELEC%20es%20un%20Instituto,la%20realidad%20y%20la%20historia.\">Instituto de Investigaciones sobre Lenguaje y Cultura (UNT)<\/a><\/li>\n<li><a href=\"http:\/\/fh.unf.edu.ar\/integrantes\/\">Instituto de Investigaciones sobre Lenguaje, Sociedad y Territorio (UNF)<\/a><\/li>\n<li><a href=\"http:\/\/il.institutos.filo.uba.ar\/\">Instituto de Ling\u00fc\u00edstica (UBA)<\/a><\/li>\n<li><a href=\"https:\/\/ffyl.uncuyo.edu.ar\/instituto-de-lingistica\">Instituto de Ling\u00fc\u00edstica (UNCuyo)<\/a><\/li>\n<li><a href=\"http:\/\/www.humanas.unlpam.edu.ar\/fchst\/Institutos\/Linguistica\/Ilinguistic.html\">Instituto de Ling\u00fc\u00edstica (UNLPam)<\/a><\/li>\n<li><a href=\"http:\/\/www.humanas.unlpam.edu.ar\/fchst\/Institutos\/EducLengSoc\/IEducLegSoc.html\">Instituto para el Estudio de la Educaci\u00f3n, el Lenguaje y la Sociedad (UNLPam)<\/a><\/li>\n<\/ul>\n<p><strong>Instituciones Internacionales<\/strong><\/p>\n<ul>\n<li><a href=\"https:\/\/www.csling.org\/\">Columbia School Linguistic Society<\/a><\/li>\n<li><span class=\"summary\"><a class=\"contenttype-link state-published url\" href=\"https:\/\/www.cervantesvirtual.com\/\">Fundaci\u00f3n Biblioteca Virtual Miguel de Cervantes<\/a><\/span><\/li>\n<\/ul>\n<p><strong>Corpus documental<\/strong><\/p>\n<ul>\n<li><a href=\"http:\/\/www.cordiam.org\/doc\/presentacion.html\"><span class=\"summary\">CORDIAM: Corpus Diacr\u00f3nico y Diat\u00f3pico del Espa\u00f1ol de Am\u00e9rica<\/span><\/a><\/li>\n<li><a href=\"https:\/\/www.rae.es\/banco-de-datos\/corpes-xxi\"><span class=\"summary\">Corpus del Espa\u00f1ol del Siglo XXI (RAE)<\/span><\/a><\/li>\n<li><a href=\"https:\/\/corpus.rae.es\/creanet.html\"><span class=\"summary\">Corpus de Referencia del Espa\u00f1ol Actual<\/span><\/a><\/li>\n<li><a href=\"https:\/\/fondobattini.unsj.edu.ar\/fondo_battini\">Fondo Berta Vidal de Battini<\/a><\/li>\n<\/ul>\n<p><strong>Revistas cient\u00edficas nacionales<\/strong><\/p>\n<table style=\"border-collapse: collapse;width: 100%\">\n<tbody>\n<tr>\n<td style=\"width: 30.5952%\">\n<ul>\n<li><em><a href=\"http:\/\/www.adversus.org\/sumario\/prop_editorial.htm\">Adversus. Revista de semi\u00f3tica<\/a><\/em><\/li>\n<li><a href=\"https:\/\/revistas.uncu.edu.ar\/ojs3\/index.php\/analeslinguistica\/announcement\/view\/290\"><em>Anales de Ling\u00fc\u00edstica<\/em><\/a><\/li>\n<li><a href=\"https:\/\/cerac.unlpam.edu.ar\/index.php\/anclajes\/about\"><em>Anclajes<\/em><\/a><\/li>\n<li><a href=\"https:\/\/revistas.uncu.edu.ar\/ojs3\/index.php\/convergencias\/index\"><em>Convergencias. Lenguaje y ense\u00f1anza<\/em><\/a><\/li>\n<li><em><a href=\"http:\/\/bibliotecavirtual.unl.edu.ar\/publicaciones\/index.php\/DeSignosySentidos\/issue\/current\">De signos y sentidos<\/a><\/em><\/li>\n<li><em><a href=\"http:\/\/revistas.bibdigital.uccor.edu.ar\/index.php\/dialogos\/index\">Di\u00e1logos pedag\u00f3gicos<\/a><\/em><\/li>\n<li><a href=\"https:\/\/revistas.unc.edu.ar\/index.php\/efi\/issue\/view\/3227\"><i>Educaci\u00f3n Formaci\u00f3n e Investigaci\u00f3n\u00a0<\/i><\/a><\/li>\n<li><em><a href=\"https:\/\/cerac.unlpam.edu.ar\/index.php\/els\/issue\/archive\">Educaci\u00f3n, Lenguaje y Sociedad<\/a><\/em><\/li>\n<\/ul>\n<\/td>\n<td style=\"width: 39.6429%\">\n<ul>\n<li><i><a href=\"https:\/\/pcient.uner.edu.ar\/index.php\/elcardo\/about\/submissions\">El Cardo<\/a>\u00a0<\/i><\/li>\n<li><a href=\"https:\/\/revistas.unc.edu.ar\/index.php\/heterotopias\/index\"><i>Heterotop\u00edas<\/i>\u00a0<\/a><\/li>\n<li><a href=\"https:\/\/polipapers.upv.es\/index.php\/lyt\/Checklist\"><em>Lenguaje y Textos<\/em><\/a><\/li>\n<li><em><a href=\"https:\/\/cerac.unlpam.edu.ar\/index.php\/praxis\/index\">Praxis educativa<\/a><\/em><\/li>\n<li><em><a href=\"https:\/\/perio.unlp.edu.ar\/ojs\/index.php\/question\/\">Question<\/a><\/em><\/li>\n<li><a href=\"https:\/\/revele.uncoma.edu.ar\/index.php\/lingustica\/index\"><em>Quint\u00fa Quim\u00fcn. Revista de Ling\u00fc\u00edstica<\/em><\/a><\/li>\n<li><a href=\"https:\/\/www.rahl.ar\/index.php\/rahl\/about\/submissions#onlineSubmissions\"><em>RAHL. Revista argentina de historiograf\u00eda ling\u00fc\u00edstica<\/em><\/a><\/li>\n<li><a href=\"https:\/\/revistas.unc.edu.ar\/index.php\/recial\/about\/submissions\"><em>Recial<\/em><\/a><\/li>\n<li><em><a href=\"http:\/\/www.cricyt.edu.ar\/ral\/ral.htm\">Revista Argentina de Ling\u00fc\u00edstica (RAL)<\/a><\/em><\/li>\n<\/ul>\n<\/td>\n<td style=\"width: 29.7618%\">\n<ul>\n<li><em><a href=\"https:\/\/fh.mdp.edu.ar\/revistas\/index.php\/r_educ\/index\">Revista de Educaci\u00f3n<\/a><\/em><\/li>\n<li><em><a href=\"https:\/\/revistas.um.es\/rie\">Revista de investigaci\u00f3n educativa<\/a><\/em><\/li>\n<li><a href=\"https:\/\/ojs.cbc.uba.ar\/index.php\/redes\/about\/submissions\"><i>Revista Electr\u00f3nica de Did\u00e1ctica en Educaci\u00f3n Superior<\/i><\/a><\/li>\n<li><a href=\"http:\/\/www.lecturayvida.fahce.unlp.edu.ar\/\"><em>Revista Lectura y Vida<\/em><\/a><\/li>\n<li><a href=\"https:\/\/rasal.sael.org.ar\/index.php\/inicio\"><em>Revista RASAL<\/em><\/a><\/li>\n<li><a href=\"http:\/\/revistascientificas.filo.uba.ar\/index.php\/sys\/index\"><em>Revista Signo y Se\u00f1a<\/em><\/a><\/li>\n<li><a href=\"https:\/\/sagarevistadeletras.unr.edu.ar\/index.php\/revista\/index\"><i>Saga\u00a0<\/i><\/a><\/li>\n<li><a href=\"https:\/\/www.fhuc.unl.edu.ar\/institucional\/texturas\/\"><em>Texturas<\/em><\/a><\/li>\n<li><a href=\"https:\/\/revistas.uncu.edu.ar\/ojs3\/index.php\/traslaciones\/index\"><em>Traslacione<\/em>s<\/a><\/li>\n<\/ul>\n<\/td>\n<\/tr>\n<\/tbody>\n<\/table>\n<p><strong>Revistas cient\u00edficas internacionales<\/strong><\/p>\n<table style=\"width: 100%;border-collapse: collapse;border-style: none\">\n<tbody>\n<tr>\n<td style=\"width: 50%\">\n<ul>\n<li><a href=\"https:\/\/periodicos.uem.br\/ojs\/index.php\/ActaSciLangCult\/index\"><em>Acta Scientiarum. Language and Culture<\/em><\/a> (Universidade Estadual de Maring\u00e1, Brasil)<\/li>\n<li><em><a href=\"https:\/\/journals.uco.es\/alfinge\">Alfinge. Revista de Filolog\u00eda<\/a><\/em> (Universidad de C\u00f3rdoba, Espa\u00f1a)<\/li>\n<li><a href=\"https:\/\/amerindia.cnrs.fr\/pagina-principal\/\"><em>Amerindia<\/em><\/a> (CNRS, Francia)<\/li>\n<li><a href=\"https:\/\/revistas.um.es\/analesff\"><em>Anales de filolog\u00eda francesa<\/em><\/a> (Universidad de Murcia, Espa\u00f1a)<\/li>\n<li><a href=\"https:\/\/revistas-filologicas.unam.mx\/anuario-letras\/index.php\/al\/index\"><em>Anuario de Letras. Ling\u00fc\u00edstica y Filolog\u00eda<\/em><\/a> (UNAM, M\u00e9xico)<\/li>\n<li><a href=\"https:\/\/ojs.ufgd.edu.br\/arredia\"><em>ArReDia<\/em><\/a> (UFDG, Brasil)<\/li>\n<li><a href=\"https:\/\/revistas.unicordoba.edu.co\/index.php\/avedhum\/about\"><i>Avances en Educaci\u00f3n y Humanidades <\/i><\/a>(Universidad de C\u00f3rdoba, Colombia)<\/li>\n<li><em><a href=\"https:\/\/revistas.pucsp.br\/index.php\/bakhtiniana\/index\">Bakhtiniana: Revista de Estudos do Discurso<\/a><\/em> (PPG-LAEL, Brasil)<\/li>\n<li><em><a href=\"https:\/\/ueg.br\/itapuranga\/noticia\/12249_building_the_way__revista_do_curso_de_letras_da_ueg_itapuranga\">Building the way &#8211; Revista do Curso de Letras<\/a><\/em> (Universidade Estadual de Goi\u00e1s, Brasil)<\/li>\n<li><a href=\"https:\/\/revistas.ucm.es\/index.php\/CLAC\/\"><em>C\u00edrculo de ling\u00fc\u00edstica aplicada a la comunicaci\u00f3n<\/em><\/a> (Universidad Complutense de Madrid, Espa\u00f1a)<\/li>\n<li><em><a href=\"https:\/\/revistas.udistrital.edu.co\/index.php\/calj\">Colombian Applied Linguistics Journal<\/a><\/em> (Universidad Distrital Francisco Jos\u00e9 de Caldas, Colombia)<\/li>\n<li><em><a href=\"https:\/\/cuadernoslinguistica.colmex.mx\/index.php\/cl\">Cuadernos de Ling\u00fc\u00edstica de El Colegio de M\u00e9xico<\/a><\/em> (El Colegio de M\u00e9xico)<\/li>\n<li><i><a href=\"https:\/\/revistas.ort.edu.uy\/cuadernos-de-investigacion-educativa\/about\/submissions\">Cuadernos de Investigaci\u00f3n Educativa<\/a>\u00a0 <\/i>(Universidad ORT Uruguay)<\/li>\n<li><a href=\"https:\/\/journals.uio.no\/index.php\/Dialogia\"><em>Dialog\u00eda. Revista de ling\u00fc\u00edstica, literatura y cultura<\/em><\/a> (Universidad Nacional de San Crist\u00f3bal de Huamanga, Per\u00fa)<\/li>\n<li><em><a href=\"https:\/\/revistas.ucm.es\/index.php\/DICE\">Dicenda. Cuadernos de Filolog\u00eda Hisp\u00e1nica<\/a><\/em> (Universidad Complutense de Madrid, Espa\u00f1a)<\/li>\n<li><a href=\"https:\/\/revistas.ucm.es\/index.php\/DIDA\/issue\/view\/3524\"><em>Did\u00e1ctica. Lengua y Literatura<\/em><\/a> (Universidad Complutense de Madrid, Espa\u00f1a)<\/li>\n<li><a href=\"https:\/\/revistes.ub.edu\/index.php\/didacticae\/index\"><em>Didacticae<\/em><\/a> (Universidad de Barcelona, Espa\u00f1a)<\/li>\n<li><i><a href=\"https:\/\/revistas.uam.es\/didacticasespecificas\/about\">Did\u00e1cticas espec\u00edficas<\/a>\u00a0<\/i>(Universidad Aut\u00f3noma de Madrid)<\/li>\n<li><a href=\"https:\/\/revistas.uis.edu.co\/index.php\/revistadocencia\/about\"><em>Docencia Universitaria<\/em><\/a> (Universitaria,\u00a0 Bucaramanga,\u00a0 Colombia)<\/li>\n<li><a href=\"https:\/\/www.revistas.una.ac.cr\/index.php\/EDUCARE\/about\/submissions\"><i>Educare\u00a0<\/i><\/a>(Universidad de Costa Rica)<\/li>\n<li><i><a href=\"http:\/\/revistas.uach.cl\/index.php\/efilolo\/about\">Estudios Filol\u00f3gicos<\/a>\u00a0<\/i>(Universidad Austral, Chile)<\/li>\n<li><a href=\"https:\/\/estudioslambda.unison.mx\/index.php\/estudioslambda\/index\"><em>Estudios \u03bbambda. Teor\u00eda y pr\u00e1ctica de la did\u00e1ctica en lengua y literatura<\/em><\/a> (Universidad de Sonora, M\u00e9xico)<\/li>\n<li><em><a href=\"https:\/\/revistas.um.es\/estudiosromanicos\">Estudios rom\u00e1nicos<\/a><\/em> (Universidad de Murcia, Espa\u00f1a)<\/li>\n<li><a href=\"https:\/\/revistas.uned.es\/index.php\/ELIA\"><em>Elia. Estudios de ling\u00fc\u00edstica inglesa aplicada<\/em><\/a> (UNED, Espa\u00f1a)<\/li>\n<li><a href=\"https:\/\/emerita.revistas.csic.es\/index.php\/emerita\"><em>Emerita. Revista de ling\u00fc\u00edstica y filolog\u00eda cl\u00e1sica<\/em><\/a> (CCHS, Espa\u00f1a)<\/li>\n<li><a href=\"https:\/\/periodicos.ufnt.edu.br\/index.php\/entreletras\/about\"><em>Entreletras<\/em> <\/a>(Universidade Federal do Norte do Tocantins, Brasil)<\/li>\n<li><a href=\"https:\/\/revistas.upel.edu.ve\/index.php\/entreletras\/index\"><em>Entreletras<\/em><\/a> (Universidad Pedag\u00f3gica Experimental Libertador, Venezuela)<\/li>\n<li><a href=\"https:\/\/revistaelua.ua.es\/about\"><em>ELUA: Estudios de Ling\u00fc\u00edstica del Espa\u00f1ol<\/em><\/a> (Universidad de Alicante, Espa\u00f1a)<\/li>\n<li><i><a href=\"https:\/\/revistas.uaq.mx\/index.php\/diseminaciones\/index\">Diseminaciones<\/a>\u00a0<\/i>(Universidad Aut\u00f3noma de Quer\u00e9taro)<\/li>\n<li><a href=\"https:\/\/revistas.upn.edu.co\/index.php\/RF\/about\"><em>Folios<\/em> <\/a>(Universidad Pedag\u00f3gica Nacvional, Colombia)<\/li>\n<li><a href=\"https:\/\/revistes.uab.cat\/isogloss\/index\"><em>Isogloss. A journal on variation of Romance and Iberian languages<\/em><\/a> (Universidad Aut\u00f3noma de Barcelona, Espa\u00f1a)<\/li>\n<\/ul>\n<\/td>\n<td style=\"width: 50%\">\n<ul>\n<li><a href=\"http:\/\/bdigital2.ula.ve:8080\/xmlui\/handle\/654321\/454\"><em>Lengua y Habla<\/em><\/a> (Universidad de Los Andes, Venezuela)<\/li>\n<li><a href=\"https:\/\/erevistas.publicaciones.uah.es\/ojs\/index.php\/lenguaymigracion\/index\"><em>Lengua y migraci\u00f3n<\/em><\/a> (Universidad de Alcal\u00e1, Espa\u00f1a)<\/li>\n<li><a href=\"https:\/\/www.facultaddelenguas.com\/lencontexto\/\"><em>Lenguas en contexto<\/em><\/a> (Universidad Aut\u00f3noma de Puebla)<\/li>\n<li><i><a href=\"https:\/\/revistasinvestigacion.unmsm.edu.pe\/index.php\/lenguaysociedad\/issue\/view\/1805\">Lengua y Sociedad<\/a>\u00a0<\/i>(UNMSM, Per\u00fa)<\/li>\n<li><em><a href=\"https:\/\/www.revistas.una.ac.cr\/index.php\/letras\">Letras. Revista de literatura, ling\u00fc\u00edstica y ense\u00f1anza<\/a><\/em> (Universidad Nacional de Costa Rica)<\/li>\n<li><a href=\"https:\/\/revistas.pucp.edu.pe\/index.php\/lexis\"><em>Lexis. Revista de ling\u00fc\u00edstica y literatura<\/em><\/a> (Universidad Cat\u00f3lica del Per\u00fa)<\/li>\n<li><i><a href=\"https:\/\/periodicos.sbu.unicamp.br\/ojs\/index.php\/lil\/about\">L\u00ednguas e Instrumentos Lingu\u00edsticos<\/a>\u00a0<\/i>(Universidade Estadual de Campinas, Brasil)<\/li>\n<li><a href=\"https:\/\/revistas.udea.edu.co\/index.php\/lyl\/issue\/view\/4495\"><em>Ling\u00fc\u00edstica y literatura\u00a0<\/em><\/a><br \/>\n(Universidad de Antioquia, Colombia)<\/li>\n<li><i><a href=\"https:\/\/revistas.javeriana.edu.co\/index.php\/MAGIS\/callsforpapers\">Magis, Revista Internacional de Investigaci\u00f3n en Educaci\u00f3n<\/a> <\/i>(Pontificia universidad Javeriana, Colombia)<\/li>\n<li><a href=\"https:\/\/revistas.usc.gal\/index.php\/moenia\/index\"><em>Moenia. Revista lucense de ling\u00fc\u00edstica &amp; literatur<\/em><\/a>a (Universidade Santiago de Compostela, Espa\u00f1a)<\/li>\n<li><a href=\"https:\/\/revista.uclm.es\/index.php\/multiareae\/about\"><i>MULTI\u00e1rea\u00a0<\/i><\/a>(Universidad de Castilla-La Mancha, Espa\u00f1a)<\/li>\n<li><a href=\"https:\/\/revistas.upn.edu.co\/index.php\/NYN\"><i>Nodos y Nudos<\/i><\/a>\u00a0(Universidad Pedag\u00f3gica Nacional, Colombia)<\/li>\n<li><a href=\"https:\/\/nrfh.colmex.mx\/index.php\/nrfh\"><em>Nueva Revista de Filolog\u00eda Hisp\u00e1nica<\/em><\/a> (El Colegio de M\u00e9xico, M\u00e9xico)<\/li>\n<li><a href=\"https:\/\/www.revistaocnos.com\/index.php\/ocnos\/about\/submissions\"><i>Ocnos. Revista de estudios sobre lectura <\/i><\/a>(Universidad de Castilla-La Mancha, Espa\u00f1a)<\/li>\n<li><a href=\"https:\/\/www.ull.es\/revistas\/index.php\/qurriculum\/about\"><i>Qurriculum\u00a0<\/i><\/a>(Universidad de La Laguna, Espa\u00f1a)<\/li>\n<li><a href=\"https:\/\/redie.uabc.mx\/redie\/index\"><i>Revista Electr\u00f3nica de Investigaci\u00f3n Educativa<\/i><\/a> (Universidad Aut\u00f3noma de Baja California, M\u00e9xico)<\/li>\n<li><a href=\"https:\/\/revistas.ucu.edu.uy\/index.php\/paginasdeeducacion\/index\"><i>P\u00e1ginas de Educaci\u00f3n<\/i><\/a> (Universidad Cat\u00f3lica del Uruguay)<\/li>\n<li><i>Propuestas Educativas\u00a0<\/i>(Universidad Adventista de Bolivia)<\/li>\n<li><a href=\"https:\/\/revistas.uned.es\/index.php\/rdh\/about\"><i>Revista de Humanidades<\/i><\/a> (Centro Asociado de la UNED, Espa\u00f1a)<\/li>\n<li><a href=\"https:\/\/revistas.um.es\/rie\/Enfoquerevista\"><i>Revista de Investigaci\u00f3n Educativa (RIE)\u00a0<\/i><\/a>(Universidad de Murcia, Espa\u00f1a)<\/li>\n<li><em><a href=\"https:\/\/revistas.um.es\/ril\">Revista de Investigaci\u00f3n Ling\u00fc\u00edstica<\/a><\/em> (Universidad de Murcia, Espa\u00f1a)<\/li>\n<li><a href=\"https:\/\/polipapers.upv.es\/index.php\/rdlyla\/index\"><em>Revista de Ling\u00fc\u00edstica y Lenguas Aplicadas<\/em><\/a> (Universitat Polit\u00e8cnica de Val\u00e8ncia, Espa\u00f1a)<\/li>\n<li><em><a href=\"http:\/\/revista.sel.edu.es\/index.php\/revista\">Revista espa\u00f1ola de ling\u00fc\u00edstica<\/a><\/em> (Sociedad Espa\u00f1ola de Ling\u00fc\u00edstica)<\/li>\n<li><a href=\"https:\/\/www.jbe-platform.com\/content\/journals\/22546774\"><em>Revista espa\u00f1ola de ling\u00fc\u00edstica aplicada<\/em><\/a> (AESLA, Espa\u00f1a)<\/li>\n<li><a href=\"https:\/\/revistasignos.cl\/index.php\/signos\/index\"><em>Rev<\/em><em>ista signos. Estudios de ling\u00fc\u00edstica<\/em><\/a> (Universidad Cat\u00f3lica de Valpara\u00edso, Chile)<\/li>\n<li><a href=\"https:\/\/ojs.utlib.ee\/index.php\/sss\"><em>Sign Systems Studies<\/em><\/a> (University of Tartu, Estonia)<\/li>\n<li><em><a href=\"https:\/\/ojs.utlib.ee\/index.php\/sss\">Sintagma. Revista de ling\u00fc\u00edstica.<\/a> Textos en proceso<\/em> (Universitat de Lleida, Espa\u00f1a)<\/li>\n<li><a href=\"https:\/\/revistas.uniandes.edu.co\/index.php\/vys\/about\"><em><span data-contrast=\"auto\">Voces y Silencios: Revista Latinoamericana de Educaci\u00f3n<\/span><\/em><\/a><span data-contrast=\"auto\">\u202f (Universidad de Los Andes, Colombia)<\/span><\/li>\n<\/ul>\n<\/td>\n<\/tr>\n<\/tbody>\n<\/table>\n","protected":false},"excerpt":{"rendered":"<p>Institutos y otras unidades de investigaci\u00f3n nacionales Academia Argentina de Letras Centro de Estudios Comparativos (UNR) Centro de Estudios de Adquisici\u00f3n del Lenguaje (UNR) Centro de Estudios de Ling\u00fc\u00edstica Te\u00f3rica (UNR) Centro de Estudios del Espa\u00f1ol como Lengua Extranjera (UNR) Centro de Estudios del Lenguaje en Sociedad (UNSAM) Centro de Investigaci\u00f3n en Lenguas, Educaci\u00f3n y [&hellip;]<\/p>\n","protected":false},"author":3,"featured_media":209,"parent":0,"menu_order":0,"comment_status":"closed","ping_status":"closed","template":"page-ui.php","meta":{"_themeisle_gutenberg_block_has_review":false,"footnotes":""},"class_list":["post-164","page","type-page","status-publish","has-post-thumbnail","hentry"],"acf":[],"rttpg_featured_image_url":{"full":["https:\/\/idihcs.fahce.unlp.edu.ar\/ceil\/wp-content\/uploads\/sites\/8\/2018\/06\/banner-ceil.jpg",696,81,false],"landscape":["https:\/\/idihcs.fahce.unlp.edu.ar\/ceil\/wp-content\/uploads\/sites\/8\/2018\/06\/banner-ceil.jpg",696,81,false],"portraits":["https:\/\/idihcs.fahce.unlp.edu.ar\/ceil\/wp-content\/uploads\/sites\/8\/2018\/06\/banner-ceil.jpg",696,81,false],"thumbnail":["https:\/\/idihcs.fahce.unlp.edu.ar\/ceil\/wp-content\/uploads\/sites\/8\/2018\/06\/banner-ceil-150x81.jpg",150,81,true],"medium":["https:\/\/idihcs.fahce.unlp.edu.ar\/ceil\/wp-content\/uploads\/sites\/8\/2018\/06\/banner-ceil-300x35.jpg",300,35,true],"large":["https:\/\/idihcs.fahce.unlp.edu.ar\/ceil\/wp-content\/uploads\/sites\/8\/2018\/06\/banner-ceil.jpg",696,81,false],"1536x1536":["https:\/\/idihcs.fahce.unlp.edu.ar\/ceil\/wp-content\/uploads\/sites\/8\/2018\/06\/banner-ceil.jpg",696,81,false],"2048x2048":["https:\/\/idihcs.fahce.unlp.edu.ar\/ceil\/wp-content\/uploads\/sites\/8\/2018\/06\/banner-ceil.jpg",696,81,false],"td_80x60":["https:\/\/idihcs.fahce.unlp.edu.ar\/ceil\/wp-content\/uploads\/sites\/8\/2018\/06\/banner-ceil-80x60.jpg",80,60,true],"td_100x70":["https:\/\/idihcs.fahce.unlp.edu.ar\/ceil\/wp-content\/uploads\/sites\/8\/2018\/06\/banner-ceil-100x70.jpg",100,70,true],"td_218x150":["https:\/\/idihcs.fahce.unlp.edu.ar\/ceil\/wp-content\/uploads\/sites\/8\/2018\/06\/banner-ceil-218x81.jpg",218,81,true],"td_265x198":["https:\/\/idihcs.fahce.unlp.edu.ar\/ceil\/wp-content\/uploads\/sites\/8\/2018\/06\/banner-ceil-265x81.jpg",265,81,true],"td_324x160":["https:\/\/idihcs.fahce.unlp.edu.ar\/ceil\/wp-content\/uploads\/sites\/8\/2018\/06\/banner-ceil-324x81.jpg",324,81,true],"td_324x235":["https:\/\/idihcs.fahce.unlp.edu.ar\/ceil\/wp-content\/uploads\/sites\/8\/2018\/06\/banner-ceil-324x81.jpg",324,81,true],"td_324x400":["https:\/\/idihcs.fahce.unlp.edu.ar\/ceil\/wp-content\/uploads\/sites\/8\/2018\/06\/banner-ceil-324x81.jpg",324,81,true],"td_356x220":["https:\/\/idihcs.fahce.unlp.edu.ar\/ceil\/wp-content\/uploads\/sites\/8\/2018\/06\/banner-ceil-356x81.jpg",356,81,true],"td_356x364":["https:\/\/idihcs.fahce.unlp.edu.ar\/ceil\/wp-content\/uploads\/sites\/8\/2018\/06\/banner-ceil-356x81.jpg",356,81,true],"td_485x360":["https:\/\/idihcs.fahce.unlp.edu.ar\/ceil\/wp-content\/uploads\/sites\/8\/2018\/06\/banner-ceil-485x81.jpg",485,81,true],"td_533x261":["https:\/\/idihcs.fahce.unlp.edu.ar\/ceil\/wp-content\/uploads\/sites\/8\/2018\/06\/banner-ceil-533x81.jpg",533,81,true],"td_534x462":["https:\/\/idihcs.fahce.unlp.edu.ar\/ceil\/wp-content\/uploads\/sites\/8\/2018\/06\/banner-ceil-534x81.jpg",534,81,true],"td_696x0":["https:\/\/idihcs.fahce.unlp.edu.ar\/ceil\/wp-content\/uploads\/sites\/8\/2018\/06\/banner-ceil-696x81.jpg",696,81,true],"td_696x385":["https:\/\/idihcs.fahce.unlp.edu.ar\/ceil\/wp-content\/uploads\/sites\/8\/2018\/06\/banner-ceil-696x81.jpg",696,81,true],"td_741x486":["https:\/\/idihcs.fahce.unlp.edu.ar\/ceil\/wp-content\/uploads\/sites\/8\/2018\/06\/banner-ceil.jpg",696,81,false],"td_1068x580":["https:\/\/idihcs.fahce.unlp.edu.ar\/ceil\/wp-content\/uploads\/sites\/8\/2018\/06\/banner-ceil.jpg",696,81,false],"td_1068x0":["https:\/\/idihcs.fahce.unlp.edu.ar\/ceil\/wp-content\/uploads\/sites\/8\/2018\/06\/banner-ceil.jpg",696,81,false],"td_0x420":["https:\/\/idihcs.fahce.unlp.edu.ar\/ceil\/wp-content\/uploads\/sites\/8\/2018\/06\/banner-ceil.jpg",696,81,false],"td_1920x0":["https:\/\/idihcs.fahce.unlp.edu.ar\/ceil\/wp-content\/uploads\/sites\/8\/2018\/06\/banner-ceil.jpg",696,81,false],"rt_custom":["https:\/\/idihcs.fahce.unlp.edu.ar\/ceil\/wp-content\/uploads\/sites\/8\/2018\/06\/banner-ceil.jpg",696,81,false]},"rttpg_author":{"display_name":"cbarletta","author_link":"https:\/\/idihcs.fahce.unlp.edu.ar\/ceil\/author\/cbarletta\/"},"rttpg_comment":0,"rttpg_category":null,"rttpg_excerpt":"Institutos y otras unidades de investigaci\u00f3n nacionales Academia Argentina de Letras Centro de Estudios Comparativos (UNR) Centro de Estudios de Adquisici\u00f3n del Lenguaje (UNR) Centro de Estudios de Ling\u00fc\u00edstica Te\u00f3rica (UNR) Centro de Estudios del Espa\u00f1ol como Lengua Extranjera (UNR) Centro de Estudios del Lenguaje en Sociedad (UNSAM) Centro de Investigaci\u00f3n en Lenguas, Educaci\u00f3n y&hellip;","_links":{"self":[{"href":"https:\/\/idihcs.fahce.unlp.edu.ar\/ceil\/wp-json\/wp\/v2\/pages\/164","targetHints":{"allow":["GET"]}}],"collection":[{"href":"https:\/\/idihcs.fahce.unlp.edu.ar\/ceil\/wp-json\/wp\/v2\/pages"}],"about":[{"href":"https:\/\/idihcs.fahce.unlp.edu.ar\/ceil\/wp-json\/wp\/v2\/types\/page"}],"author":[{"embeddable":true,"href":"https:\/\/idihcs.fahce.unlp.edu.ar\/ceil\/wp-json\/wp\/v2\/users\/3"}],"replies":[{"embeddable":true,"href":"https:\/\/idihcs.fahce.unlp.edu.ar\/ceil\/wp-json\/wp\/v2\/comments?post=164"}],"version-history":[{"count":21,"href":"https:\/\/idihcs.fahce.unlp.edu.ar\/ceil\/wp-json\/wp\/v2\/pages\/164\/revisions"}],"predecessor-version":[{"id":1668,"href":"https:\/\/idihcs.fahce.unlp.edu.ar\/ceil\/wp-json\/wp\/v2\/pages\/164\/revisions\/1668"}],"wp:featuredmedia":[{"embeddable":true,"href":"https:\/\/idihcs.fahce.unlp.edu.ar\/ceil\/wp-json\/wp\/v2\/media\/209"}],"wp:attachment":[{"href":"https:\/\/idihcs.fahce.unlp.edu.ar\/ceil\/wp-json\/wp\/v2\/media?parent=164"}],"curies":[{"name":"wp","href":"https:\/\/api.w.org\/{rel}","templated":true}]}}