{"id":158,"date":"2018-06-21T15:00:27","date_gmt":"2018-06-21T18:00:27","guid":{"rendered":"http:\/\/163.10.30.48\/~posgrado6\/wordpress\/ceil\/?page_id=158"},"modified":"2025-02-26T11:01:54","modified_gmt":"2025-02-26T14:01:54","slug":"actividades","status":"publish","type":"page","link":"https:\/\/idihcs.fahce.unlp.edu.ar\/ceil\/actividades\/","title":{"rendered":"CEIL &#8211; Jornadas, congresos y conferencias"},"content":{"rendered":"<p><strong>Jornadas y congresos<\/strong><\/p>\n<p>I Congreso de la Delegaci\u00f3n Argentina de la ALFAL y V Jornadas Internacionales de Investigaci\u00f3n en Filolog\u00eda Hisp\u00e1nica: &#8220;Identidades din\u00e1micas. Variaci\u00f3n y cambio en el espa\u00f1ol de Am\u00e9rica&#8221;.<\/p>\n<p>La Plata, 21, 22 y 23 de marzo de 2012.<\/p>\n<ul>\n<li><a href=\"http:\/\/jornadasfilologiaylinguistica.fahce.unlp.edu.ar\/v-jornadas\">Sitio web<\/a><\/li>\n<li><a href=\"http:\/\/jornadasfilologiaylinguistica.fahce.unlp.edu.ar\/v-jornadas\/v-jornadas\/listado-de-autores\">Actas<\/a><\/li>\n<\/ul>\n<p>II Congreso de la Delegaci\u00f3n Argentina de la Asociaci\u00f3n de Ling\u00fc\u00edstica y Filolog\u00eda de Am\u00e9rica Latina (ALFAL) y VII Jornadas Internacionales de Investigaci\u00f3n en Filolog\u00eda y Ling\u00fc\u00edstica: &#8220;Identidades din\u00e1micas II: Contactos y conflictos ling\u00fc\u00edsticos en Am\u00e9rica.<\/p>\n<p>Ensenada, 21 al 24 de abril de 2015.<\/p>\n<ul>\n<li><a href=\"http:\/\/jornadasfilologiaylinguistica.fahce.unlp.edu.ar\/vii-jornadas\/vii-jornadas\/vii-jornadas\">Sitio web<\/a><\/li>\n<li><a href=\"https:\/\/drive.google.com\/file\/d\/1DRr-idTRrWxHBRMTdR_AzAh37P5ij8ul\/view?usp=sharing\">Programa<\/a><\/li>\n<\/ul>\n<p>I Jornada del Centro de Estudios e Investigaciones Ling\u00fc\u00edsticas.<\/p>\n<p>Ensenada, octubre de 2015.<\/p>\n<ul>\n<li><a href=\"https:\/\/drive.google.com\/file\/d\/1L5PTmkSkrKaNR48XG5bj8rr5rMdV_3Nr\/view?usp=sharing\">Programa\u00a0<\/a><\/li>\n<li><a href=\"https:\/\/libros.fahce.unlp.edu.ar\/index.php\/libros\/catalog\/book\/158\">Actas (libro Punto de encuentro: estudios sobre el lenguaje)<\/a><\/li>\n<\/ul>\n<p>The Eighth Institute of the Columbia School Linguistic Society.<\/p>\n<p>La Plata, 2016.<\/p>\n<ul>\n<li><a href=\"https:\/\/www.csling.org\/past-events#Conferences\">Sitio web de la Columbia School Linguistic Society<\/a><\/li>\n<\/ul>\n<p>I Jornada de Ense\u00f1anza de la Lengua.<\/p>\n<p>Ensenada, 31 de marzo y 1 de abril de 2017.<\/p>\n<ul>\n<li><a href=\"http:\/\/jornadasensenanzadelalengua.fahce.unlp.edu.ar\/ii-jornadas\">Sitio web<\/a><\/li>\n<li><a href=\"https:\/\/drive.google.com\/file\/d\/1YVwcaEp5e8gnmhEu4Ajn6Ijt39sSefv4\/view?usp=sharing\">Programa<\/a><\/li>\n<\/ul>\n<p>I Encuentro de Lengua y Cultura Guaran\u00ed<\/p>\n<p>Ensenada, 7 de noviembre de 2017<\/p>\n<ul>\n<li><a href=\"https:\/\/drive.google.com\/file\/d\/15dm_NXTB8nZxpMBV1bvrdkFCrBDOnnpj\/view?usp=sharing\">Gacetilla y cronograma<\/a><\/li>\n<\/ul>\n<p>III Congreso de la Delegaci\u00f3n Argentina de la Asociaci\u00f3n de Ling\u00fc\u00edstica y Filolog\u00eda de Am\u00e9rica Latina (ALFAL) y VII Jornadas Internacionales de Investigaci\u00f3n en Filolog\u00eda y Ling\u00fc\u00edstica.<\/p>\n<p>Ensenada, 24 al 27 de abril de 2019.<\/p>\n<ul>\n<li><a href=\"https:\/\/drive.google.com\/file\/d\/1mbLKd7ODTMYKcQqgeMd47epxyJWq2BwP\/view?usp=sharing\">Programa<\/a><\/li>\n<\/ul>\n<p><span style=\"font-size: revert;color: initial\">Workshop inter-institucional de la Escuela Ling\u00fc\u00edstica de Columbia: El n\u00famero y g\u00e9nero en espa\u00f1ol.<\/span><\/p>\n<p>Ensenada, 26 al 28 de febrero de 2020.<\/p>\n<ul>\n<li><a href=\"https:\/\/drive.google.com\/file\/d\/1NcAdavX-_wCv6wHL8UOR-8cIiWhJDwlX\/view?usp=sharing\">Programa<\/a><\/li>\n<\/ul>\n<p>II Jornadas de Ense\u00f1anza de las Lenguas.<\/p>\n<p>Ensenada, 10 al 14 de marzo de 2021.<\/p>\n<ul>\n<li><a href=\"https:\/\/drive.google.com\/file\/d\/1IgwBHz_6m45eltP1wdXxdX1hO0K-T7aX\/view?usp=sharing\">Circular y programa<\/a><\/li>\n<li><a href=\"https:\/\/www.youtube.com\/playlist?list=PLLif_gr97ajUnT2wtAOUj1-gnMWKvENpt\">Registros en video<\/a><\/li>\n<\/ul>\n<p>II Jornada del Centro de Estudios e Investigaciones Ling\u00fc\u00edsticas.<\/p>\n<p>17 y 18 de marzo de 2022 (virtual).<\/p>\n<ul>\n<li><a href=\"https:\/\/drive.google.com\/file\/d\/1kpMgWukSchlhD8uW7ZLnIzG_8fSFrxRV\/view?usp=sharing\">Circular y programa<\/a><\/li>\n<\/ul>\n<p class=\"entry-title\">II Encuentro de Lengua y Cultura Guaran\u00ed<\/p>\n<p>8 de junio de 2023<\/p>\n<ul>\n<li><a href=\"https:\/\/drive.google.com\/file\/d\/1znsKy3A9blOb3N_iq7vuD61cIvQyRePN\/view\">Circular y programa<\/a><\/li>\n<li><a href=\"https:\/\/idihcs.fahce.unlp.edu.ar\/ceil\/se-llevo-a-cabo-el-i-encuentro-de-lengua-y-cultura-guarani\/\">Registro fotogr\u00e1fico<\/a><\/li>\n<\/ul>\n<p>I Coloquio del Grupo FoCUs: \u201cArticulaci\u00f3n entre la formaci\u00f3n superior y la pr\u00e1ctica profesional\u201d y se desarrollar\u00e1 en modalidad virtual.<\/p>\n<p>28 y 29 de septiembre de 2023<\/p>\n<ul>\n<li><a href=\"https:\/\/drive.google.com\/file\/d\/1dvpVY4HWAXv-qRS9iCaaSmI0LSXhoczv\/view\">Libro de res\u00famenes<\/a><\/li>\n<li><a href=\"https:\/\/drive.google.com\/file\/d\/1hJXJsg8IzeXKnqeSI0TO6QlQ2ueIdb7b\/view?usp=sharing\">Cronograma<\/a><\/li>\n<\/ul>\n<p class=\"entry-title\">I Encuentro de Did\u00e1ctica de la Lengua y la Literatura \u201cEl Toldo de Astier\u201d (Co-organizado con la revista <em>El Toldo de Astier<\/em> y el Departamento de Letras).<\/p>\n<p>20 de septiembre de 2024<\/p>\n<ul>\n<li><a href=\"https:\/\/drive.google.com\/file\/d\/1Z5lASLf6KR901Msoi6WnDNiNjYOXp2nu\/view\">\u00a0Circular y programa<\/a><\/li>\n<li><a href=\"https:\/\/idihcs.fahce.unlp.edu.ar\/ceil\/se-llevo-a-cabo-el-i-encuentro-de-didactica-de-la-lengua-y-la-literatura\/\">Registros fotogr\u00e1ficos<\/a><\/li>\n<\/ul>\n<p class=\"entry-title\">I Jornadas Nacionales sobre Variaci\u00f3n Ling\u00fc\u00edstica (co-organizadas con la Maestr\u00eda en Ling\u00fc\u00edstica)<\/p>\n<p>27 al 29 de noviembre de 2024<\/p>\n<ul>\n<li><a href=\"http:\/\/congresos.fahce.unlp.edu.ar\/variacion-linguistica\/i-jornadas\/descargables\/primeracircular.pdf\">Circular<\/a><\/li>\n<li><a href=\"http:\/\/congresos.fahce.unlp.edu.ar\/variacion-linguistica\/i-jornadas\">Sitio web<\/a><\/li>\n<li><a href=\"https:\/\/idihcs.fahce.unlp.edu.ar\/ceil\/se-llevaron-a-cabo-las-jornadas-nacionales-sobre-variacion-linguistica\/\">Registros fotogr\u00e1ficos<\/a><\/li>\n<\/ul>\n<p><strong style=\"font-size: revert;color: initial\">Conferencias y charlas<\/strong><\/p>\n<p><a href=\"https:\/\/idihcs.fahce.unlp.edu.ar\/ceil\/charla-sobre-accesibilidad-puntos-de-vista-y-formas-de-ver\/\">\u201cPuntos de vista y formas de ver.\u00a0La visi\u00f3n de una persona ciega acerca de la educaci\u00f3n en la era de la tecnolog\u00eda\u201c<\/a> &#8211; A cargo de la Prof. Mariela Riva con coordinaci\u00f3n del Grupo FoCUs<\/p>\n<p><a href=\"http:\/\/idihcs.fahce.unlp.edu.ar\/ceil\/conferencias-de-profesores-invitados-de-la-usp-y-unicentro\/\">&#8220;Conferencias de profesores invitados de la USP y UNICENTRO&#8221;<\/a> &#8211; A cargo de\u00a0Valdir Heitor Barzotto,\u00a0Dr. Milan Puh y\u00a0Dra. Denise Witzel. 19 de septiembre de 2018.<\/p>\n<p>\u201cLa alternancia entre las formas Dios y Jehov\u00e1. Una interpretaci\u00f3n desde el uso variable de las formas ling\u00fc\u00edsticas en las revistas y los tr\u00edpticos de los testigos de Jehov\u00e1\u201d, a cargo de la Mgt. Elina Alejandra Gim\u00e9nez. 24 de octubre de 2016.<\/p>\n<p><a href=\"https:\/\/www.facebook.com\/events\/1776685339213413\/?acontext=%7B%22event_action_history%22%3A[%7B%22surface%22%3A%22page%22%7D]%7D\">&#8220;La reflexi\u00f3n ling\u00fc\u00edstica en el departamento de Lenguas y Literatura del Bachillerato de Bellas Artes (UNLP)&#8221;<\/a> &#8211; A cargo de la Dra. Guillermina Piatti. 25 de agosto de 2016.<\/p>\n<p><a href=\"https:\/\/www.facebook.com\/events\/489872014540351\/\">&#8216;An\u00e1lisis del discurso pol\u00edtico latinoamericano&#8217;<\/a> &#8211; A cargo de las Mgt. Mar\u00eda Sof\u00eda Vassallo y Ana Mar\u00eda Corrarello. 16 de junio de 2016.<\/p>\n<p><a href=\"https:\/\/www.facebook.com\/events\/664777393670932\/\">&#8216;<\/a><a href=\"https:\/\/www.facebook.com\/events\/664777393670932\/\">Una evaluaci\u00f3n de la vitalidad ling\u00fc\u00edstica del ingl\u00e9s criollo de Lim\u00f3n (Costa Rica): su vigencia o su desplazamiento&#8217; &#8211;\u00a0<\/a>A cargo de la Dra. Anita Herzfeld. 30 de mayo de 2016.<\/p>\n<p><a href=\"https:\/\/www.facebook.com\/events\/1524717181178420\/?ref=1&amp;action_history=%5B%7B%22surface%22%3A%22permalink%22%2C%22mechanism%22%3A%22surface%22%2C%22extra_data%22%3A%5B%5D%7D%5D\">&#8216;La complejidad de los idiomas: un enfoque estad\u00edstico&#8217; &#8211;\u00a0<\/a>A cargo del Dr. Germ\u00e1n Coloma. 10 de diciembre de 2015.<\/p>\n<p><a href=\"https:\/\/www.facebook.com\/events\/595602487245867\/?ref=1&amp;action_history=%5B%7B%22surface%22%3A%22permalink%22%2C%22mechanism%22%3A%22surface%22%2C%22extra_data%22%3A%5B%5D%7D%5D\">&#8220;El espa\u00f1ol en la Argentina: su ense\u00f1anza escolar y las representaciones de los hablantes&#8221; &#8211;\u00a0<\/a>A cargo de la Dra. Mar\u00eda L\u00f3pez Garc\u00eda. 10 de septiembre de 2015.<\/p>\n<p><a href=\"https:\/\/www.facebook.com\/events\/136118516727046\/?ref=1&amp;action_history=%5B%7B%22surface%22%3A%22permalink%22%2C%22mechanism%22%3A%22surface%22%2C%22extra_data%22%3A%5B%5D%7D%5D\">&#8220;Estado actual de los pr\u00e9stamos en la variante espa\u00f1ola peninsular&#8221; &#8211;\u00a0<\/a>A cargo del Dr. David Gim\u00e9nez Folqu\u00e9s. 20 de agosto de 2015.<\/p>\n","protected":false},"excerpt":{"rendered":"<p>Jornadas y congresos I Congreso de la Delegaci\u00f3n Argentina de la ALFAL y V Jornadas Internacionales de Investigaci\u00f3n en Filolog\u00eda Hisp\u00e1nica: &#8220;Identidades din\u00e1micas. Variaci\u00f3n y cambio en el espa\u00f1ol de Am\u00e9rica&#8221;. La Plata, 21, 22 y 23 de marzo de 2012. Sitio web Actas II Congreso de la Delegaci\u00f3n Argentina de la Asociaci\u00f3n de Ling\u00fc\u00edstica [&hellip;]<\/p>\n","protected":false},"author":3,"featured_media":209,"parent":0,"menu_order":0,"comment_status":"closed","ping_status":"closed","template":"page-ui.php","meta":{"_themeisle_gutenberg_block_has_review":false,"footnotes":""},"class_list":["post-158","page","type-page","status-publish","has-post-thumbnail","hentry"],"acf":[],"rttpg_featured_image_url":{"full":["https:\/\/idihcs.fahce.unlp.edu.ar\/ceil\/wp-content\/uploads\/sites\/8\/2018\/06\/banner-ceil.jpg",696,81,false],"landscape":["https:\/\/idihcs.fahce.unlp.edu.ar\/ceil\/wp-content\/uploads\/sites\/8\/2018\/06\/banner-ceil.jpg",696,81,false],"portraits":["https:\/\/idihcs.fahce.unlp.edu.ar\/ceil\/wp-content\/uploads\/sites\/8\/2018\/06\/banner-ceil.jpg",696,81,false],"thumbnail":["https:\/\/idihcs.fahce.unlp.edu.ar\/ceil\/wp-content\/uploads\/sites\/8\/2018\/06\/banner-ceil-150x81.jpg",150,81,true],"medium":["https:\/\/idihcs.fahce.unlp.edu.ar\/ceil\/wp-content\/uploads\/sites\/8\/2018\/06\/banner-ceil-300x35.jpg",300,35,true],"large":["https:\/\/idihcs.fahce.unlp.edu.ar\/ceil\/wp-content\/uploads\/sites\/8\/2018\/06\/banner-ceil.jpg",696,81,false],"1536x1536":["https:\/\/idihcs.fahce.unlp.edu.ar\/ceil\/wp-content\/uploads\/sites\/8\/2018\/06\/banner-ceil.jpg",696,81,false],"2048x2048":["https:\/\/idihcs.fahce.unlp.edu.ar\/ceil\/wp-content\/uploads\/sites\/8\/2018\/06\/banner-ceil.jpg",696,81,false],"td_80x60":["https:\/\/idihcs.fahce.unlp.edu.ar\/ceil\/wp-content\/uploads\/sites\/8\/2018\/06\/banner-ceil-80x60.jpg",80,60,true],"td_100x70":["https:\/\/idihcs.fahce.unlp.edu.ar\/ceil\/wp-content\/uploads\/sites\/8\/2018\/06\/banner-ceil-100x70.jpg",100,70,true],"td_218x150":["https:\/\/idihcs.fahce.unlp.edu.ar\/ceil\/wp-content\/uploads\/sites\/8\/2018\/06\/banner-ceil-218x81.jpg",218,81,true],"td_265x198":["https:\/\/idihcs.fahce.unlp.edu.ar\/ceil\/wp-content\/uploads\/sites\/8\/2018\/06\/banner-ceil-265x81.jpg",265,81,true],"td_324x160":["https:\/\/idihcs.fahce.unlp.edu.ar\/ceil\/wp-content\/uploads\/sites\/8\/2018\/06\/banner-ceil-324x81.jpg",324,81,true],"td_324x235":["https:\/\/idihcs.fahce.unlp.edu.ar\/ceil\/wp-content\/uploads\/sites\/8\/2018\/06\/banner-ceil-324x81.jpg",324,81,true],"td_324x400":["https:\/\/idihcs.fahce.unlp.edu.ar\/ceil\/wp-content\/uploads\/sites\/8\/2018\/06\/banner-ceil-324x81.jpg",324,81,true],"td_356x220":["https:\/\/idihcs.fahce.unlp.edu.ar\/ceil\/wp-content\/uploads\/sites\/8\/2018\/06\/banner-ceil-356x81.jpg",356,81,true],"td_356x364":["https:\/\/idihcs.fahce.unlp.edu.ar\/ceil\/wp-content\/uploads\/sites\/8\/2018\/06\/banner-ceil-356x81.jpg",356,81,true],"td_485x360":["https:\/\/idihcs.fahce.unlp.edu.ar\/ceil\/wp-content\/uploads\/sites\/8\/2018\/06\/banner-ceil-485x81.jpg",485,81,true],"td_533x261":["https:\/\/idihcs.fahce.unlp.edu.ar\/ceil\/wp-content\/uploads\/sites\/8\/2018\/06\/banner-ceil-533x81.jpg",533,81,true],"td_534x462":["https:\/\/idihcs.fahce.unlp.edu.ar\/ceil\/wp-content\/uploads\/sites\/8\/2018\/06\/banner-ceil-534x81.jpg",534,81,true],"td_696x0":["https:\/\/idihcs.fahce.unlp.edu.ar\/ceil\/wp-content\/uploads\/sites\/8\/2018\/06\/banner-ceil-696x81.jpg",696,81,true],"td_696x385":["https:\/\/idihcs.fahce.unlp.edu.ar\/ceil\/wp-content\/uploads\/sites\/8\/2018\/06\/banner-ceil-696x81.jpg",696,81,true],"td_741x486":["https:\/\/idihcs.fahce.unlp.edu.ar\/ceil\/wp-content\/uploads\/sites\/8\/2018\/06\/banner-ceil.jpg",696,81,false],"td_1068x580":["https:\/\/idihcs.fahce.unlp.edu.ar\/ceil\/wp-content\/uploads\/sites\/8\/2018\/06\/banner-ceil.jpg",696,81,false],"td_1068x0":["https:\/\/idihcs.fahce.unlp.edu.ar\/ceil\/wp-content\/uploads\/sites\/8\/2018\/06\/banner-ceil.jpg",696,81,false],"td_0x420":["https:\/\/idihcs.fahce.unlp.edu.ar\/ceil\/wp-content\/uploads\/sites\/8\/2018\/06\/banner-ceil.jpg",696,81,false],"td_1920x0":["https:\/\/idihcs.fahce.unlp.edu.ar\/ceil\/wp-content\/uploads\/sites\/8\/2018\/06\/banner-ceil.jpg",696,81,false],"rt_custom":["https:\/\/idihcs.fahce.unlp.edu.ar\/ceil\/wp-content\/uploads\/sites\/8\/2018\/06\/banner-ceil.jpg",696,81,false]},"rttpg_author":{"display_name":"cbarletta","author_link":"https:\/\/idihcs.fahce.unlp.edu.ar\/ceil\/author\/cbarletta\/"},"rttpg_comment":0,"rttpg_category":null,"rttpg_excerpt":"Jornadas y congresos I Congreso de la Delegaci\u00f3n Argentina de la ALFAL y V Jornadas Internacionales de Investigaci\u00f3n en Filolog\u00eda Hisp\u00e1nica: &#8220;Identidades din\u00e1micas. Variaci\u00f3n y cambio en el espa\u00f1ol de Am\u00e9rica&#8221;. La Plata, 21, 22 y 23 de marzo de 2012. Sitio web Actas II Congreso de la Delegaci\u00f3n Argentina de la Asociaci\u00f3n de Ling\u00fc\u00edstica&hellip;","_links":{"self":[{"href":"https:\/\/idihcs.fahce.unlp.edu.ar\/ceil\/wp-json\/wp\/v2\/pages\/158","targetHints":{"allow":["GET"]}}],"collection":[{"href":"https:\/\/idihcs.fahce.unlp.edu.ar\/ceil\/wp-json\/wp\/v2\/pages"}],"about":[{"href":"https:\/\/idihcs.fahce.unlp.edu.ar\/ceil\/wp-json\/wp\/v2\/types\/page"}],"author":[{"embeddable":true,"href":"https:\/\/idihcs.fahce.unlp.edu.ar\/ceil\/wp-json\/wp\/v2\/users\/3"}],"replies":[{"embeddable":true,"href":"https:\/\/idihcs.fahce.unlp.edu.ar\/ceil\/wp-json\/wp\/v2\/comments?post=158"}],"version-history":[{"count":19,"href":"https:\/\/idihcs.fahce.unlp.edu.ar\/ceil\/wp-json\/wp\/v2\/pages\/158\/revisions"}],"predecessor-version":[{"id":1381,"href":"https:\/\/idihcs.fahce.unlp.edu.ar\/ceil\/wp-json\/wp\/v2\/pages\/158\/revisions\/1381"}],"wp:featuredmedia":[{"embeddable":true,"href":"https:\/\/idihcs.fahce.unlp.edu.ar\/ceil\/wp-json\/wp\/v2\/media\/209"}],"wp:attachment":[{"href":"https:\/\/idihcs.fahce.unlp.edu.ar\/ceil\/wp-json\/wp\/v2\/media?parent=158"}],"curies":[{"name":"wp","href":"https:\/\/api.w.org\/{rel}","templated":true}]}}