{"id":150,"date":"2018-06-21T14:51:18","date_gmt":"2018-06-21T17:51:18","guid":{"rendered":"http:\/\/163.10.30.48\/~posgrado6\/wordpress\/ceil\/?page_id=150"},"modified":"2025-11-17T14:25:41","modified_gmt":"2025-11-17T17:25:41","slug":"autoridades","status":"publish","type":"page","link":"https:\/\/idihcs.fahce.unlp.edu.ar\/ceil\/autoridades\/","title":{"rendered":"CEIL &#8211; Autoridades"},"content":{"rendered":"<p><strong>Directora<br \/>\n<\/strong>Angelita Mart\u00ednez<\/p>\n<p><strong>Secretario<br \/>\n<\/strong>Lucas Gagliardi<\/p>\n<p><strong>Consejo Directivo<\/strong><\/p>\n<table style=\"border-collapse: collapse;width: 100%\">\n<tbody>\n<tr>\n<td style=\"width: 50%\"><em>Investigadores formados<\/em><\/td>\n<td style=\"width: 50%\"><em>Investigadores en formaci\u00f3n<\/em><\/td>\n<\/tr>\n<tr>\n<td style=\"width: 50%\">\n<ul>\n<li>Gabriela Bravo de Laguna<\/li>\n<li>Mariana Cucatto<\/li>\n<li>Mariano Dubin<\/li>\n<li>Ver\u00f3nica Nercesian<\/li>\n<li>Rosana Pascual<\/li>\n<li>Guillermina Piatti<\/li>\n<\/ul>\n<\/td>\n<td style=\"width: 50%\">\n<ul>\n<li>Luc\u00eda Alabart Lago<\/li>\n<li>Dolores \u00c1lvarez Garriga<\/li>\n<li>Luc\u00eda Bernardi<\/li>\n<li>Y\u00e9sica Gonzalo<\/li>\n<\/ul>\n<\/td>\n<\/tr>\n<\/tbody>\n<\/table>\n","protected":false},"excerpt":{"rendered":"<p>Directora Angelita Mart\u00ednez Secretario Lucas Gagliardi Consejo Directivo Investigadores formados Investigadores en formaci\u00f3n Gabriela Bravo de Laguna Mariana Cucatto Mariano Dubin Ver\u00f3nica Nercesian Rosana Pascual Guillermina Piatti Luc\u00eda Alabart Lago Dolores \u00c1lvarez Garriga Luc\u00eda Bernardi Y\u00e9sica Gonzalo<\/p>\n","protected":false},"author":3,"featured_media":209,"parent":0,"menu_order":0,"comment_status":"closed","ping_status":"closed","template":"page-ui.php","meta":{"_themeisle_gutenberg_block_has_review":false,"footnotes":""},"class_list":["post-150","page","type-page","status-publish","has-post-thumbnail","hentry"],"acf":[],"rttpg_featured_image_url":{"full":["https:\/\/idihcs.fahce.unlp.edu.ar\/ceil\/wp-content\/uploads\/sites\/8\/2018\/06\/banner-ceil.jpg",696,81,false],"landscape":["https:\/\/idihcs.fahce.unlp.edu.ar\/ceil\/wp-content\/uploads\/sites\/8\/2018\/06\/banner-ceil.jpg",696,81,false],"portraits":["https:\/\/idihcs.fahce.unlp.edu.ar\/ceil\/wp-content\/uploads\/sites\/8\/2018\/06\/banner-ceil.jpg",696,81,false],"thumbnail":["https:\/\/idihcs.fahce.unlp.edu.ar\/ceil\/wp-content\/uploads\/sites\/8\/2018\/06\/banner-ceil-150x81.jpg",150,81,true],"medium":["https:\/\/idihcs.fahce.unlp.edu.ar\/ceil\/wp-content\/uploads\/sites\/8\/2018\/06\/banner-ceil-300x35.jpg",300,35,true],"large":["https:\/\/idihcs.fahce.unlp.edu.ar\/ceil\/wp-content\/uploads\/sites\/8\/2018\/06\/banner-ceil.jpg",696,81,false],"1536x1536":["https:\/\/idihcs.fahce.unlp.edu.ar\/ceil\/wp-content\/uploads\/sites\/8\/2018\/06\/banner-ceil.jpg",696,81,false],"2048x2048":["https:\/\/idihcs.fahce.unlp.edu.ar\/ceil\/wp-content\/uploads\/sites\/8\/2018\/06\/banner-ceil.jpg",696,81,false],"td_80x60":["https:\/\/idihcs.fahce.unlp.edu.ar\/ceil\/wp-content\/uploads\/sites\/8\/2018\/06\/banner-ceil-80x60.jpg",80,60,true],"td_100x70":["https:\/\/idihcs.fahce.unlp.edu.ar\/ceil\/wp-content\/uploads\/sites\/8\/2018\/06\/banner-ceil-100x70.jpg",100,70,true],"td_218x150":["https:\/\/idihcs.fahce.unlp.edu.ar\/ceil\/wp-content\/uploads\/sites\/8\/2018\/06\/banner-ceil-218x81.jpg",218,81,true],"td_265x198":["https:\/\/idihcs.fahce.unlp.edu.ar\/ceil\/wp-content\/uploads\/sites\/8\/2018\/06\/banner-ceil-265x81.jpg",265,81,true],"td_324x160":["https:\/\/idihcs.fahce.unlp.edu.ar\/ceil\/wp-content\/uploads\/sites\/8\/2018\/06\/banner-ceil-324x81.jpg",324,81,true],"td_324x235":["https:\/\/idihcs.fahce.unlp.edu.ar\/ceil\/wp-content\/uploads\/sites\/8\/2018\/06\/banner-ceil-324x81.jpg",324,81,true],"td_324x400":["https:\/\/idihcs.fahce.unlp.edu.ar\/ceil\/wp-content\/uploads\/sites\/8\/2018\/06\/banner-ceil-324x81.jpg",324,81,true],"td_356x220":["https:\/\/idihcs.fahce.unlp.edu.ar\/ceil\/wp-content\/uploads\/sites\/8\/2018\/06\/banner-ceil-356x81.jpg",356,81,true],"td_356x364":["https:\/\/idihcs.fahce.unlp.edu.ar\/ceil\/wp-content\/uploads\/sites\/8\/2018\/06\/banner-ceil-356x81.jpg",356,81,true],"td_485x360":["https:\/\/idihcs.fahce.unlp.edu.ar\/ceil\/wp-content\/uploads\/sites\/8\/2018\/06\/banner-ceil-485x81.jpg",485,81,true],"td_533x261":["https:\/\/idihcs.fahce.unlp.edu.ar\/ceil\/wp-content\/uploads\/sites\/8\/2018\/06\/banner-ceil-533x81.jpg",533,81,true],"td_534x462":["https:\/\/idihcs.fahce.unlp.edu.ar\/ceil\/wp-content\/uploads\/sites\/8\/2018\/06\/banner-ceil-534x81.jpg",534,81,true],"td_696x0":["https:\/\/idihcs.fahce.unlp.edu.ar\/ceil\/wp-content\/uploads\/sites\/8\/2018\/06\/banner-ceil-696x81.jpg",696,81,true],"td_696x385":["https:\/\/idihcs.fahce.unlp.edu.ar\/ceil\/wp-content\/uploads\/sites\/8\/2018\/06\/banner-ceil-696x81.jpg",696,81,true],"td_741x486":["https:\/\/idihcs.fahce.unlp.edu.ar\/ceil\/wp-content\/uploads\/sites\/8\/2018\/06\/banner-ceil.jpg",696,81,false],"td_1068x580":["https:\/\/idihcs.fahce.unlp.edu.ar\/ceil\/wp-content\/uploads\/sites\/8\/2018\/06\/banner-ceil.jpg",696,81,false],"td_1068x0":["https:\/\/idihcs.fahce.unlp.edu.ar\/ceil\/wp-content\/uploads\/sites\/8\/2018\/06\/banner-ceil.jpg",696,81,false],"td_0x420":["https:\/\/idihcs.fahce.unlp.edu.ar\/ceil\/wp-content\/uploads\/sites\/8\/2018\/06\/banner-ceil.jpg",696,81,false],"td_1920x0":["https:\/\/idihcs.fahce.unlp.edu.ar\/ceil\/wp-content\/uploads\/sites\/8\/2018\/06\/banner-ceil.jpg",696,81,false],"rt_custom":["https:\/\/idihcs.fahce.unlp.edu.ar\/ceil\/wp-content\/uploads\/sites\/8\/2018\/06\/banner-ceil.jpg",696,81,false]},"rttpg_author":{"display_name":"cbarletta","author_link":"https:\/\/idihcs.fahce.unlp.edu.ar\/ceil\/author\/cbarletta\/"},"rttpg_comment":0,"rttpg_category":null,"rttpg_excerpt":"Directora Angelita Mart\u00ednez Secretario Lucas Gagliardi Consejo Directivo Investigadores formados Investigadores en formaci\u00f3n Gabriela Bravo de Laguna Mariana Cucatto Mariano Dubin Ver\u00f3nica Nercesian Rosana Pascual Guillermina Piatti Luc\u00eda Alabart Lago Dolores \u00c1lvarez Garriga Luc\u00eda Bernardi Y\u00e9sica Gonzalo","_links":{"self":[{"href":"https:\/\/idihcs.fahce.unlp.edu.ar\/ceil\/wp-json\/wp\/v2\/pages\/150","targetHints":{"allow":["GET"]}}],"collection":[{"href":"https:\/\/idihcs.fahce.unlp.edu.ar\/ceil\/wp-json\/wp\/v2\/pages"}],"about":[{"href":"https:\/\/idihcs.fahce.unlp.edu.ar\/ceil\/wp-json\/wp\/v2\/types\/page"}],"author":[{"embeddable":true,"href":"https:\/\/idihcs.fahce.unlp.edu.ar\/ceil\/wp-json\/wp\/v2\/users\/3"}],"replies":[{"embeddable":true,"href":"https:\/\/idihcs.fahce.unlp.edu.ar\/ceil\/wp-json\/wp\/v2\/comments?post=150"}],"version-history":[{"count":10,"href":"https:\/\/idihcs.fahce.unlp.edu.ar\/ceil\/wp-json\/wp\/v2\/pages\/150\/revisions"}],"predecessor-version":[{"id":1655,"href":"https:\/\/idihcs.fahce.unlp.edu.ar\/ceil\/wp-json\/wp\/v2\/pages\/150\/revisions\/1655"}],"wp:featuredmedia":[{"embeddable":true,"href":"https:\/\/idihcs.fahce.unlp.edu.ar\/ceil\/wp-json\/wp\/v2\/media\/209"}],"wp:attachment":[{"href":"https:\/\/idihcs.fahce.unlp.edu.ar\/ceil\/wp-json\/wp\/v2\/media?parent=150"}],"curies":[{"name":"wp","href":"https:\/\/api.w.org\/{rel}","templated":true}]}}