{"id":1449,"date":"2025-04-21T01:35:20","date_gmt":"2025-04-21T04:35:20","guid":{"rendered":"https:\/\/idihcs.fahce.unlp.edu.ar\/ceil\/?page_id=1449"},"modified":"2026-05-07T01:08:34","modified_gmt":"2026-05-07T04:08:34","slug":"archivo-de-numeros-anteriores","status":"publish","type":"page","link":"https:\/\/idihcs.fahce.unlp.edu.ar\/ceil\/archivo-de-numeros-anteriores\/","title":{"rendered":"N\u00fameros anteriores"},"content":{"rendered":"\n<p>El toldo de Astier se encuentra en proceso de migraci\u00f3n de sitio, por lo que algunas secciones est\u00e1n incompletas. Agradecemos su comprensi\u00f3n y recomendamos visitar nuestro sitio anterior <a href=\"http:\/\/www.eltoldodeastier.fahce.unlp.edu.ar\/\">http:\/\/www.eltoldodeastier.fahce.unlp.edu.ar\/<\/a> ,&nbsp;<a href=\"https:\/\/www.memoria.fahce.unlp.edu.ar\/library?e=d-10000-00---off-0arti--00-2----0-10-0---0---0direct-10----4-------0-1l--10-es-Zz-1---100-about---00-3-1-00-00--4----0-0-01-00-0utfZz-8-00&amp;a=d&amp;c=arti&amp;cl=CL2.4.3\">Memoria Acad\u00e9mica<\/a>&nbsp;y <a href=\"https:\/\/sedici.unlp.edu.ar\/handle\/10915\/1004\">SEDICI<\/a> para acceder a n\u00fameros anteriores.<\/p>\n\n\n\n<p>\u00cdndice por art\u00edculo<\/p>\n\n\n\n<p><a href=\"https:\/\/drive.google.com\/file\/d\/1ckxnXJlFIcFJH7VWhuCJRQ_uOrnVyo86\/view?usp=drive_link\"><strong>N\u00b0 31, octubre de 2025<\/strong><\/a><\/p>\n\n\n\n<p><a href=\"https:\/\/drive.google.com\/file\/d\/1bUvQ5yUbdc0nBw_cC5WcFe_OM4BxSJtS\/view?usp=drive_link\"><strong>N\u00b0 30, abril de 2025<\/strong><\/a><\/p>\n\n\n\n<p><a href=\"https:\/\/drive.google.com\/file\/d\/16Tuc3fRZZbpS3J9LWdG7kqDbShHLDp2T\/view?usp=drive_link\"><strong>N\u00b0 29, octubre de 2025<\/strong><\/a><\/p>\n\n\n\n<p><a href=\"https:\/\/www.memoria.fahce.unlp.edu.ar\/library?e=d-10000-00---off-0arti--00-2----0-10-0---0---0direct-10----4-------0-1l--10-es-Zz-1---100-about---00-3-1-00-00--4----0-0-01-00-0utfZz-8-00&amp;a=d&amp;c=arti&amp;cl=CL2.4.3.27\"><strong>N\u00b0 28, abril d<\/strong><\/a><strong><a href=\"https:\/\/drive.google.com\/file\/d\/1bu3REZgRSrt-vpB0vGOD1SQjK_bPJxwg\/view?usp=drive_link\">e 2024<\/a><\/strong><\/p>\n\n\n\n<p><a href=\"http:\/\/www.eltoldodeastier.fahce.unlp.edu.ar\/numeros\/numero27\/numeros\/numero27\/sumario-1\"><strong>N\u00b0 27, octubre de 2024&nbsp;<\/strong><\/a><\/p>\n\n\n\n<p><\/p>\n","protected":false},"excerpt":{"rendered":"<p>El toldo de Astier se encuentra en proceso de migraci\u00f3n de sitio, por lo que algunas secciones est\u00e1n incompletas. Agradecemos su comprensi\u00f3n y recomendamos visitar nuestro sitio anterior http:\/\/www.eltoldodeastier.fahce.unlp.edu.ar\/ ,&nbsp;Memoria Acad\u00e9mica&nbsp;y SEDICI para acceder a n\u00fameros anteriores. \u00cdndice por art\u00edculo N\u00b0 31, octubre de 2025 N\u00b0 30, abril de 2025 N\u00b0 29, octubre de 2025 [&hellip;]<\/p>\n","protected":false},"author":48,"featured_media":0,"parent":0,"menu_order":0,"comment_status":"closed","ping_status":"closed","template":"page-ui.php","meta":{"_themeisle_gutenberg_block_has_review":false,"footnotes":""},"class_list":["post-1449","page","type-page","status-publish","hentry"],"acf":[],"rttpg_featured_image_url":null,"rttpg_author":{"display_name":"toldo_astier","author_link":"https:\/\/idihcs.fahce.unlp.edu.ar\/ceil\/author\/toldo_astier\/"},"rttpg_comment":0,"rttpg_category":null,"rttpg_excerpt":"El toldo de Astier se encuentra en proceso de migraci\u00f3n de sitio, por lo que algunas secciones est\u00e1n incompletas. Agradecemos su comprensi\u00f3n y recomendamos visitar nuestro sitio anterior http:\/\/www.eltoldodeastier.fahce.unlp.edu.ar\/ ,&nbsp;Memoria Acad\u00e9mica&nbsp;y SEDICI para acceder a n\u00fameros anteriores. \u00cdndice por art\u00edculo N\u00b0 31, octubre de 2025 N\u00b0 30, abril de 2025 N\u00b0 29, octubre de 2025&hellip;","_links":{"self":[{"href":"https:\/\/idihcs.fahce.unlp.edu.ar\/ceil\/wp-json\/wp\/v2\/pages\/1449","targetHints":{"allow":["GET"]}}],"collection":[{"href":"https:\/\/idihcs.fahce.unlp.edu.ar\/ceil\/wp-json\/wp\/v2\/pages"}],"about":[{"href":"https:\/\/idihcs.fahce.unlp.edu.ar\/ceil\/wp-json\/wp\/v2\/types\/page"}],"author":[{"embeddable":true,"href":"https:\/\/idihcs.fahce.unlp.edu.ar\/ceil\/wp-json\/wp\/v2\/users\/48"}],"replies":[{"embeddable":true,"href":"https:\/\/idihcs.fahce.unlp.edu.ar\/ceil\/wp-json\/wp\/v2\/comments?post=1449"}],"version-history":[{"count":10,"href":"https:\/\/idihcs.fahce.unlp.edu.ar\/ceil\/wp-json\/wp\/v2\/pages\/1449\/revisions"}],"predecessor-version":[{"id":1673,"href":"https:\/\/idihcs.fahce.unlp.edu.ar\/ceil\/wp-json\/wp\/v2\/pages\/1449\/revisions\/1673"}],"wp:attachment":[{"href":"https:\/\/idihcs.fahce.unlp.edu.ar\/ceil\/wp-json\/wp\/v2\/media?parent=1449"}],"curies":[{"name":"wp","href":"https:\/\/api.w.org\/{rel}","templated":true}]}}