{"id":1446,"date":"2025-04-21T01:29:55","date_gmt":"2025-04-21T04:29:55","guid":{"rendered":"https:\/\/idihcs.fahce.unlp.edu.ar\/ceil\/?page_id=1446"},"modified":"2025-04-29T17:54:24","modified_gmt":"2025-04-29T20:54:24","slug":"secciones","status":"publish","type":"page","link":"https:\/\/idihcs.fahce.unlp.edu.ar\/ceil\/secciones\/","title":{"rendered":"Secciones"},"content":{"rendered":"\n<p><\/p>\n\n\n\n<ul class=\"wp-block-list\">\n<li><strong>La gambeta did\u00e1ctica. Propuestas de ense\u00f1anza<\/strong><\/li>\n<\/ul>\n\n\n\n<p>Se propone como un espacio para compartir experiencias y propuestas did\u00e1cticas pensadas para diferentes espacios de ense\u00f1anza como clases, talleres u otro tipo de intercambios. Se reciben art\u00edculos de docentes de todos los niveles educativos y especialidades, en ejercicio o residentes, alfabetizadores, talleristas, autores de materiales did\u00e1cticos, trabajadores sociales. Tambi\u00e9n se incluyen en la secci\u00f3n escritos de estudiantes en formaci\u00f3n que est\u00e1n realizando sus primeras experiencias en la ense\u00f1anza de la lengua y la literatura. Se plantea como un espacio de reflexi\u00f3n para pensar qu\u00e9 saberes, qu\u00e9 textos, qu\u00e9 consignas, para qui\u00e9nes y en d\u00f3nde, con qu\u00e9 sentidos se propone la ense\u00f1anza de la lengua y la literatura analizada y explicada por sus especialistas.<\/p>\n\n\n\n<ul class=\"wp-block-list\">\n<li><strong>La lengua desbordada. Ense\u00f1anza de la lengua y la literatura en contextos diversos<\/strong><\/li>\n<\/ul>\n\n\n\n<p>Se propone como espacio que re\u00fane relatos de la ense\u00f1anza de la lengua y la literatura en espacios diversos, que incluyen el trabajo con aspectos ling\u00fc\u00edsticos o literarios sin circunscribirse a una clase de lengua y literatura. Tambi\u00e9n incluye relatos de ense\u00f1anza en otras lenguas y de otras culturas, siempre desde una perspectiva centrada en el trabajo docente.<\/p>\n\n\n\n<ul class=\"wp-block-list\">\n<li><strong>Botellas al mar. Miscel\u00e1neas\u00a0<\/strong><\/li>\n<\/ul>\n\n\n\n<p>Se presenta como un espacio de miscel\u00e1neas que puede incluir ensayos, cuentos, poemarios breves, producciones art\u00edsticas o audiovisuales referidas a la lengua y la literatura. Tambi\u00e9n est\u00e1 disponible como espacio para la presentaci\u00f3n de entrevistas a cargo del equipo editorial. Se privilegia la presentaci\u00f3n de textos in\u00e9ditos de autores y autoras poco difundidos o eventuales.&nbsp;&nbsp;<\/p>\n\n\n\n<ul class=\"wp-block-list\">\n<li><strong>Maquinaciones. Art\u00edculos<\/strong><\/li>\n<\/ul>\n\n\n\n<p>Secci\u00f3n que re\u00fane art\u00edculos centrados en los aspectos te\u00f3ricos de la did\u00e1ctica de la lengua y la literatura, sobre tem\u00e1ticas diversas.&nbsp;<\/p>\n\n\n\n<ul class=\"wp-block-list\">\n<li><strong>Almac\u00e9n de libros. Rese\u00f1as cr\u00edticas<\/strong><\/li>\n<\/ul>\n\n\n\n<p>Incluye rese\u00f1as de libros, y otros consumos culturales, independientemente de su circulaci\u00f3n m\u00e1s o menos restringida. Se propone como un espacio de intercambio y recomendaci\u00f3n para quienes se dedican a la ense\u00f1anza de la lengua y la literatura que incluye rese\u00f1as de textos literarios, trabajos te\u00f3ricos, productos audiovisuales, p\u00e1ginas de internet, entre otros.&nbsp;<\/p>\n","protected":false},"excerpt":{"rendered":"<p>Se propone como un espacio para compartir experiencias y propuestas did\u00e1cticas pensadas para diferentes espacios de ense\u00f1anza como clases, talleres u otro tipo de intercambios. Se reciben art\u00edculos de docentes de todos los niveles educativos y especialidades, en ejercicio o residentes, alfabetizadores, talleristas, autores de materiales did\u00e1cticos, trabajadores sociales. Tambi\u00e9n se incluyen en la secci\u00f3n [&hellip;]<\/p>\n","protected":false},"author":48,"featured_media":0,"parent":0,"menu_order":0,"comment_status":"closed","ping_status":"closed","template":"page-ui.php","meta":{"_themeisle_gutenberg_block_has_review":false,"footnotes":""},"class_list":["post-1446","page","type-page","status-publish","hentry"],"acf":[],"rttpg_featured_image_url":null,"rttpg_author":{"display_name":"toldo_astier","author_link":"https:\/\/idihcs.fahce.unlp.edu.ar\/ceil\/author\/toldo_astier\/"},"rttpg_comment":0,"rttpg_category":null,"rttpg_excerpt":"Se propone como un espacio para compartir experiencias y propuestas did\u00e1cticas pensadas para diferentes espacios de ense\u00f1anza como clases, talleres u otro tipo de intercambios. Se reciben art\u00edculos de docentes de todos los niveles educativos y especialidades, en ejercicio o residentes, alfabetizadores, talleristas, autores de materiales did\u00e1cticos, trabajadores sociales. Tambi\u00e9n se incluyen en la secci\u00f3n&hellip;","_links":{"self":[{"href":"https:\/\/idihcs.fahce.unlp.edu.ar\/ceil\/wp-json\/wp\/v2\/pages\/1446","targetHints":{"allow":["GET"]}}],"collection":[{"href":"https:\/\/idihcs.fahce.unlp.edu.ar\/ceil\/wp-json\/wp\/v2\/pages"}],"about":[{"href":"https:\/\/idihcs.fahce.unlp.edu.ar\/ceil\/wp-json\/wp\/v2\/types\/page"}],"author":[{"embeddable":true,"href":"https:\/\/idihcs.fahce.unlp.edu.ar\/ceil\/wp-json\/wp\/v2\/users\/48"}],"replies":[{"embeddable":true,"href":"https:\/\/idihcs.fahce.unlp.edu.ar\/ceil\/wp-json\/wp\/v2\/comments?post=1446"}],"version-history":[{"count":1,"href":"https:\/\/idihcs.fahce.unlp.edu.ar\/ceil\/wp-json\/wp\/v2\/pages\/1446\/revisions"}],"predecessor-version":[{"id":1452,"href":"https:\/\/idihcs.fahce.unlp.edu.ar\/ceil\/wp-json\/wp\/v2\/pages\/1446\/revisions\/1452"}],"wp:attachment":[{"href":"https:\/\/idihcs.fahce.unlp.edu.ar\/ceil\/wp-json\/wp\/v2\/media?parent=1446"}],"curies":[{"name":"wp","href":"https:\/\/api.w.org\/{rel}","templated":true}]}}