{"id":1372,"date":"2025-02-14T13:31:26","date_gmt":"2025-02-14T16:31:26","guid":{"rendered":"https:\/\/idihcs.fahce.unlp.edu.ar\/ceil\/?page_id=1372"},"modified":"2025-05-08T20:37:31","modified_gmt":"2025-05-08T23:37:31","slug":"documentos-de-apoyo","status":"publish","type":"page","link":"https:\/\/idihcs.fahce.unlp.edu.ar\/ceil\/documentos-de-apoyo\/","title":{"rendered":"Documentos de apoyo"},"content":{"rendered":"\n<p>Los siguientes documentos fueron elaborados por la secretar\u00eda del Centro de Estudios e Investigaciones Ling\u00fc\u00edsticas para asesorar a sus investigadores.<\/p>\n\n\n\n<p><a href=\"https:\/\/idihcs.fahce.unlp.edu.ar\/ceil\/wp-content\/uploads\/sites\/8\/2025\/02\/Guia-de-preguntas-frecuentes-del-CEIL-Documento-de-apoyo.pdf\">Gu\u00eda de preguntas frecuentes del CEIL (Documento de apoyo)<\/a><\/p>\n\n\n\n<p><a href=\"https:\/\/idihcs.fahce.unlp.edu.ar\/ceil\/wp-content\/uploads\/sites\/8\/2025\/02\/Organizacion-y-comunicacion-de-reuniones-cientificas-del-CEIL.pdf\">Organizaci\u00f3n y comunicaci\u00f3n de reuniones cient\u00edficas del CEIL<\/a><\/p>\n\n\n\n<p><a href=\"https:\/\/drive.google.com\/file\/d\/1ev-YU0HpOeArH0X4wvl96cgErPJbIlqW\/view?usp=sharing\">Gu\u00eda para la grabaci\u00f3n de videos<\/a><\/p>\n\n\n\n<p><\/p>\n","protected":false},"excerpt":{"rendered":"<p>Los siguientes documentos fueron elaborados por la secretar\u00eda del Centro de Estudios e Investigaciones Ling\u00fc\u00edsticas para asesorar a sus investigadores. Gu\u00eda de preguntas frecuentes del CEIL (Documento de apoyo) Organizaci\u00f3n y comunicaci\u00f3n de reuniones cient\u00edficas del CEIL Gu\u00eda para la grabaci\u00f3n de videos<\/p>\n","protected":false},"author":14,"featured_media":0,"parent":0,"menu_order":0,"comment_status":"closed","ping_status":"closed","template":"","meta":{"_themeisle_gutenberg_block_has_review":false,"footnotes":""},"class_list":["post-1372","page","type-page","status-publish","hentry"],"acf":[],"rttpg_featured_image_url":null,"rttpg_author":{"display_name":"ceil","author_link":"https:\/\/idihcs.fahce.unlp.edu.ar\/ceil\/author\/ceil\/"},"rttpg_comment":0,"rttpg_category":null,"rttpg_excerpt":"Los siguientes documentos fueron elaborados por la secretar\u00eda del Centro de Estudios e Investigaciones Ling\u00fc\u00edsticas para asesorar a sus investigadores. Gu\u00eda de preguntas frecuentes del CEIL (Documento de apoyo) Organizaci\u00f3n y comunicaci\u00f3n de reuniones cient\u00edficas del CEIL Gu\u00eda para la grabaci\u00f3n de videos","_links":{"self":[{"href":"https:\/\/idihcs.fahce.unlp.edu.ar\/ceil\/wp-json\/wp\/v2\/pages\/1372","targetHints":{"allow":["GET"]}}],"collection":[{"href":"https:\/\/idihcs.fahce.unlp.edu.ar\/ceil\/wp-json\/wp\/v2\/pages"}],"about":[{"href":"https:\/\/idihcs.fahce.unlp.edu.ar\/ceil\/wp-json\/wp\/v2\/types\/page"}],"author":[{"embeddable":true,"href":"https:\/\/idihcs.fahce.unlp.edu.ar\/ceil\/wp-json\/wp\/v2\/users\/14"}],"replies":[{"embeddable":true,"href":"https:\/\/idihcs.fahce.unlp.edu.ar\/ceil\/wp-json\/wp\/v2\/comments?post=1372"}],"version-history":[{"count":2,"href":"https:\/\/idihcs.fahce.unlp.edu.ar\/ceil\/wp-json\/wp\/v2\/pages\/1372\/revisions"}],"predecessor-version":[{"id":1520,"href":"https:\/\/idihcs.fahce.unlp.edu.ar\/ceil\/wp-json\/wp\/v2\/pages\/1372\/revisions\/1520"}],"wp:attachment":[{"href":"https:\/\/idihcs.fahce.unlp.edu.ar\/ceil\/wp-json\/wp\/v2\/media?parent=1372"}],"curies":[{"name":"wp","href":"https:\/\/api.w.org\/{rel}","templated":true}]}}