{"id":98,"date":"2018-06-17T23:15:21","date_gmt":"2018-06-18T02:15:21","guid":{"rendered":"http:\/\/163.10.30.48\/~posgrado6\/wordpress\/aeief\/?page_id=98"},"modified":"2024-03-11T11:44:44","modified_gmt":"2024-03-11T14:44:44","slug":"presentacion","status":"publish","type":"page","link":"https:\/\/idihcs.fahce.unlp.edu.ar\/ceidef\/","title":{"rendered":"CEIdEF &#8211; Presentaci\u00f3n"},"content":{"rendered":"\n<p><\/p>\n\n\n\n<p><\/p>\n\n\n<p>El Centro de Estudios e Investigaci\u00f3n de Educaci\u00f3n F\u00edsica es un espacio integrado por un colectivo de docentes investigadores con especificas l\u00edneas de indagaci\u00f3n. <br \/><br \/>En esta unidad, los equipos de investigaci\u00f3n abordan diversos temas y objetos de estudios particulares de la disciplina estableciendo articulaciones con otras disciplinas del conocimiento. <br \/><br \/>Las ejecuciones de las distintas variantes de investigaci\u00f3n (planes, proyectos, programas, grupos de estudio) promueven construcciones de car\u00e1cter interdisciplinario.<\/p>\n<p>El armado de propuestas interdisciplinarias apunta, en sus combinatorias, a la producci\u00f3n, organizaci\u00f3n y sistematizaci\u00f3n de conocimientos relevantes de la Educaci\u00f3n F\u00edsica con visiones m\u00e1s complejas y completas de los campos de estudio abordados.<\/p>\n\n\n<p><\/p>\n","protected":false},"excerpt":{"rendered":"<p>El Centro de Estudios e Investigaci\u00f3n de Educaci\u00f3n F\u00edsica es un espacio integrado por un colectivo de docentes investigadores con especificas l\u00edneas de indagaci\u00f3n. En esta unidad, los equipos de investigaci\u00f3n abordan diversos temas y objetos de estudios particulares de la disciplina estableciendo articulaciones con otras disciplinas del conocimiento. Las ejecuciones de las distintas variantes [&hellip;]<\/p>\n","protected":false},"author":2,"featured_media":0,"parent":0,"menu_order":0,"comment_status":"closed","ping_status":"closed","template":"page-ui.php","meta":{"_themeisle_gutenberg_block_has_review":false,"footnotes":""},"class_list":["post-98","page","type-page","status-publish","hentry"],"yoast_head":"<!-- This site is optimized with the Yoast SEO Premium plugin v22.4 (Yoast SEO v22.4) - https:\/\/yoast.com\/wordpress\/plugins\/seo\/ -->\n<title>CEIdEF - Presentaci\u00f3n - IdIHCS - CEIdEF<\/title>\n<meta name=\"robots\" content=\"index, follow, max-snippet:-1, max-image-preview:large, max-video-preview:-1\" \/>\n<link rel=\"canonical\" href=\"https:\/\/idihcs.fahce.unlp.edu.ar\/ceidef\/\" \/>\n<meta property=\"og:locale\" content=\"es_ES\" \/>\n<meta property=\"og:type\" content=\"article\" \/>\n<meta property=\"og:title\" content=\"CEIdEF - Presentaci\u00f3n\" \/>\n<meta property=\"og:description\" content=\"El Centro de Estudios e Investigaci\u00f3n de Educaci\u00f3n F\u00edsica es un espacio integrado por un colectivo de docentes investigadores con especificas l\u00edneas de indagaci\u00f3n. En esta unidad, los equipos de investigaci\u00f3n abordan diversos temas y objetos de estudios particulares de la disciplina estableciendo articulaciones con otras disciplinas del conocimiento. Las ejecuciones de las distintas variantes [&hellip;]\" \/>\n<meta property=\"og:url\" content=\"https:\/\/idihcs.fahce.unlp.edu.ar\/ceidef\/\" \/>\n<meta property=\"og:site_name\" content=\"IdIHCS - CEIdEF\" \/>\n<meta property=\"article:modified_time\" content=\"2024-03-11T14:44:44+00:00\" \/>\n<meta name=\"twitter:card\" content=\"summary_large_image\" \/>\n<meta name=\"twitter:label1\" content=\"Tiempo de lectura\" \/>\n\t<meta name=\"twitter:data1\" content=\"1 minuto\" \/>\n<script type=\"application\/ld+json\" class=\"yoast-schema-graph\">{\"@context\":\"https:\/\/schema.org\",\"@graph\":[{\"@type\":\"WebPage\",\"@id\":\"https:\/\/idihcs.fahce.unlp.edu.ar\/ceidef\/\",\"url\":\"https:\/\/idihcs.fahce.unlp.edu.ar\/ceidef\/\",\"name\":\"CEIdEF - Presentaci\u00f3n - IdIHCS - CEIdEF\",\"isPartOf\":{\"@id\":\"https:\/\/idihcs.fahce.unlp.edu.ar\/ceidef\/#website\"},\"datePublished\":\"2018-06-18T02:15:21+00:00\",\"dateModified\":\"2024-03-11T14:44:44+00:00\",\"breadcrumb\":{\"@id\":\"https:\/\/idihcs.fahce.unlp.edu.ar\/ceidef\/#breadcrumb\"},\"inLanguage\":\"es-AR\",\"potentialAction\":[{\"@type\":\"ReadAction\",\"target\":[\"https:\/\/idihcs.fahce.unlp.edu.ar\/ceidef\/\"]}]},{\"@type\":\"BreadcrumbList\",\"@id\":\"https:\/\/idihcs.fahce.unlp.edu.ar\/ceidef\/#breadcrumb\",\"itemListElement\":[{\"@type\":\"ListItem\",\"position\":1,\"name\":\"Home\",\"item\":\"https:\/\/idihcs.fahce.unlp.edu.ar\/ceidef\/\"},{\"@type\":\"ListItem\",\"position\":2,\"name\":\"CEIdEF &#8211; Presentaci\u00f3n\"}]},{\"@type\":\"WebSite\",\"@id\":\"https:\/\/idihcs.fahce.unlp.edu.ar\/ceidef\/#website\",\"url\":\"https:\/\/idihcs.fahce.unlp.edu.ar\/ceidef\/\",\"name\":\"IdIHCS - CEIdEF\",\"description\":\"\",\"potentialAction\":[{\"@type\":\"SearchAction\",\"target\":{\"@type\":\"EntryPoint\",\"urlTemplate\":\"https:\/\/idihcs.fahce.unlp.edu.ar\/ceidef\/?s={search_term_string}\"},\"query-input\":\"required name=search_term_string\"}],\"inLanguage\":\"es-AR\"}]}<\/script>\n<!-- \/ Yoast SEO Premium plugin. -->","yoast_head_json":{"title":"CEIdEF - Presentaci\u00f3n - IdIHCS - CEIdEF","robots":{"index":"index","follow":"follow","max-snippet":"max-snippet:-1","max-image-preview":"max-image-preview:large","max-video-preview":"max-video-preview:-1"},"canonical":"https:\/\/idihcs.fahce.unlp.edu.ar\/ceidef\/","og_locale":"es_ES","og_type":"article","og_title":"CEIdEF - Presentaci\u00f3n","og_description":"El Centro de Estudios e Investigaci\u00f3n de Educaci\u00f3n F\u00edsica es un espacio integrado por un colectivo de docentes investigadores con especificas l\u00edneas de indagaci\u00f3n. En esta unidad, los equipos de investigaci\u00f3n abordan diversos temas y objetos de estudios particulares de la disciplina estableciendo articulaciones con otras disciplinas del conocimiento. Las ejecuciones de las distintas variantes [&hellip;]","og_url":"https:\/\/idihcs.fahce.unlp.edu.ar\/ceidef\/","og_site_name":"IdIHCS - CEIdEF","article_modified_time":"2024-03-11T14:44:44+00:00","twitter_card":"summary_large_image","twitter_misc":{"Tiempo de lectura":"1 minuto"},"schema":{"@context":"https:\/\/schema.org","@graph":[{"@type":"WebPage","@id":"https:\/\/idihcs.fahce.unlp.edu.ar\/ceidef\/","url":"https:\/\/idihcs.fahce.unlp.edu.ar\/ceidef\/","name":"CEIdEF - Presentaci\u00f3n - IdIHCS - CEIdEF","isPartOf":{"@id":"https:\/\/idihcs.fahce.unlp.edu.ar\/ceidef\/#website"},"datePublished":"2018-06-18T02:15:21+00:00","dateModified":"2024-03-11T14:44:44+00:00","breadcrumb":{"@id":"https:\/\/idihcs.fahce.unlp.edu.ar\/ceidef\/#breadcrumb"},"inLanguage":"es-AR","potentialAction":[{"@type":"ReadAction","target":["https:\/\/idihcs.fahce.unlp.edu.ar\/ceidef\/"]}]},{"@type":"BreadcrumbList","@id":"https:\/\/idihcs.fahce.unlp.edu.ar\/ceidef\/#breadcrumb","itemListElement":[{"@type":"ListItem","position":1,"name":"Home","item":"https:\/\/idihcs.fahce.unlp.edu.ar\/ceidef\/"},{"@type":"ListItem","position":2,"name":"CEIdEF &#8211; Presentaci\u00f3n"}]},{"@type":"WebSite","@id":"https:\/\/idihcs.fahce.unlp.edu.ar\/ceidef\/#website","url":"https:\/\/idihcs.fahce.unlp.edu.ar\/ceidef\/","name":"IdIHCS - CEIdEF","description":"","potentialAction":[{"@type":"SearchAction","target":{"@type":"EntryPoint","urlTemplate":"https:\/\/idihcs.fahce.unlp.edu.ar\/ceidef\/?s={search_term_string}"},"query-input":"required name=search_term_string"}],"inLanguage":"es-AR"}]}},"acf":[],"rttpg_featured_image_url":null,"rttpg_author":{"display_name":"ggchicote","author_link":"https:\/\/idihcs.fahce.unlp.edu.ar\/ceidef\/author\/ggchicote\/"},"rttpg_comment":0,"rttpg_category":null,"rttpg_excerpt":"El Centro de Estudios e Investigaci\u00f3n de Educaci\u00f3n F\u00edsica es un espacio integrado por un colectivo de docentes investigadores con especificas l\u00edneas de indagaci\u00f3n. En esta unidad, los equipos de investigaci\u00f3n abordan diversos temas y objetos de estudios particulares de la disciplina estableciendo articulaciones con otras disciplinas del conocimiento. Las ejecuciones de las distintas variantes&hellip;","_links":{"self":[{"href":"https:\/\/idihcs.fahce.unlp.edu.ar\/ceidef\/wp-json\/wp\/v2\/pages\/98","targetHints":{"allow":["GET"]}}],"collection":[{"href":"https:\/\/idihcs.fahce.unlp.edu.ar\/ceidef\/wp-json\/wp\/v2\/pages"}],"about":[{"href":"https:\/\/idihcs.fahce.unlp.edu.ar\/ceidef\/wp-json\/wp\/v2\/types\/page"}],"author":[{"embeddable":true,"href":"https:\/\/idihcs.fahce.unlp.edu.ar\/ceidef\/wp-json\/wp\/v2\/users\/2"}],"replies":[{"embeddable":true,"href":"https:\/\/idihcs.fahce.unlp.edu.ar\/ceidef\/wp-json\/wp\/v2\/comments?post=98"}],"version-history":[{"count":8,"href":"https:\/\/idihcs.fahce.unlp.edu.ar\/ceidef\/wp-json\/wp\/v2\/pages\/98\/revisions"}],"predecessor-version":[{"id":357,"href":"https:\/\/idihcs.fahce.unlp.edu.ar\/ceidef\/wp-json\/wp\/v2\/pages\/98\/revisions\/357"}],"wp:attachment":[{"href":"https:\/\/idihcs.fahce.unlp.edu.ar\/ceidef\/wp-json\/wp\/v2\/media?parent=98"}],"curies":[{"name":"wp","href":"https:\/\/api.w.org\/{rel}","templated":true}]}}