{"id":234,"date":"2022-04-04T10:48:30","date_gmt":"2022-04-04T13:48:30","guid":{"rendered":"https:\/\/idihcs.fahce.unlp.edu.ar\/aeief\/?page_id=234"},"modified":"2025-12-02T14:44:26","modified_gmt":"2025-12-02T17:44:26","slug":"proyectos-de-investigacion","status":"publish","type":"page","link":"https:\/\/idihcs.fahce.unlp.edu.ar\/ceidef\/proyectos-de-investigacion\/","title":{"rendered":"CEIdEF &#8211; Proyectos de investigaci\u00f3n vigentes"},"content":{"rendered":"    <style>\n        .tabla-proyectos-flex {width:100%;border-collapse:separate;border-spacing:0;margin:2rem 0;font-family:\"Segoe UI\",Arial,sans-serif;font-size:15px;background:#fff;border-radius:12px;overflow:hidden;box-shadow:0 10px 30px rgba(0,0,0,0.08);}\n        .tabla-proyectos-flex thead th {background:#49ab4c;color:white;padding:16px 18px;text-align:left;font-weight:600;}\n        .tabla-proyectos-flex tbody td {padding:16px 18px;border-bottom:1px solid #eef2f7;vertical-align:top;}\n        .tabla-proyectos-flex tbody tr:hover {background:#f8fcf8;}\n        .tabla-proyectos-flex a {color:#227730;font-weight:600;text-decoration:none;position:relative;}\n        .tabla-proyectos-flex a::after {content:'';position:absolute;width:0;height:2px;bottom:-2px;left:0;background:#49ab4c;transition:width .3s;}\n        .tabla-proyectos-flex a:hover::after {width:100%;}\n        .prorroga-nota {font-size:0.85em;color:#e67e22;display:block;margin-top:4px;}\n        @media(max-width:720px){\n            .tabla-proyectos-flex,.tabla-proyectos-flex thead,.tabla-proyectos-flex tbody,.tabla-proyectos-flex th,.tabla-proyectos-flex td,.tabla-proyectos-flex tr{display:block;}\n            .tabla-proyectos-flex thead tr{display:none;}\n            .tabla-proyectos-flex tr{margin-bottom:20px;border:1px solid #ddd;border-radius:10px;background:white !important;}\n            .tabla-proyectos-flex td{border:none;position:relative;padding-left:50%;text-align:right;}\n            .tabla-proyectos-flex td::before{content:attr(data-label);position:absolute;left:15px;width:45%;font-weight:600;color:#49ab4c;text-align:left;}\n        }\n    <\/style>\n\n    <table class=\"tabla-proyectos-flex\">\n        <thead>\n            <tr>\n                                    <th>T\u00edtulo<\/th>\n                                    <th>Tipo proyecto<\/th>\n                                    <th>Director\/es<\/th>\n                                    <th>Codirector\/es<\/th>\n                                    <th>Vigente hasta<\/th>\n                            <\/tr>\n        <\/thead>\n        <tbody>\n                            <tr>\n                                            <td data-label=\"T\u00edtulo\">\n                            <a href=\"http:\/\/www.memoria.fahce.unlp.edu.ar\/library?a=d&#038;c=proyecto&#038;d=Jpy1266\" target=\"_blank\" rel=\"noopener\">Deporte, Democracia y Derechos Humanos<\/a>                        <\/td>\n                                            <td data-label=\"tipo-proyecto\">\n                            PI+D                        <\/td>\n                                            <td data-label=\"Director\/es\">\n                            Carballo, Carlos Gabriel                        <\/td>\n                                            <td data-label=\"Codirector\/es\">\n                            Fittipaldi, Gerardo Javier                        <\/td>\n                                            <td data-label=\"Vigente hasta\">\n                            <strong style=\"color:#49ab4c;\">31 de diciembre de 2028<\/strong>                        <\/td>\n                                    <\/tr>\n                            <tr>\n                                            <td data-label=\"T\u00edtulo\">\n                            <a href=\"http:\/\/www.memoria.fahce.unlp.edu.ar\/library?a=d&#038;c=proyecto&#038;d=Jpy1213\" target=\"_blank\" rel=\"noopener\">La Educaci\u00f3n F\u00edsica en la escuela secundaria. Entre la l\u00f3gica interna, la l\u00f3gica externa y la innovaci\u00f3n pedag\u00f3gica<\/a>                        <\/td>\n                                            <td data-label=\"tipo-proyecto\">\n                            PI+D                        <\/td>\n                                            <td data-label=\"Director\/es\">\n                            Sarav\u00ed, Jorge Ricardo                        <\/td>\n                                            <td data-label=\"Codirector\/es\">\n                            \u2014                        <\/td>\n                                            <td data-label=\"Vigente hasta\">\n                            <strong style=\"color:#49ab4c;\">31 de diciembre de 2027<\/strong>                        <\/td>\n                                    <\/tr>\n                            <tr>\n                                            <td data-label=\"T\u00edtulo\">\n                            <a href=\"http:\/\/www.memoria.fahce.unlp.edu.ar\/library?a=d&#038;c=proyecto&#038;d=Jpy1120\" target=\"_blank\" rel=\"noopener\">Gesti\u00f3n de espacios deportivos, j\u00f3venes y tecnolog\u00eda inform\u00e1tica<\/a>                        <\/td>\n                                            <td data-label=\"tipo-proyecto\">\n                            PI+D                        <\/td>\n                                            <td data-label=\"Director\/es\">\n                            Camblor, Ezequiel Pablo                        <\/td>\n                                            <td data-label=\"Codirector\/es\">\n                            \u2014                        <\/td>\n                                            <td data-label=\"Vigente hasta\">\n                            <strong style=\"color:#49ab4c;\">31 de diciembre de 2026<\/strong>                        <\/td>\n                                    <\/tr>\n                            <tr>\n                                            <td data-label=\"T\u00edtulo\">\n                            <a href=\"http:\/\/www.memoria.fahce.unlp.edu.ar\/library?a=d&#038;c=proyecto&#038;d=Jpy1231\" target=\"_blank\" rel=\"noopener\">Deportes alternativos y g\u00e9nero. Sobre las nuevas o diferentes condiciones de posibilidad emergentes de la inserci\u00f3n de deportes alternativos en la educaci\u00f3n f\u00edsica, especialmente en la provincia de Buenos Aires<\/a>                        <\/td>\n                                            <td data-label=\"tipo-proyecto\">\n                            PPID                        <\/td>\n                                            <td data-label=\"Director\/es\">\n                            Kopelovich, Pablo                        <\/td>\n                                            <td data-label=\"Codirector\/es\">\n                            \u2014                        <\/td>\n                                            <td data-label=\"Vigente hasta\">\n                            <strong style=\"color:#49ab4c;\">31 de diciembre de 2026<\/strong>                        <\/td>\n                                    <\/tr>\n                            <tr>\n                                            <td data-label=\"T\u00edtulo\">\n                            <a href=\"http:\/\/www.memoria.fahce.unlp.edu.ar\/library?a=d&#038;c=proyecto&#038;d=Jpy1237\" target=\"_blank\" rel=\"noopener\">Pr\u00e1cticas deportivas, cultura y comunicaci\u00f3n<\/a>                        <\/td>\n                                            <td data-label=\"tipo-proyecto\">\n                            PI+D                        <\/td>\n                                            <td data-label=\"Director\/es\">\n                            Cachorro, Gabriel Armando                        <\/td>\n                                            <td data-label=\"Codirector\/es\">\n                            \u2014                        <\/td>\n                                            <td data-label=\"Vigente hasta\">\n                            <strong style=\"color:#49ab4c;\">31 de diciembre de 2026<\/strong>                        <\/td>\n                                    <\/tr>\n                            <tr>\n                                            <td data-label=\"T\u00edtulo\">\n                            <a href=\"http:\/\/www.memoria.fahce.unlp.edu.ar\/library?a=d&#038;c=proyecto&#038;d=Jpy1252\" target=\"_blank\" rel=\"noopener\">La observaci\u00f3n en las clases de Educaci\u00f3n F\u00edsica: percepci\u00f3n, interpretaci\u00f3n y perspectivas te\u00f3ricas<\/a>                        <\/td>\n                                            <td data-label=\"tipo-proyecto\">\n                            PI+D                        <\/td>\n                                            <td data-label=\"Director\/es\">\n                            Rodr\u00edguez, Andrea Anah\u00ed                        <\/td>\n                                            <td data-label=\"Codirector\/es\">\n                            Ron, Osvaldo Omar                        <\/td>\n                                            <td data-label=\"Vigente hasta\">\n                            <strong style=\"color:#49ab4c;\">31 de diciembre de 2026<\/strong>                        <\/td>\n                                    <\/tr>\n                            <tr>\n                                            <td data-label=\"T\u00edtulo\">\n                            <a href=\"http:\/\/www.memoria.fahce.unlp.edu.ar\/library?a=d&#038;c=proyecto&#038;d=Jpy1253\" target=\"_blank\" rel=\"noopener\">Educaci\u00f3n F\u00edsica y Formaci\u00f3n Superior: nociones de cuerpo educado en el Plan de estudios 2000, UNLP. Tercera parte. Incumbencias profesionales: continuidades, desarrollos y emancipaci\u00f3n en proceso<\/a>                        <\/td>\n                                            <td data-label=\"tipo-proyecto\">\n                            PI+D                        <\/td>\n                                            <td data-label=\"Director\/es\">\n                            Ron, Osvaldo Omar                        <\/td>\n                                            <td data-label=\"Codirector\/es\">\n                            \u2014                        <\/td>\n                                            <td data-label=\"Vigente hasta\">\n                            <strong style=\"color:#49ab4c;\">31 de diciembre de 2026<\/strong>                        <\/td>\n                                    <\/tr>\n                    <\/tbody>\n    <\/table>\n\n    \n","protected":false},"excerpt":{"rendered":"","protected":false},"author":21,"featured_media":0,"parent":0,"menu_order":0,"comment_status":"closed","ping_status":"closed","template":"page-ui.php","meta":{"_themeisle_gutenberg_block_has_review":false,"footnotes":""},"class_list":["post-234","page","type-page","status-publish","hentry"],"yoast_head":"<!-- This site is optimized with the Yoast SEO Premium plugin v22.4 (Yoast SEO v22.4) - https:\/\/yoast.com\/wordpress\/plugins\/seo\/ -->\n<title>CEIdEF - Proyectos de investigaci\u00f3n vigentes - IdIHCS - CEIdEF<\/title>\n<meta name=\"robots\" content=\"index, follow, max-snippet:-1, max-image-preview:large, max-video-preview:-1\" \/>\n<link rel=\"canonical\" href=\"https:\/\/idihcs.fahce.unlp.edu.ar\/ceidef\/proyectos-de-investigacion\/\" \/>\n<meta property=\"og:locale\" content=\"es_ES\" \/>\n<meta property=\"og:type\" content=\"article\" \/>\n<meta property=\"og:title\" content=\"CEIdEF - Proyectos de investigaci\u00f3n vigentes\" \/>\n<meta property=\"og:url\" content=\"https:\/\/idihcs.fahce.unlp.edu.ar\/ceidef\/proyectos-de-investigacion\/\" \/>\n<meta property=\"og:site_name\" content=\"IdIHCS - CEIdEF\" \/>\n<meta property=\"article:modified_time\" content=\"2025-12-02T17:44:26+00:00\" \/>\n<meta name=\"twitter:card\" content=\"summary_large_image\" \/>\n<meta name=\"twitter:label1\" content=\"Tiempo de lectura\" \/>\n\t<meta name=\"twitter:data1\" content=\"1 minuto\" \/>\n<script type=\"application\/ld+json\" class=\"yoast-schema-graph\">{\"@context\":\"https:\/\/schema.org\",\"@graph\":[{\"@type\":\"WebPage\",\"@id\":\"https:\/\/idihcs.fahce.unlp.edu.ar\/ceidef\/proyectos-de-investigacion\/\",\"url\":\"https:\/\/idihcs.fahce.unlp.edu.ar\/ceidef\/proyectos-de-investigacion\/\",\"name\":\"CEIdEF - Proyectos de investigaci\u00f3n vigentes - IdIHCS - CEIdEF\",\"isPartOf\":{\"@id\":\"https:\/\/idihcs.fahce.unlp.edu.ar\/ceidef\/#website\"},\"datePublished\":\"2022-04-04T13:48:30+00:00\",\"dateModified\":\"2025-12-02T17:44:26+00:00\",\"breadcrumb\":{\"@id\":\"https:\/\/idihcs.fahce.unlp.edu.ar\/ceidef\/proyectos-de-investigacion\/#breadcrumb\"},\"inLanguage\":\"es-AR\",\"potentialAction\":[{\"@type\":\"ReadAction\",\"target\":[\"https:\/\/idihcs.fahce.unlp.edu.ar\/ceidef\/proyectos-de-investigacion\/\"]}]},{\"@type\":\"BreadcrumbList\",\"@id\":\"https:\/\/idihcs.fahce.unlp.edu.ar\/ceidef\/proyectos-de-investigacion\/#breadcrumb\",\"itemListElement\":[{\"@type\":\"ListItem\",\"position\":1,\"name\":\"Home\",\"item\":\"https:\/\/idihcs.fahce.unlp.edu.ar\/ceidef\/\"},{\"@type\":\"ListItem\",\"position\":2,\"name\":\"CEIdEF &#8211; Proyectos de investigaci\u00f3n vigentes\"}]},{\"@type\":\"WebSite\",\"@id\":\"https:\/\/idihcs.fahce.unlp.edu.ar\/ceidef\/#website\",\"url\":\"https:\/\/idihcs.fahce.unlp.edu.ar\/ceidef\/\",\"name\":\"IdIHCS - CEIdEF\",\"description\":\"\",\"potentialAction\":[{\"@type\":\"SearchAction\",\"target\":{\"@type\":\"EntryPoint\",\"urlTemplate\":\"https:\/\/idihcs.fahce.unlp.edu.ar\/ceidef\/?s={search_term_string}\"},\"query-input\":\"required name=search_term_string\"}],\"inLanguage\":\"es-AR\"}]}<\/script>\n<!-- \/ Yoast SEO Premium plugin. -->","yoast_head_json":{"title":"CEIdEF - Proyectos de investigaci\u00f3n vigentes - IdIHCS - CEIdEF","robots":{"index":"index","follow":"follow","max-snippet":"max-snippet:-1","max-image-preview":"max-image-preview:large","max-video-preview":"max-video-preview:-1"},"canonical":"https:\/\/idihcs.fahce.unlp.edu.ar\/ceidef\/proyectos-de-investigacion\/","og_locale":"es_ES","og_type":"article","og_title":"CEIdEF - Proyectos de investigaci\u00f3n vigentes","og_url":"https:\/\/idihcs.fahce.unlp.edu.ar\/ceidef\/proyectos-de-investigacion\/","og_site_name":"IdIHCS - CEIdEF","article_modified_time":"2025-12-02T17:44:26+00:00","twitter_card":"summary_large_image","twitter_misc":{"Tiempo de lectura":"1 minuto"},"schema":{"@context":"https:\/\/schema.org","@graph":[{"@type":"WebPage","@id":"https:\/\/idihcs.fahce.unlp.edu.ar\/ceidef\/proyectos-de-investigacion\/","url":"https:\/\/idihcs.fahce.unlp.edu.ar\/ceidef\/proyectos-de-investigacion\/","name":"CEIdEF - Proyectos de investigaci\u00f3n vigentes - IdIHCS - CEIdEF","isPartOf":{"@id":"https:\/\/idihcs.fahce.unlp.edu.ar\/ceidef\/#website"},"datePublished":"2022-04-04T13:48:30+00:00","dateModified":"2025-12-02T17:44:26+00:00","breadcrumb":{"@id":"https:\/\/idihcs.fahce.unlp.edu.ar\/ceidef\/proyectos-de-investigacion\/#breadcrumb"},"inLanguage":"es-AR","potentialAction":[{"@type":"ReadAction","target":["https:\/\/idihcs.fahce.unlp.edu.ar\/ceidef\/proyectos-de-investigacion\/"]}]},{"@type":"BreadcrumbList","@id":"https:\/\/idihcs.fahce.unlp.edu.ar\/ceidef\/proyectos-de-investigacion\/#breadcrumb","itemListElement":[{"@type":"ListItem","position":1,"name":"Home","item":"https:\/\/idihcs.fahce.unlp.edu.ar\/ceidef\/"},{"@type":"ListItem","position":2,"name":"CEIdEF &#8211; Proyectos de investigaci\u00f3n vigentes"}]},{"@type":"WebSite","@id":"https:\/\/idihcs.fahce.unlp.edu.ar\/ceidef\/#website","url":"https:\/\/idihcs.fahce.unlp.edu.ar\/ceidef\/","name":"IdIHCS - CEIdEF","description":"","potentialAction":[{"@type":"SearchAction","target":{"@type":"EntryPoint","urlTemplate":"https:\/\/idihcs.fahce.unlp.edu.ar\/ceidef\/?s={search_term_string}"},"query-input":"required name=search_term_string"}],"inLanguage":"es-AR"}]}},"acf":[],"rttpg_featured_image_url":null,"rttpg_author":{"display_name":"psalguero","author_link":"https:\/\/idihcs.fahce.unlp.edu.ar\/ceidef\/author\/psalguero\/"},"rttpg_comment":0,"rttpg_category":null,"rttpg_excerpt":null,"_links":{"self":[{"href":"https:\/\/idihcs.fahce.unlp.edu.ar\/ceidef\/wp-json\/wp\/v2\/pages\/234","targetHints":{"allow":["GET"]}}],"collection":[{"href":"https:\/\/idihcs.fahce.unlp.edu.ar\/ceidef\/wp-json\/wp\/v2\/pages"}],"about":[{"href":"https:\/\/idihcs.fahce.unlp.edu.ar\/ceidef\/wp-json\/wp\/v2\/types\/page"}],"author":[{"embeddable":true,"href":"https:\/\/idihcs.fahce.unlp.edu.ar\/ceidef\/wp-json\/wp\/v2\/users\/21"}],"replies":[{"embeddable":true,"href":"https:\/\/idihcs.fahce.unlp.edu.ar\/ceidef\/wp-json\/wp\/v2\/comments?post=234"}],"version-history":[{"count":10,"href":"https:\/\/idihcs.fahce.unlp.edu.ar\/ceidef\/wp-json\/wp\/v2\/pages\/234\/revisions"}],"predecessor-version":[{"id":457,"href":"https:\/\/idihcs.fahce.unlp.edu.ar\/ceidef\/wp-json\/wp\/v2\/pages\/234\/revisions\/457"}],"wp:attachment":[{"href":"https:\/\/idihcs.fahce.unlp.edu.ar\/ceidef\/wp-json\/wp\/v2\/media?parent=234"}],"curies":[{"name":"wp","href":"https:\/\/api.w.org\/{rel}","templated":true}]}}