{"id":159,"date":"2018-06-21T17:39:26","date_gmt":"2018-06-21T20:39:26","guid":{"rendered":"http:\/\/163.10.30.48\/~posgrado6\/wordpress\/aeief\/?page_id=159"},"modified":"2023-11-21T14:57:42","modified_gmt":"2023-11-21T17:57:42","slug":"juegos-y-deportes-en-clave-cultural","status":"publish","type":"page","link":"https:\/\/idihcs.fahce.unlp.edu.ar\/ceidef\/juegos-y-deportes-en-clave-cultural\/","title":{"rendered":"CEIdEF &#8211; Juegos y Deportes en Clave Cultural"},"content":{"rendered":"<p>Coordinador: Rom\u00e1n C\u00e9saro<\/p>\n<p>Este grupo de estudio se propone generar un espacio para describir, explicar y analizar juegos y deportes que tengan un impacto social y medi\u00e1tico actual en nuestra sociedad, aunque su pr\u00e1ctica se remonte al pasado hist\u00f3rico o reciente. En este marco, presentar\u00e1 un recorrido que aborde los deportes y juegos deportivos del mundo, juegos pueblos\u00a0 originarios y deportes de combate seg\u00fan se conformen grupos de inter\u00e9s por parte de los integrantes. En este sentido, el coordinador del grupo de estudio propiciar\u00e1 un plan de acci\u00f3n que permitir\u00e1 poner en dialogo los aportes te\u00f3ricos sobre juego y deporte, con la intenci\u00f3n de generar interrogantes para revisar y problematizar las condiciones estructurales, sociales, hist\u00f3ricas, pol\u00edticas y por consiguiente culturales que estas pr\u00e1cticas tienen en nuestra sociedad desde su abordaje emp\u00edrico. En segundo lugar se analizar\u00e1 en qu\u00e9 medida se incorporan al campo de oferta de la Educaci\u00f3n F\u00edsica en sentido amplio.<\/p>\n","protected":false},"excerpt":{"rendered":"<p>Coordinador: Rom\u00e1n C\u00e9saro Este grupo de estudio se propone generar un espacio para describir, explicar y analizar juegos y deportes que tengan un impacto social y medi\u00e1tico actual en nuestra sociedad, aunque su pr\u00e1ctica se remonte al pasado hist\u00f3rico o reciente. En este marco, presentar\u00e1 un recorrido que aborde los deportes y juegos deportivos del [&hellip;]<\/p>\n","protected":false},"author":3,"featured_media":0,"parent":0,"menu_order":0,"comment_status":"closed","ping_status":"closed","template":"page-ui.php","meta":{"_themeisle_gutenberg_block_has_review":false,"footnotes":""},"class_list":["post-159","page","type-page","status-publish","hentry"],"yoast_head":"<!-- This site is optimized with the Yoast SEO Premium plugin v22.4 (Yoast SEO v22.4) - https:\/\/yoast.com\/wordpress\/plugins\/seo\/ -->\n<title>CEIdEF - Juegos y Deportes en Clave Cultural - IdIHCS - CEIdEF<\/title>\n<meta name=\"robots\" content=\"index, follow, max-snippet:-1, max-image-preview:large, max-video-preview:-1\" \/>\n<link rel=\"canonical\" href=\"https:\/\/idihcs.fahce.unlp.edu.ar\/ceidef\/juegos-y-deportes-en-clave-cultural\/\" \/>\n<meta property=\"og:locale\" content=\"es_ES\" \/>\n<meta property=\"og:type\" content=\"article\" \/>\n<meta property=\"og:title\" content=\"CEIdEF - Juegos y Deportes en Clave Cultural\" \/>\n<meta property=\"og:description\" content=\"Coordinador: Rom\u00e1n C\u00e9saro Este grupo de estudio se propone generar un espacio para describir, explicar y analizar juegos y deportes que tengan un impacto social y medi\u00e1tico actual en nuestra sociedad, aunque su pr\u00e1ctica se remonte al pasado hist\u00f3rico o reciente. En este marco, presentar\u00e1 un recorrido que aborde los deportes y juegos deportivos del [&hellip;]\" \/>\n<meta property=\"og:url\" content=\"https:\/\/idihcs.fahce.unlp.edu.ar\/ceidef\/juegos-y-deportes-en-clave-cultural\/\" \/>\n<meta property=\"og:site_name\" content=\"IdIHCS - CEIdEF\" \/>\n<meta property=\"article:modified_time\" content=\"2023-11-21T17:57:42+00:00\" \/>\n<meta name=\"twitter:card\" content=\"summary_large_image\" \/>\n<meta name=\"twitter:label1\" content=\"Tiempo de lectura\" \/>\n\t<meta name=\"twitter:data1\" content=\"1 minuto\" \/>\n<script type=\"application\/ld+json\" class=\"yoast-schema-graph\">{\"@context\":\"https:\/\/schema.org\",\"@graph\":[{\"@type\":\"WebPage\",\"@id\":\"https:\/\/idihcs.fahce.unlp.edu.ar\/ceidef\/juegos-y-deportes-en-clave-cultural\/\",\"url\":\"https:\/\/idihcs.fahce.unlp.edu.ar\/ceidef\/juegos-y-deportes-en-clave-cultural\/\",\"name\":\"CEIdEF - Juegos y Deportes en Clave Cultural - IdIHCS - CEIdEF\",\"isPartOf\":{\"@id\":\"https:\/\/idihcs.fahce.unlp.edu.ar\/ceidef\/#website\"},\"datePublished\":\"2018-06-21T20:39:26+00:00\",\"dateModified\":\"2023-11-21T17:57:42+00:00\",\"breadcrumb\":{\"@id\":\"https:\/\/idihcs.fahce.unlp.edu.ar\/ceidef\/juegos-y-deportes-en-clave-cultural\/#breadcrumb\"},\"inLanguage\":\"es-AR\",\"potentialAction\":[{\"@type\":\"ReadAction\",\"target\":[\"https:\/\/idihcs.fahce.unlp.edu.ar\/ceidef\/juegos-y-deportes-en-clave-cultural\/\"]}]},{\"@type\":\"BreadcrumbList\",\"@id\":\"https:\/\/idihcs.fahce.unlp.edu.ar\/ceidef\/juegos-y-deportes-en-clave-cultural\/#breadcrumb\",\"itemListElement\":[{\"@type\":\"ListItem\",\"position\":1,\"name\":\"Home\",\"item\":\"https:\/\/idihcs.fahce.unlp.edu.ar\/ceidef\/\"},{\"@type\":\"ListItem\",\"position\":2,\"name\":\"CEIdEF &#8211; Juegos y Deportes en Clave Cultural\"}]},{\"@type\":\"WebSite\",\"@id\":\"https:\/\/idihcs.fahce.unlp.edu.ar\/ceidef\/#website\",\"url\":\"https:\/\/idihcs.fahce.unlp.edu.ar\/ceidef\/\",\"name\":\"IdIHCS - CEIdEF\",\"description\":\"\",\"potentialAction\":[{\"@type\":\"SearchAction\",\"target\":{\"@type\":\"EntryPoint\",\"urlTemplate\":\"https:\/\/idihcs.fahce.unlp.edu.ar\/ceidef\/?s={search_term_string}\"},\"query-input\":\"required name=search_term_string\"}],\"inLanguage\":\"es-AR\"}]}<\/script>\n<!-- \/ Yoast SEO Premium plugin. -->","yoast_head_json":{"title":"CEIdEF - Juegos y Deportes en Clave Cultural - IdIHCS - CEIdEF","robots":{"index":"index","follow":"follow","max-snippet":"max-snippet:-1","max-image-preview":"max-image-preview:large","max-video-preview":"max-video-preview:-1"},"canonical":"https:\/\/idihcs.fahce.unlp.edu.ar\/ceidef\/juegos-y-deportes-en-clave-cultural\/","og_locale":"es_ES","og_type":"article","og_title":"CEIdEF - Juegos y Deportes en Clave Cultural","og_description":"Coordinador: Rom\u00e1n C\u00e9saro Este grupo de estudio se propone generar un espacio para describir, explicar y analizar juegos y deportes que tengan un impacto social y medi\u00e1tico actual en nuestra sociedad, aunque su pr\u00e1ctica se remonte al pasado hist\u00f3rico o reciente. En este marco, presentar\u00e1 un recorrido que aborde los deportes y juegos deportivos del [&hellip;]","og_url":"https:\/\/idihcs.fahce.unlp.edu.ar\/ceidef\/juegos-y-deportes-en-clave-cultural\/","og_site_name":"IdIHCS - CEIdEF","article_modified_time":"2023-11-21T17:57:42+00:00","twitter_card":"summary_large_image","twitter_misc":{"Tiempo de lectura":"1 minuto"},"schema":{"@context":"https:\/\/schema.org","@graph":[{"@type":"WebPage","@id":"https:\/\/idihcs.fahce.unlp.edu.ar\/ceidef\/juegos-y-deportes-en-clave-cultural\/","url":"https:\/\/idihcs.fahce.unlp.edu.ar\/ceidef\/juegos-y-deportes-en-clave-cultural\/","name":"CEIdEF - Juegos y Deportes en Clave Cultural - IdIHCS - CEIdEF","isPartOf":{"@id":"https:\/\/idihcs.fahce.unlp.edu.ar\/ceidef\/#website"},"datePublished":"2018-06-21T20:39:26+00:00","dateModified":"2023-11-21T17:57:42+00:00","breadcrumb":{"@id":"https:\/\/idihcs.fahce.unlp.edu.ar\/ceidef\/juegos-y-deportes-en-clave-cultural\/#breadcrumb"},"inLanguage":"es-AR","potentialAction":[{"@type":"ReadAction","target":["https:\/\/idihcs.fahce.unlp.edu.ar\/ceidef\/juegos-y-deportes-en-clave-cultural\/"]}]},{"@type":"BreadcrumbList","@id":"https:\/\/idihcs.fahce.unlp.edu.ar\/ceidef\/juegos-y-deportes-en-clave-cultural\/#breadcrumb","itemListElement":[{"@type":"ListItem","position":1,"name":"Home","item":"https:\/\/idihcs.fahce.unlp.edu.ar\/ceidef\/"},{"@type":"ListItem","position":2,"name":"CEIdEF &#8211; Juegos y Deportes en Clave Cultural"}]},{"@type":"WebSite","@id":"https:\/\/idihcs.fahce.unlp.edu.ar\/ceidef\/#website","url":"https:\/\/idihcs.fahce.unlp.edu.ar\/ceidef\/","name":"IdIHCS - CEIdEF","description":"","potentialAction":[{"@type":"SearchAction","target":{"@type":"EntryPoint","urlTemplate":"https:\/\/idihcs.fahce.unlp.edu.ar\/ceidef\/?s={search_term_string}"},"query-input":"required name=search_term_string"}],"inLanguage":"es-AR"}]}},"acf":[],"rttpg_featured_image_url":null,"rttpg_author":{"display_name":"cbarletta","author_link":"https:\/\/idihcs.fahce.unlp.edu.ar\/ceidef\/author\/cbarletta\/"},"rttpg_comment":0,"rttpg_category":null,"rttpg_excerpt":"Coordinador: Rom\u00e1n C\u00e9saro Este grupo de estudio se propone generar un espacio para describir, explicar y analizar juegos y deportes que tengan un impacto social y medi\u00e1tico actual en nuestra sociedad, aunque su pr\u00e1ctica se remonte al pasado hist\u00f3rico o reciente. En este marco, presentar\u00e1 un recorrido que aborde los deportes y juegos deportivos del&hellip;","_links":{"self":[{"href":"https:\/\/idihcs.fahce.unlp.edu.ar\/ceidef\/wp-json\/wp\/v2\/pages\/159","targetHints":{"allow":["GET"]}}],"collection":[{"href":"https:\/\/idihcs.fahce.unlp.edu.ar\/ceidef\/wp-json\/wp\/v2\/pages"}],"about":[{"href":"https:\/\/idihcs.fahce.unlp.edu.ar\/ceidef\/wp-json\/wp\/v2\/types\/page"}],"author":[{"embeddable":true,"href":"https:\/\/idihcs.fahce.unlp.edu.ar\/ceidef\/wp-json\/wp\/v2\/users\/3"}],"replies":[{"embeddable":true,"href":"https:\/\/idihcs.fahce.unlp.edu.ar\/ceidef\/wp-json\/wp\/v2\/comments?post=159"}],"version-history":[{"count":2,"href":"https:\/\/idihcs.fahce.unlp.edu.ar\/ceidef\/wp-json\/wp\/v2\/pages\/159\/revisions"}],"predecessor-version":[{"id":333,"href":"https:\/\/idihcs.fahce.unlp.edu.ar\/ceidef\/wp-json\/wp\/v2\/pages\/159\/revisions\/333"}],"wp:attachment":[{"href":"https:\/\/idihcs.fahce.unlp.edu.ar\/ceidef\/wp-json\/wp\/v2\/media?parent=159"}],"curies":[{"name":"wp","href":"https:\/\/api.w.org\/{rel}","templated":true}]}}