{"id":154,"date":"2018-06-21T17:37:33","date_gmt":"2018-06-21T20:37:33","guid":{"rendered":"http:\/\/163.10.30.48\/~posgrado6\/wordpress\/aeief\/?page_id=154"},"modified":"2023-11-21T14:37:39","modified_gmt":"2023-11-21T17:37:39","slug":"objetivos-y-lineas-de-investigacion","status":"publish","type":"page","link":"https:\/\/idihcs.fahce.unlp.edu.ar\/ceidef\/objetivos-y-lineas-de-investigacion\/","title":{"rendered":"CEIdEF &#8211; Objetivos y l\u00edneas de investigaci\u00f3n"},"content":{"rendered":"<h3>Los objetivos de la Unidad de Investigaci\u00f3n son:<\/h3>\n<ul>\n<li>Elaborar planes y proyectos de investigaci\u00f3n interdisciplinarios para realizar intervenciones educativas relevantes en el campo de la Educaci\u00f3n F\u00edsica.<\/li>\n<li>Desarrollar l\u00edneas de investigaci\u00f3n interdisciplinarias y coproducir conocimientos transversales en el \u00e1rea de estudio de Educaci\u00f3n F\u00edsica<\/li>\n<li>Organizar grupos de estudios interdisciplinarios para asegurar trayectos de formaci\u00f3n multidisciplinarios en la investigaci\u00f3n de pasantes, becarios y tesistas.<\/li>\n<li>Contribuir a la formaci\u00f3n del oficio de la investigaci\u00f3n a los estudiantes de grado y posgrado a trav\u00e9s de la realizaci\u00f3n de pr\u00e1cticas, actividades y tareas de investigaci\u00f3n en el trabajo de campo.<\/li>\n<li>Establecer v\u00ednculos con otras unidades de investigaci\u00f3n nacionales e internacionales para la divulgaci\u00f3n y transferencia de conocimientos producidos en el Centro de Estudios interdisciplinarios de Educaci\u00f3n F\u00edsica<\/li>\n<\/ul>\n<h3>Acciones:<\/h3>\n<p>Con relaci\u00f3n a las resoluciones operativas de estos objetivos trazamos las siguientes propuestas:<\/p>\n<ul>\n<li>Construcci\u00f3n de articulaciones entre los proyectos de investigaci\u00f3n de la unidad de investigaci\u00f3n para propiciar las triangulaciones te\u00f3ricas y metodol\u00f3gicas de los Presentaci\u00f3n a convocatorias de diversas agencias de promoci\u00f3n cient\u00edfica y tecnol\u00f3gica para movilizar la producci\u00f3n colectiva de propuestas con temas transversales.<\/li>\n<li>Profundizaci\u00f3n de las l\u00edneas de investigaci\u00f3n que los directores de equipos de investigaci\u00f3n trazaron en el \u00e1rea de estudio de la Educaci\u00f3n F\u00edsica, en contacto permanente con los restantes equipos del campo disciplinar para asegurar los intercambios entre los investigadores pertenecientes a distintos grupos de investigaci\u00f3n.<\/li>\n<li>Realizaci\u00f3n de dos convocatorias anuales para la presentaci\u00f3n de propuestas de formaci\u00f3n de grupos de estudios que guarden estrecha relaci\u00f3n con las l\u00edneas de investigaci\u00f3n que promueve la unidad de investigaci\u00f3n. Los Grupos de estudios est\u00e1n pensados para fortalecer la producci\u00f3n actualizada de conocimientos interdisciplinarios significativos del campo de<\/li>\n<li>Organizaci\u00f3n de seminarios internos para la socializaci\u00f3n de ejercicios operativos de investigaci\u00f3n en el trabajo de campo explorando distintos tipos de t\u00e9cnicas y protocolos de investigaci\u00f3n interdisciplinarios para analizar las pr\u00e1cticas profesionales de Educaci\u00f3n F\u00edsica.<\/li>\n<li>Planificaci\u00f3n estrat\u00e9gica seg\u00fan el calendario acad\u00e9mico de la FaHCE con eventos de investigaci\u00f3n (jornadas, simposios, conversatorios, workshop) de car\u00e1cter interdisciplinario articulando la participaci\u00f3n de distintas unidades de investigaci\u00f3n de las Facultades de la UNLP y otras regiones nacionales e internacionales.<\/li>\n<\/ul>\n<h3><strong>L\u00edneas de investigaci\u00f3n<\/strong><\/h3>\n<p>Las l\u00edneas de investigaci\u00f3n que dispone esta unidad de investigaci\u00f3n se organizan recuperando las trayectorias y experiencias de trabajos en grupos interdisciplinarios:<\/p>\n<h5><strong>a.\u00a0\u00a0\u00a0\u00a0 Estudios de Educaci\u00f3n F\u00edsica, cuerpo, ciudad y nuevas tecnolog\u00edas<\/strong><\/h5>\n<p>Directores referentes: Cachorro Gabriel, Camblor Ezequiel y Saravi Jorge.<\/p>\n<h5><strong>b.\u00a0\u00a0\u00a0 Estudios hist\u00f3ricos de los cuerpos, g\u00e9neros y sexualidades en la Educaci\u00f3n F\u00edsica<\/strong><\/h5>\n<p>Directores referentes Ron Osvaldo, Sharagrodsky Pablo y Levoratti Alejo<\/p>\n<h5><strong>c.\u00a0\u00a0\u00a0\u00a0 Estudios de la Educaci\u00f3n F\u00edsica y la Cultura Escolar<\/strong><\/h5>\n<p>Directores referentes: Achucarro Santiago, Celentano Guillermo, G\u00f3mez Ra\u00fal, Rodr\u00edguez Andrea<\/p>\n<h5><strong>d.\u00a0\u00a0\u00a0 Estudios pol\u00edticos, sociales y culturales del deporte<\/strong><\/h5>\n<p>Directores referentes: Carballo Carlos Gabriel, Fotia Jos\u00e9, Levoratti Alejo<\/p>\n<h5><strong>e.\u00a0\u00a0\u00a0\u00a0 Estudios de Educaci\u00f3n F\u00edsica, inclusi\u00f3n social y discapacidad<\/strong><\/h5>\n<p>Directoras referentes. Sandra Katz, Debora Di Domizio<\/p>\n","protected":false},"excerpt":{"rendered":"<p>Los objetivos de la Unidad de Investigaci\u00f3n son: Elaborar planes y proyectos de investigaci\u00f3n interdisciplinarios para realizar intervenciones educativas relevantes en el campo de la Educaci\u00f3n F\u00edsica. Desarrollar l\u00edneas de investigaci\u00f3n interdisciplinarias y coproducir conocimientos transversales en el \u00e1rea de estudio de Educaci\u00f3n F\u00edsica Organizar grupos de estudios interdisciplinarios para asegurar trayectos de formaci\u00f3n multidisciplinarios [&hellip;]<\/p>\n","protected":false},"author":3,"featured_media":0,"parent":0,"menu_order":0,"comment_status":"closed","ping_status":"closed","template":"page-ui.php","meta":{"_themeisle_gutenberg_block_has_review":false,"footnotes":""},"class_list":["post-154","page","type-page","status-publish","hentry"],"yoast_head":"<!-- This site is optimized with the Yoast SEO Premium plugin v22.4 (Yoast SEO v22.4) - https:\/\/yoast.com\/wordpress\/plugins\/seo\/ -->\n<title>CEIdEF - Objetivos y l\u00edneas de investigaci\u00f3n - IdIHCS - CEIdEF<\/title>\n<meta name=\"robots\" content=\"index, follow, max-snippet:-1, max-image-preview:large, max-video-preview:-1\" \/>\n<link rel=\"canonical\" href=\"https:\/\/idihcs.fahce.unlp.edu.ar\/ceidef\/objetivos-y-lineas-de-investigacion\/\" \/>\n<meta property=\"og:locale\" content=\"es_ES\" \/>\n<meta property=\"og:type\" content=\"article\" \/>\n<meta property=\"og:title\" content=\"CEIdEF - Objetivos y l\u00edneas de investigaci\u00f3n\" \/>\n<meta property=\"og:description\" content=\"Los objetivos de la Unidad de Investigaci\u00f3n son: Elaborar planes y proyectos de investigaci\u00f3n interdisciplinarios para realizar intervenciones educativas relevantes en el campo de la Educaci\u00f3n F\u00edsica. Desarrollar l\u00edneas de investigaci\u00f3n interdisciplinarias y coproducir conocimientos transversales en el \u00e1rea de estudio de Educaci\u00f3n F\u00edsica Organizar grupos de estudios interdisciplinarios para asegurar trayectos de formaci\u00f3n multidisciplinarios [&hellip;]\" \/>\n<meta property=\"og:url\" content=\"https:\/\/idihcs.fahce.unlp.edu.ar\/ceidef\/objetivos-y-lineas-de-investigacion\/\" \/>\n<meta property=\"og:site_name\" content=\"IdIHCS - CEIdEF\" \/>\n<meta property=\"article:modified_time\" content=\"2023-11-21T17:37:39+00:00\" \/>\n<meta name=\"twitter:card\" content=\"summary_large_image\" \/>\n<meta name=\"twitter:label1\" content=\"Tiempo de lectura\" \/>\n\t<meta name=\"twitter:data1\" content=\"3 minutos\" \/>\n<script type=\"application\/ld+json\" class=\"yoast-schema-graph\">{\"@context\":\"https:\/\/schema.org\",\"@graph\":[{\"@type\":\"WebPage\",\"@id\":\"https:\/\/idihcs.fahce.unlp.edu.ar\/ceidef\/objetivos-y-lineas-de-investigacion\/\",\"url\":\"https:\/\/idihcs.fahce.unlp.edu.ar\/ceidef\/objetivos-y-lineas-de-investigacion\/\",\"name\":\"CEIdEF - Objetivos y l\u00edneas de investigaci\u00f3n - IdIHCS - CEIdEF\",\"isPartOf\":{\"@id\":\"https:\/\/idihcs.fahce.unlp.edu.ar\/ceidef\/#website\"},\"datePublished\":\"2018-06-21T20:37:33+00:00\",\"dateModified\":\"2023-11-21T17:37:39+00:00\",\"breadcrumb\":{\"@id\":\"https:\/\/idihcs.fahce.unlp.edu.ar\/ceidef\/objetivos-y-lineas-de-investigacion\/#breadcrumb\"},\"inLanguage\":\"es-AR\",\"potentialAction\":[{\"@type\":\"ReadAction\",\"target\":[\"https:\/\/idihcs.fahce.unlp.edu.ar\/ceidef\/objetivos-y-lineas-de-investigacion\/\"]}]},{\"@type\":\"BreadcrumbList\",\"@id\":\"https:\/\/idihcs.fahce.unlp.edu.ar\/ceidef\/objetivos-y-lineas-de-investigacion\/#breadcrumb\",\"itemListElement\":[{\"@type\":\"ListItem\",\"position\":1,\"name\":\"Home\",\"item\":\"https:\/\/idihcs.fahce.unlp.edu.ar\/ceidef\/\"},{\"@type\":\"ListItem\",\"position\":2,\"name\":\"CEIdEF &#8211; Objetivos y l\u00edneas de investigaci\u00f3n\"}]},{\"@type\":\"WebSite\",\"@id\":\"https:\/\/idihcs.fahce.unlp.edu.ar\/ceidef\/#website\",\"url\":\"https:\/\/idihcs.fahce.unlp.edu.ar\/ceidef\/\",\"name\":\"IdIHCS - CEIdEF\",\"description\":\"\",\"potentialAction\":[{\"@type\":\"SearchAction\",\"target\":{\"@type\":\"EntryPoint\",\"urlTemplate\":\"https:\/\/idihcs.fahce.unlp.edu.ar\/ceidef\/?s={search_term_string}\"},\"query-input\":\"required name=search_term_string\"}],\"inLanguage\":\"es-AR\"}]}<\/script>\n<!-- \/ Yoast SEO Premium plugin. -->","yoast_head_json":{"title":"CEIdEF - Objetivos y l\u00edneas de investigaci\u00f3n - IdIHCS - CEIdEF","robots":{"index":"index","follow":"follow","max-snippet":"max-snippet:-1","max-image-preview":"max-image-preview:large","max-video-preview":"max-video-preview:-1"},"canonical":"https:\/\/idihcs.fahce.unlp.edu.ar\/ceidef\/objetivos-y-lineas-de-investigacion\/","og_locale":"es_ES","og_type":"article","og_title":"CEIdEF - Objetivos y l\u00edneas de investigaci\u00f3n","og_description":"Los objetivos de la Unidad de Investigaci\u00f3n son: Elaborar planes y proyectos de investigaci\u00f3n interdisciplinarios para realizar intervenciones educativas relevantes en el campo de la Educaci\u00f3n F\u00edsica. Desarrollar l\u00edneas de investigaci\u00f3n interdisciplinarias y coproducir conocimientos transversales en el \u00e1rea de estudio de Educaci\u00f3n F\u00edsica Organizar grupos de estudios interdisciplinarios para asegurar trayectos de formaci\u00f3n multidisciplinarios [&hellip;]","og_url":"https:\/\/idihcs.fahce.unlp.edu.ar\/ceidef\/objetivos-y-lineas-de-investigacion\/","og_site_name":"IdIHCS - CEIdEF","article_modified_time":"2023-11-21T17:37:39+00:00","twitter_card":"summary_large_image","twitter_misc":{"Tiempo de lectura":"3 minutos"},"schema":{"@context":"https:\/\/schema.org","@graph":[{"@type":"WebPage","@id":"https:\/\/idihcs.fahce.unlp.edu.ar\/ceidef\/objetivos-y-lineas-de-investigacion\/","url":"https:\/\/idihcs.fahce.unlp.edu.ar\/ceidef\/objetivos-y-lineas-de-investigacion\/","name":"CEIdEF - Objetivos y l\u00edneas de investigaci\u00f3n - IdIHCS - CEIdEF","isPartOf":{"@id":"https:\/\/idihcs.fahce.unlp.edu.ar\/ceidef\/#website"},"datePublished":"2018-06-21T20:37:33+00:00","dateModified":"2023-11-21T17:37:39+00:00","breadcrumb":{"@id":"https:\/\/idihcs.fahce.unlp.edu.ar\/ceidef\/objetivos-y-lineas-de-investigacion\/#breadcrumb"},"inLanguage":"es-AR","potentialAction":[{"@type":"ReadAction","target":["https:\/\/idihcs.fahce.unlp.edu.ar\/ceidef\/objetivos-y-lineas-de-investigacion\/"]}]},{"@type":"BreadcrumbList","@id":"https:\/\/idihcs.fahce.unlp.edu.ar\/ceidef\/objetivos-y-lineas-de-investigacion\/#breadcrumb","itemListElement":[{"@type":"ListItem","position":1,"name":"Home","item":"https:\/\/idihcs.fahce.unlp.edu.ar\/ceidef\/"},{"@type":"ListItem","position":2,"name":"CEIdEF &#8211; Objetivos y l\u00edneas de investigaci\u00f3n"}]},{"@type":"WebSite","@id":"https:\/\/idihcs.fahce.unlp.edu.ar\/ceidef\/#website","url":"https:\/\/idihcs.fahce.unlp.edu.ar\/ceidef\/","name":"IdIHCS - CEIdEF","description":"","potentialAction":[{"@type":"SearchAction","target":{"@type":"EntryPoint","urlTemplate":"https:\/\/idihcs.fahce.unlp.edu.ar\/ceidef\/?s={search_term_string}"},"query-input":"required name=search_term_string"}],"inLanguage":"es-AR"}]}},"acf":[],"rttpg_featured_image_url":null,"rttpg_author":{"display_name":"cbarletta","author_link":"https:\/\/idihcs.fahce.unlp.edu.ar\/ceidef\/author\/cbarletta\/"},"rttpg_comment":0,"rttpg_category":null,"rttpg_excerpt":"Los objetivos de la Unidad de Investigaci\u00f3n son: Elaborar planes y proyectos de investigaci\u00f3n interdisciplinarios para realizar intervenciones educativas relevantes en el campo de la Educaci\u00f3n F\u00edsica. Desarrollar l\u00edneas de investigaci\u00f3n interdisciplinarias y coproducir conocimientos transversales en el \u00e1rea de estudio de Educaci\u00f3n F\u00edsica Organizar grupos de estudios interdisciplinarios para asegurar trayectos de formaci\u00f3n multidisciplinarios&hellip;","_links":{"self":[{"href":"https:\/\/idihcs.fahce.unlp.edu.ar\/ceidef\/wp-json\/wp\/v2\/pages\/154","targetHints":{"allow":["GET"]}}],"collection":[{"href":"https:\/\/idihcs.fahce.unlp.edu.ar\/ceidef\/wp-json\/wp\/v2\/pages"}],"about":[{"href":"https:\/\/idihcs.fahce.unlp.edu.ar\/ceidef\/wp-json\/wp\/v2\/types\/page"}],"author":[{"embeddable":true,"href":"https:\/\/idihcs.fahce.unlp.edu.ar\/ceidef\/wp-json\/wp\/v2\/users\/3"}],"replies":[{"embeddable":true,"href":"https:\/\/idihcs.fahce.unlp.edu.ar\/ceidef\/wp-json\/wp\/v2\/comments?post=154"}],"version-history":[{"count":6,"href":"https:\/\/idihcs.fahce.unlp.edu.ar\/ceidef\/wp-json\/wp\/v2\/pages\/154\/revisions"}],"predecessor-version":[{"id":328,"href":"https:\/\/idihcs.fahce.unlp.edu.ar\/ceidef\/wp-json\/wp\/v2\/pages\/154\/revisions\/328"}],"wp:attachment":[{"href":"https:\/\/idihcs.fahce.unlp.edu.ar\/ceidef\/wp-json\/wp\/v2\/media?parent=154"}],"curies":[{"name":"wp","href":"https:\/\/api.w.org\/{rel}","templated":true}]}}