{"id":150,"date":"2018-06-21T17:28:50","date_gmt":"2018-06-21T20:28:50","guid":{"rendered":"http:\/\/163.10.30.48\/~posgrado6\/wordpress\/aeief\/?page_id=150"},"modified":"2023-11-21T14:34:44","modified_gmt":"2023-11-21T17:34:44","slug":"autoridades","status":"publish","type":"page","link":"https:\/\/idihcs.fahce.unlp.edu.ar\/ceidef\/autoridades\/","title":{"rendered":"CEIdEF &#8211; Autoridades"},"content":{"rendered":"<p><strong>Director<br \/>\n<\/strong><a href=\"http:\/\/idihcs.fahce.unlp.edu.ar\/personas\/cachorro-gabriel\/\" target=\"_blank\" rel=\"noopener\"> Gabriel Cachorro<\/a><\/p>\n<p><strong>Codirector<br \/>\n<\/strong><a href=\"http:\/\/idihcs.fahce.unlp.edu.ar\/personas\/saravi-jorge\/\" target=\"_blank\" rel=\"noopener\">Jorge Sarav\u00ed<\/a><strong><br \/>\n<\/strong><\/p>\n<p><strong>Consejo Directivo:<\/strong><\/p>\n<p><a href=\"https:\/\/idihcs.fahce.unlp.edu.ar\/integrante_idihcs\/camblor-ezequiel-pablo\/\" target=\"_blank\" rel=\"noopener\">Ezequiel Camblor<\/a><br \/>\n<a href=\"https:\/\/idihcs.fahce.unlp.edu.ar\/integrante_idihcs\/carballo-carlos-gabriel\/\" target=\"_blank\" rel=\"noopener\">Carlos Carballo<\/a><br \/>\n<a href=\"https:\/\/idihcs.fahce.unlp.edu.ar\/integrante_idihcs\/cesaro-aldo-roman\/\" target=\"_blank\" rel=\"noopener\">Rom\u00e1n Cesaro<\/a><br \/>\n<a href=\"https:\/\/idihcs.fahce.unlp.edu.ar\/integrante_idihcs\/di-domizio-debora-paola\/\" target=\"_blank\" rel=\"noopener\">D\u00e9bora Di Domizio<\/a><br \/>\n<a href=\"https:\/\/idihcs.fahce.unlp.edu.ar\/integrante_idihcs\/fotia-jose-antonio\/\" target=\"_blank\" rel=\"noopener\">Jos\u00e9 Fotia<\/a><br \/>\n<a href=\"https:\/\/idihcs.fahce.unlp.edu.ar\/integrante_idihcs\/rodriguez-andrea-anahi\/\" target=\"_blank\" rel=\"noopener\">Andrea Rodr\u00edguez<\/a><br \/>\n<a href=\"https:\/\/idihcs.fahce.unlp.edu.ar\/integrante_idihcs\/ron-osvaldo-omar\/\" target=\"_blank\" rel=\"noopener\">Osvaldo Ron<\/a><br \/>\n<a href=\"https:\/\/idihcs.fahce.unlp.edu.ar\/integrante_idihcs\/scarnatto-martin\/\" target=\"_blank\" rel=\"noopener\">Mart\u00edn Scarnatto<\/a><\/p>\n","protected":false},"excerpt":{"rendered":"<p>Director Gabriel Cachorro Codirector Jorge Sarav\u00ed Consejo Directivo: Ezequiel Camblor Carlos Carballo Rom\u00e1n Cesaro D\u00e9bora Di Domizio Jos\u00e9 Fotia Andrea Rodr\u00edguez Osvaldo Ron Mart\u00edn Scarnatto<\/p>\n","protected":false},"author":3,"featured_media":0,"parent":0,"menu_order":0,"comment_status":"closed","ping_status":"closed","template":"page-ui.php","meta":{"_themeisle_gutenberg_block_has_review":false,"footnotes":""},"class_list":["post-150","page","type-page","status-publish","hentry"],"yoast_head":"<!-- This site is optimized with the Yoast SEO Premium plugin v22.4 (Yoast SEO v22.4) - https:\/\/yoast.com\/wordpress\/plugins\/seo\/ -->\n<title>CEIdEF - Autoridades - IdIHCS - CEIdEF<\/title>\n<meta name=\"robots\" content=\"index, follow, max-snippet:-1, max-image-preview:large, max-video-preview:-1\" \/>\n<link rel=\"canonical\" href=\"https:\/\/idihcs.fahce.unlp.edu.ar\/ceidef\/autoridades\/\" \/>\n<meta property=\"og:locale\" content=\"es_ES\" \/>\n<meta property=\"og:type\" content=\"article\" \/>\n<meta property=\"og:title\" content=\"CEIdEF - Autoridades\" \/>\n<meta property=\"og:description\" content=\"Director Gabriel Cachorro Codirector Jorge Sarav\u00ed Consejo Directivo: Ezequiel Camblor Carlos Carballo Rom\u00e1n Cesaro D\u00e9bora Di Domizio Jos\u00e9 Fotia Andrea Rodr\u00edguez Osvaldo Ron Mart\u00edn Scarnatto\" \/>\n<meta property=\"og:url\" content=\"https:\/\/idihcs.fahce.unlp.edu.ar\/ceidef\/autoridades\/\" \/>\n<meta property=\"og:site_name\" content=\"IdIHCS - CEIdEF\" \/>\n<meta property=\"article:modified_time\" content=\"2023-11-21T17:34:44+00:00\" \/>\n<meta name=\"twitter:card\" content=\"summary_large_image\" \/>\n<script type=\"application\/ld+json\" class=\"yoast-schema-graph\">{\"@context\":\"https:\/\/schema.org\",\"@graph\":[{\"@type\":\"WebPage\",\"@id\":\"https:\/\/idihcs.fahce.unlp.edu.ar\/ceidef\/autoridades\/\",\"url\":\"https:\/\/idihcs.fahce.unlp.edu.ar\/ceidef\/autoridades\/\",\"name\":\"CEIdEF - Autoridades - IdIHCS - CEIdEF\",\"isPartOf\":{\"@id\":\"https:\/\/idihcs.fahce.unlp.edu.ar\/ceidef\/#website\"},\"datePublished\":\"2018-06-21T20:28:50+00:00\",\"dateModified\":\"2023-11-21T17:34:44+00:00\",\"breadcrumb\":{\"@id\":\"https:\/\/idihcs.fahce.unlp.edu.ar\/ceidef\/autoridades\/#breadcrumb\"},\"inLanguage\":\"es-AR\",\"potentialAction\":[{\"@type\":\"ReadAction\",\"target\":[\"https:\/\/idihcs.fahce.unlp.edu.ar\/ceidef\/autoridades\/\"]}]},{\"@type\":\"BreadcrumbList\",\"@id\":\"https:\/\/idihcs.fahce.unlp.edu.ar\/ceidef\/autoridades\/#breadcrumb\",\"itemListElement\":[{\"@type\":\"ListItem\",\"position\":1,\"name\":\"Home\",\"item\":\"https:\/\/idihcs.fahce.unlp.edu.ar\/ceidef\/\"},{\"@type\":\"ListItem\",\"position\":2,\"name\":\"CEIdEF &#8211; Autoridades\"}]},{\"@type\":\"WebSite\",\"@id\":\"https:\/\/idihcs.fahce.unlp.edu.ar\/ceidef\/#website\",\"url\":\"https:\/\/idihcs.fahce.unlp.edu.ar\/ceidef\/\",\"name\":\"IdIHCS - CEIdEF\",\"description\":\"\",\"potentialAction\":[{\"@type\":\"SearchAction\",\"target\":{\"@type\":\"EntryPoint\",\"urlTemplate\":\"https:\/\/idihcs.fahce.unlp.edu.ar\/ceidef\/?s={search_term_string}\"},\"query-input\":\"required name=search_term_string\"}],\"inLanguage\":\"es-AR\"}]}<\/script>\n<!-- \/ Yoast SEO Premium plugin. -->","yoast_head_json":{"title":"CEIdEF - Autoridades - IdIHCS - CEIdEF","robots":{"index":"index","follow":"follow","max-snippet":"max-snippet:-1","max-image-preview":"max-image-preview:large","max-video-preview":"max-video-preview:-1"},"canonical":"https:\/\/idihcs.fahce.unlp.edu.ar\/ceidef\/autoridades\/","og_locale":"es_ES","og_type":"article","og_title":"CEIdEF - Autoridades","og_description":"Director Gabriel Cachorro Codirector Jorge Sarav\u00ed Consejo Directivo: Ezequiel Camblor Carlos Carballo Rom\u00e1n Cesaro D\u00e9bora Di Domizio Jos\u00e9 Fotia Andrea Rodr\u00edguez Osvaldo Ron Mart\u00edn Scarnatto","og_url":"https:\/\/idihcs.fahce.unlp.edu.ar\/ceidef\/autoridades\/","og_site_name":"IdIHCS - CEIdEF","article_modified_time":"2023-11-21T17:34:44+00:00","twitter_card":"summary_large_image","schema":{"@context":"https:\/\/schema.org","@graph":[{"@type":"WebPage","@id":"https:\/\/idihcs.fahce.unlp.edu.ar\/ceidef\/autoridades\/","url":"https:\/\/idihcs.fahce.unlp.edu.ar\/ceidef\/autoridades\/","name":"CEIdEF - Autoridades - IdIHCS - CEIdEF","isPartOf":{"@id":"https:\/\/idihcs.fahce.unlp.edu.ar\/ceidef\/#website"},"datePublished":"2018-06-21T20:28:50+00:00","dateModified":"2023-11-21T17:34:44+00:00","breadcrumb":{"@id":"https:\/\/idihcs.fahce.unlp.edu.ar\/ceidef\/autoridades\/#breadcrumb"},"inLanguage":"es-AR","potentialAction":[{"@type":"ReadAction","target":["https:\/\/idihcs.fahce.unlp.edu.ar\/ceidef\/autoridades\/"]}]},{"@type":"BreadcrumbList","@id":"https:\/\/idihcs.fahce.unlp.edu.ar\/ceidef\/autoridades\/#breadcrumb","itemListElement":[{"@type":"ListItem","position":1,"name":"Home","item":"https:\/\/idihcs.fahce.unlp.edu.ar\/ceidef\/"},{"@type":"ListItem","position":2,"name":"CEIdEF &#8211; Autoridades"}]},{"@type":"WebSite","@id":"https:\/\/idihcs.fahce.unlp.edu.ar\/ceidef\/#website","url":"https:\/\/idihcs.fahce.unlp.edu.ar\/ceidef\/","name":"IdIHCS - CEIdEF","description":"","potentialAction":[{"@type":"SearchAction","target":{"@type":"EntryPoint","urlTemplate":"https:\/\/idihcs.fahce.unlp.edu.ar\/ceidef\/?s={search_term_string}"},"query-input":"required name=search_term_string"}],"inLanguage":"es-AR"}]}},"acf":[],"rttpg_featured_image_url":null,"rttpg_author":{"display_name":"cbarletta","author_link":"https:\/\/idihcs.fahce.unlp.edu.ar\/ceidef\/author\/cbarletta\/"},"rttpg_comment":0,"rttpg_category":null,"rttpg_excerpt":"Director Gabriel Cachorro Codirector Jorge Sarav\u00ed Consejo Directivo: Ezequiel Camblor Carlos Carballo Rom\u00e1n Cesaro D\u00e9bora Di Domizio Jos\u00e9 Fotia Andrea Rodr\u00edguez Osvaldo Ron Mart\u00edn Scarnatto","_links":{"self":[{"href":"https:\/\/idihcs.fahce.unlp.edu.ar\/ceidef\/wp-json\/wp\/v2\/pages\/150","targetHints":{"allow":["GET"]}}],"collection":[{"href":"https:\/\/idihcs.fahce.unlp.edu.ar\/ceidef\/wp-json\/wp\/v2\/pages"}],"about":[{"href":"https:\/\/idihcs.fahce.unlp.edu.ar\/ceidef\/wp-json\/wp\/v2\/types\/page"}],"author":[{"embeddable":true,"href":"https:\/\/idihcs.fahce.unlp.edu.ar\/ceidef\/wp-json\/wp\/v2\/users\/3"}],"replies":[{"embeddable":true,"href":"https:\/\/idihcs.fahce.unlp.edu.ar\/ceidef\/wp-json\/wp\/v2\/comments?post=150"}],"version-history":[{"count":7,"href":"https:\/\/idihcs.fahce.unlp.edu.ar\/ceidef\/wp-json\/wp\/v2\/pages\/150\/revisions"}],"predecessor-version":[{"id":327,"href":"https:\/\/idihcs.fahce.unlp.edu.ar\/ceidef\/wp-json\/wp\/v2\/pages\/150\/revisions\/327"}],"wp:attachment":[{"href":"https:\/\/idihcs.fahce.unlp.edu.ar\/ceidef\/wp-json\/wp\/v2\/media?parent=150"}],"curies":[{"name":"wp","href":"https:\/\/api.w.org\/{rel}","templated":true}]}}