{"id":98,"date":"2018-06-17T23:15:21","date_gmt":"2018-06-18T02:15:21","guid":{"rendered":"http:\/\/163.10.30.48\/~posgrado6\/wordpress\/ceh\/?page_id=98"},"modified":"2024-10-04T12:53:24","modified_gmt":"2024-10-04T15:53:24","slug":"presentacion","status":"publish","type":"page","link":"https:\/\/idihcs.fahce.unlp.edu.ar\/ceh\/","title":{"rendered":"CEH &#8211; Presentaci\u00f3n"},"content":{"rendered":"\n<p>El Centro de Estudios de Lenguas Cl\u00e1sicas, \u00c1rea Filolog\u00eda Griega, de la Facultad de Humanidades y Ciencias de la Educaci\u00f3n de la Universidad Nacional de La Plata fue creado en el a\u00f1o 1994, por la Dra. Ana Mar\u00eda Gonz\u00e1lez de Tobia, y refundado con el nombre de Centro de Estudios Hel\u00e9nicos en el a\u00f1o 2004. El CEH forma parte del Instituto de Investigaciones en Humanidades y Ciencias Sociales (IDIHCS) dependiente del CONICET y la UNLP. Su objetivo primordial es impulsar la investigaci\u00f3n en la lengua y la cultura griega antigua, as\u00ed como su recepci\u00f3n en el mundo moderno y contempor\u00e1neo. Fomenta el desarrollo de proyectos de investigaci\u00f3n centrados en esos temas y alienta el estudio y la implementaci\u00f3n de nuevas metodolog\u00edas para la ense\u00f1anza de la lengua y la literatura griegas.<\/p>\n\n\n\n<p>Organiza con regularidad actividades acad\u00e9micas \u2013cursos, seminarios, charlas, conferencias, jornadas y coloquios internacionales\u2013 para la difusi\u00f3n de los resultados de investigaciones en el \u00e1rea, y actividades de extensi\u00f3n destinadas a la comunidad en general.<\/p>\n\n\n\n<p>El \u00f3rgano de difusi\u00f3n del Centro de Estudios Hel\u00e9nicos es Synthesis, revista de publicaci\u00f3n anual, indexada en Art and Humanities Citation Index. Ha publicado tambi\u00e9n una serie importante de libros dedicados al estudio de la Antig\u00fcedad Cl\u00e1sica.<\/p>\n\n\n\n<p>Mantiene estrechos v\u00ednculos con investigadores y centros de investigaci\u00f3n del pa\u00eds y del exterior.<br><br>Nuestras redes: <br><a href=\"https:\/\/www.facebook.com\/share\/WAx4CSVdkF3PebhT\/?mibextid=LQQJ4d\">Facebook<\/a><br><a href=\"https:\/\/www.instagram.com\/centrodeestudioshelenicos.unlp?igsh=MWZsYTN5aXZqdzRwcA==\">Instagram<\/a><\/p>\n\n\n\n<p><\/p>\n","protected":false},"excerpt":{"rendered":"<p>El Centro de Estudios de Lenguas Cl\u00e1sicas, \u00c1rea Filolog\u00eda Griega, de la Facultad de Humanidades y Ciencias de la Educaci\u00f3n de la Universidad Nacional de La Plata fue creado en el a\u00f1o 1994, por la Dra. Ana Mar\u00eda Gonz\u00e1lez de Tobia, y refundado con el nombre de Centro de Estudios Hel\u00e9nicos en el a\u00f1o 2004. [&hellip;]<\/p>\n","protected":false},"author":2,"featured_media":166,"parent":0,"menu_order":0,"comment_status":"closed","ping_status":"closed","template":"page-ui.php","meta":{"_themeisle_gutenberg_block_has_review":false,"footnotes":""},"class_list":["post-98","page","type-page","status-publish","has-post-thumbnail","hentry"],"acf":[],"rttpg_featured_image_url":{"full":["https:\/\/idihcs.fahce.unlp.edu.ar\/ceh\/wp-content\/uploads\/sites\/9\/2018\/06\/banner-ceh.jpg",696,81,false],"landscape":["https:\/\/idihcs.fahce.unlp.edu.ar\/ceh\/wp-content\/uploads\/sites\/9\/2018\/06\/banner-ceh.jpg",696,81,false],"portraits":["https:\/\/idihcs.fahce.unlp.edu.ar\/ceh\/wp-content\/uploads\/sites\/9\/2018\/06\/banner-ceh.jpg",696,81,false],"thumbnail":["https:\/\/idihcs.fahce.unlp.edu.ar\/ceh\/wp-content\/uploads\/sites\/9\/2018\/06\/banner-ceh-150x81.jpg",150,81,true],"medium":["https:\/\/idihcs.fahce.unlp.edu.ar\/ceh\/wp-content\/uploads\/sites\/9\/2018\/06\/banner-ceh-300x35.jpg",300,35,true],"large":["https:\/\/idihcs.fahce.unlp.edu.ar\/ceh\/wp-content\/uploads\/sites\/9\/2018\/06\/banner-ceh.jpg",696,81,false],"1536x1536":["https:\/\/idihcs.fahce.unlp.edu.ar\/ceh\/wp-content\/uploads\/sites\/9\/2018\/06\/banner-ceh.jpg",696,81,false],"2048x2048":["https:\/\/idihcs.fahce.unlp.edu.ar\/ceh\/wp-content\/uploads\/sites\/9\/2018\/06\/banner-ceh.jpg",696,81,false],"td_80x60":["https:\/\/idihcs.fahce.unlp.edu.ar\/ceh\/wp-content\/uploads\/sites\/9\/2018\/06\/banner-ceh-80x60.jpg",80,60,true],"td_100x70":["https:\/\/idihcs.fahce.unlp.edu.ar\/ceh\/wp-content\/uploads\/sites\/9\/2018\/06\/banner-ceh-100x70.jpg",100,70,true],"td_218x150":["https:\/\/idihcs.fahce.unlp.edu.ar\/ceh\/wp-content\/uploads\/sites\/9\/2018\/06\/banner-ceh-218x81.jpg",218,81,true],"td_265x198":["https:\/\/idihcs.fahce.unlp.edu.ar\/ceh\/wp-content\/uploads\/sites\/9\/2018\/06\/banner-ceh-265x81.jpg",265,81,true],"td_324x160":["https:\/\/idihcs.fahce.unlp.edu.ar\/ceh\/wp-content\/uploads\/sites\/9\/2018\/06\/banner-ceh-324x81.jpg",324,81,true],"td_324x235":["https:\/\/idihcs.fahce.unlp.edu.ar\/ceh\/wp-content\/uploads\/sites\/9\/2018\/06\/banner-ceh-324x81.jpg",324,81,true],"td_324x400":["https:\/\/idihcs.fahce.unlp.edu.ar\/ceh\/wp-content\/uploads\/sites\/9\/2018\/06\/banner-ceh-324x81.jpg",324,81,true],"td_356x220":["https:\/\/idihcs.fahce.unlp.edu.ar\/ceh\/wp-content\/uploads\/sites\/9\/2018\/06\/banner-ceh-356x81.jpg",356,81,true],"td_356x364":["https:\/\/idihcs.fahce.unlp.edu.ar\/ceh\/wp-content\/uploads\/sites\/9\/2018\/06\/banner-ceh-356x81.jpg",356,81,true],"td_485x360":["https:\/\/idihcs.fahce.unlp.edu.ar\/ceh\/wp-content\/uploads\/sites\/9\/2018\/06\/banner-ceh-485x81.jpg",485,81,true],"td_533x261":["https:\/\/idihcs.fahce.unlp.edu.ar\/ceh\/wp-content\/uploads\/sites\/9\/2018\/06\/banner-ceh-533x81.jpg",533,81,true],"td_534x462":["https:\/\/idihcs.fahce.unlp.edu.ar\/ceh\/wp-content\/uploads\/sites\/9\/2018\/06\/banner-ceh-534x81.jpg",534,81,true],"td_696x0":["https:\/\/idihcs.fahce.unlp.edu.ar\/ceh\/wp-content\/uploads\/sites\/9\/2018\/06\/banner-ceh-696x81.jpg",696,81,true],"td_696x385":["https:\/\/idihcs.fahce.unlp.edu.ar\/ceh\/wp-content\/uploads\/sites\/9\/2018\/06\/banner-ceh-696x81.jpg",696,81,true],"td_741x486":["https:\/\/idihcs.fahce.unlp.edu.ar\/ceh\/wp-content\/uploads\/sites\/9\/2018\/06\/banner-ceh.jpg",696,81,false],"td_1068x580":["https:\/\/idihcs.fahce.unlp.edu.ar\/ceh\/wp-content\/uploads\/sites\/9\/2018\/06\/banner-ceh.jpg",696,81,false],"td_1068x0":["https:\/\/idihcs.fahce.unlp.edu.ar\/ceh\/wp-content\/uploads\/sites\/9\/2018\/06\/banner-ceh.jpg",696,81,false],"td_0x420":["https:\/\/idihcs.fahce.unlp.edu.ar\/ceh\/wp-content\/uploads\/sites\/9\/2018\/06\/banner-ceh.jpg",696,81,false],"td_1920x0":["https:\/\/idihcs.fahce.unlp.edu.ar\/ceh\/wp-content\/uploads\/sites\/9\/2018\/06\/banner-ceh.jpg",696,81,false],"rt_custom":["https:\/\/idihcs.fahce.unlp.edu.ar\/ceh\/wp-content\/uploads\/sites\/9\/2018\/06\/banner-ceh.jpg",696,81,false]},"rttpg_author":{"display_name":"ggchicote","author_link":"https:\/\/idihcs.fahce.unlp.edu.ar\/ceh\/author\/ggchicote\/"},"rttpg_comment":0,"rttpg_category":null,"rttpg_excerpt":"El Centro de Estudios de Lenguas Cl\u00e1sicas, \u00c1rea Filolog\u00eda Griega, de la Facultad de Humanidades y Ciencias de la Educaci\u00f3n de la Universidad Nacional de La Plata fue creado en el a\u00f1o 1994, por la Dra. Ana Mar\u00eda Gonz\u00e1lez de Tobia, y refundado con el nombre de Centro de Estudios Hel\u00e9nicos en el a\u00f1o 2004.&hellip;","_links":{"self":[{"href":"https:\/\/idihcs.fahce.unlp.edu.ar\/ceh\/wp-json\/wp\/v2\/pages\/98","targetHints":{"allow":["GET"]}}],"collection":[{"href":"https:\/\/idihcs.fahce.unlp.edu.ar\/ceh\/wp-json\/wp\/v2\/pages"}],"about":[{"href":"https:\/\/idihcs.fahce.unlp.edu.ar\/ceh\/wp-json\/wp\/v2\/types\/page"}],"author":[{"embeddable":true,"href":"https:\/\/idihcs.fahce.unlp.edu.ar\/ceh\/wp-json\/wp\/v2\/users\/2"}],"replies":[{"embeddable":true,"href":"https:\/\/idihcs.fahce.unlp.edu.ar\/ceh\/wp-json\/wp\/v2\/comments?post=98"}],"version-history":[{"count":14,"href":"https:\/\/idihcs.fahce.unlp.edu.ar\/ceh\/wp-json\/wp\/v2\/pages\/98\/revisions"}],"predecessor-version":[{"id":933,"href":"https:\/\/idihcs.fahce.unlp.edu.ar\/ceh\/wp-json\/wp\/v2\/pages\/98\/revisions\/933"}],"wp:featuredmedia":[{"embeddable":true,"href":"https:\/\/idihcs.fahce.unlp.edu.ar\/ceh\/wp-json\/wp\/v2\/media\/166"}],"wp:attachment":[{"href":"https:\/\/idihcs.fahce.unlp.edu.ar\/ceh\/wp-json\/wp\/v2\/media?parent=98"}],"curies":[{"name":"wp","href":"https:\/\/api.w.org\/{rel}","templated":true}]}}