{"id":265,"date":"2018-09-28T15:31:59","date_gmt":"2018-09-28T18:31:59","guid":{"rendered":"http:\/\/idihcs.fahce.unlp.edu.ar\/ceh\/?page_id=265"},"modified":"2018-09-28T15:35:26","modified_gmt":"2018-09-28T18:35:26","slug":"seminarios","status":"publish","type":"page","link":"https:\/\/idihcs.fahce.unlp.edu.ar\/ceh\/seminarios\/","title":{"rendered":"Seminarios"},"content":{"rendered":"<p>&nbsp;<\/p>\n<p><span style=\"font-family: verdana, geneva, sans-serif;font-size: 12pt\"><em><strong>An\u00e1lisis filol\u00f3gico-literario de Avispas de Arist\u00f3fanes<\/strong>.<\/em>\u00a0Profesor responsable: Juan N\u00e1poli.<\/span><\/p>\n<p>&nbsp;<\/p>\n<p><strong style=\"font-family: verdana, geneva, sans-serif;font-size: 16px\"><em>Fronteras, marginalidad y rupturas. Mujeres maltratadas.\u00a0Las Traquinias de S\u00f3focles y la Historia de Herodoto (I: 8-12 y 33, IX: 108-113).<\/em><\/strong><span style=\"font-family: verdana, geneva, sans-serif;font-size: 16px\">\u00a0Profesor responsable: Mar\u00eda In\u00e9s Saravia. Coordinadora: Graciela Hamam\u00e9.<\/span><\/p>\n<p>&nbsp;<\/p>\n<p><span style=\"font-family: verdana, geneva, sans-serif;font-size: 12pt\"><strong><em>Gram\u00e1tica, Sintaxis e interpretaci\u00f3n: Un an\u00e1lisis de los g\u00e9neros discursivos en la Literatura Griega Cl\u00e1sica a trav\u00e9s de casos-clave.<\/em><\/strong>\u00a0Profesor responsable: Graciela Zecchin. Coordinadora: Sof\u00eda Zamperetti.<\/span><\/p>\n<p>&nbsp;<\/p>\n<p>&nbsp;<\/p>\n<h1><\/h1>\n<p>&nbsp;<\/p>\n","protected":false},"excerpt":{"rendered":"<p>&nbsp; An\u00e1lisis filol\u00f3gico-literario de Avispas de Arist\u00f3fanes.\u00a0Profesor responsable: Juan N\u00e1poli. &nbsp; Fronteras, marginalidad y rupturas. Mujeres maltratadas.\u00a0Las Traquinias de S\u00f3focles y la Historia de Herodoto (I: 8-12 y 33, IX: 108-113).\u00a0Profesor responsable: Mar\u00eda In\u00e9s Saravia. Coordinadora: Graciela Hamam\u00e9. &nbsp; Gram\u00e1tica, Sintaxis e interpretaci\u00f3n: Un an\u00e1lisis de los g\u00e9neros discursivos en la Literatura Griega Cl\u00e1sica a [&hellip;]<\/p>\n","protected":false},"author":19,"featured_media":0,"parent":0,"menu_order":0,"comment_status":"closed","ping_status":"closed","template":"","meta":{"_themeisle_gutenberg_block_has_review":false,"footnotes":""},"class_list":["post-265","page","type-page","status-publish","hentry"],"acf":[],"rttpg_featured_image_url":null,"rttpg_author":{"display_name":"cehelenicos","author_link":"https:\/\/idihcs.fahce.unlp.edu.ar\/ceh\/author\/cehelenicos\/"},"rttpg_comment":0,"rttpg_category":null,"rttpg_excerpt":"&nbsp; An\u00e1lisis filol\u00f3gico-literario de Avispas de Arist\u00f3fanes.\u00a0Profesor responsable: Juan N\u00e1poli. &nbsp; Fronteras, marginalidad y rupturas. Mujeres maltratadas.\u00a0Las Traquinias de S\u00f3focles y la Historia de Herodoto (I: 8-12 y 33, IX: 108-113).\u00a0Profesor responsable: Mar\u00eda In\u00e9s Saravia. Coordinadora: Graciela Hamam\u00e9. &nbsp; Gram\u00e1tica, Sintaxis e interpretaci\u00f3n: Un an\u00e1lisis de los g\u00e9neros discursivos en la Literatura Griega Cl\u00e1sica a&hellip;","_links":{"self":[{"href":"https:\/\/idihcs.fahce.unlp.edu.ar\/ceh\/wp-json\/wp\/v2\/pages\/265","targetHints":{"allow":["GET"]}}],"collection":[{"href":"https:\/\/idihcs.fahce.unlp.edu.ar\/ceh\/wp-json\/wp\/v2\/pages"}],"about":[{"href":"https:\/\/idihcs.fahce.unlp.edu.ar\/ceh\/wp-json\/wp\/v2\/types\/page"}],"author":[{"embeddable":true,"href":"https:\/\/idihcs.fahce.unlp.edu.ar\/ceh\/wp-json\/wp\/v2\/users\/19"}],"replies":[{"embeddable":true,"href":"https:\/\/idihcs.fahce.unlp.edu.ar\/ceh\/wp-json\/wp\/v2\/comments?post=265"}],"version-history":[{"count":4,"href":"https:\/\/idihcs.fahce.unlp.edu.ar\/ceh\/wp-json\/wp\/v2\/pages\/265\/revisions"}],"predecessor-version":[{"id":270,"href":"https:\/\/idihcs.fahce.unlp.edu.ar\/ceh\/wp-json\/wp\/v2\/pages\/265\/revisions\/270"}],"wp:attachment":[{"href":"https:\/\/idihcs.fahce.unlp.edu.ar\/ceh\/wp-json\/wp\/v2\/media?parent=265"}],"curies":[{"name":"wp","href":"https:\/\/api.w.org\/{rel}","templated":true}]}}