{"id":189,"date":"2018-09-14T15:07:56","date_gmt":"2018-09-14T18:07:56","guid":{"rendered":"http:\/\/idihcs.fahce.unlp.edu.ar\/ceh\/?page_id=189"},"modified":"2025-04-30T14:04:17","modified_gmt":"2025-04-30T17:04:17","slug":"recursos-humanos","status":"publish","type":"page","link":"https:\/\/idihcs.fahce.unlp.edu.ar\/ceh\/recursos-humanos\/","title":{"rendered":"Recursos Humanos"},"content":{"rendered":"<p><strong><br \/>\nInvestigadores formados<\/strong><br \/>\n<a href=\"http:\/\/idihcs.fahce.unlp.edu.ar\/personas\/fernandez-deagustini-maria-del-pilar\/\">Fern\u00e1ndez Deagustini Mar\u00eda del Pilar <\/a><br \/>\n<a href=\"http:\/\/idihcs.fahce.unlp.edu.ar\/personas\/fernandez-claudia-nelida\/\">Fern\u00e1ndez Claudia N.<\/a><br \/>\n<a href=\"http:\/\/idihcs.fahce.unlp.edu.ar\/personas\/napoli-juan-tobias\/\">N\u00e1poli Juan T.<\/a><br \/>\n<a href=\"http:\/\/idihcs.fahce.unlp.edu.ar\/personas\/saravia-de-grossi-maria-ines\/\">Saravia Mar\u00eda In\u00e9s<\/a><br \/>\n<a href=\"http:\/\/idihcs.fahce.unlp.edu.ar\/personas\/schamun-maria-cecilia\/\">Schamun Mar\u00eda Cecilia<\/a><br \/>\n<a href=\"http:\/\/idihcs.fahce.unlp.edu.ar\/personas\/sunol-viviana\/\">Su\u00f1ol Viviana<\/a><br \/>\n<a href=\"http:\/\/idihcs.fahce.unlp.edu.ar\/personas\/zecchin-graciela-cristina\/\">Zecchin Graciela C.<\/a><\/p>\n<p><strong>Investigadores en formaci\u00f3n<\/strong><br \/>\n<a href=\"http:\/\/idihcs.fahce.unlp.edu.ar\/personas\/hamame-graciela-noemi\/\">Hamam\u00e9 Graciela<\/a><br \/>\n<a href=\"http:\/\/idihcs.fahce.unlp.edu.ar\/personas\/moretti-maria-ines\/\">Moretti Mar\u00eda In\u00e9s <\/a><br \/>\n<a href=\"http:\/\/idihcs.fahce.unlp.edu.ar\/personas\/schere-maria-jimena\/\">Schere Jimena <\/a><br \/>\n<a href=\"http:\/\/idihcs.fahce.unlp.edu.ar\/personas\/zamperetti-martin-deidamia-sofia\/\">Zamperetti Mart\u00edn Deidamia Sof\u00eda<\/a><\/p>\n<p><a href=\"http:\/\/idihcs.fahce.unlp.edu.ar\/personas\/ertola-urtubey-manon\/\">Ertola Urtubey Manon<\/a><\/p>\n<p><strong>Becarios CONICET<\/strong><\/p>\n<p>Bustos Bel\u00e9n<\/p>\n<p><a href=\"http:\/\/idihcs.fahce.unlp.edu.ar\/personas\/ertola-urtubey-manon\/\">Ertola Urtubey Manon<\/a><\/p>\n<p><a href=\"https:\/\/www.memoria.fahce.unlp.edu.ar\/perfiles\/1994FernandezPalazzoA.html\">Fern\u00e1ndez Palazzo Ana<\/a><\/p>\n<p><strong>Becarios PICT<br \/>\n<\/strong><\/p>\n<p><a href=\"http:\/\/idihcs.fahce.unlp.edu.ar\/personas\/zamperetti-martin-deidamia-sofia\/\">Zamperetti Mart\u00edn Deidamia Sof\u00eda<\/a><\/p>\n<p><strong>Secretaria<\/strong><\/p>\n<p><a href=\"http:\/\/idihcs.fahce.unlp.edu.ar\/personas\/ertola-urtubey-manon\/\" target=\"_blank\" rel=\"noopener\">Ertola Urtubey Manon<\/a><\/p>\n","protected":false},"excerpt":{"rendered":"<p>Investigadores formados Fern\u00e1ndez Deagustini Mar\u00eda del Pilar Fern\u00e1ndez Claudia N. N\u00e1poli Juan T. Saravia Mar\u00eda In\u00e9s Schamun Mar\u00eda Cecilia Su\u00f1ol Viviana Zecchin Graciela C. Investigadores en formaci\u00f3n Hamam\u00e9 Graciela Moretti Mar\u00eda In\u00e9s Schere Jimena Zamperetti Mart\u00edn Deidamia Sof\u00eda Ertola Urtubey Manon Becarios CONICET Bustos Bel\u00e9n Ertola Urtubey Manon Fern\u00e1ndez Palazzo Ana Becarios PICT Zamperetti Mart\u00edn [&hellip;]<\/p>\n","protected":false},"author":19,"featured_media":0,"parent":0,"menu_order":0,"comment_status":"closed","ping_status":"closed","template":"","meta":{"_themeisle_gutenberg_block_has_review":false,"footnotes":""},"class_list":["post-189","page","type-page","status-publish","hentry"],"acf":[],"rttpg_featured_image_url":null,"rttpg_author":{"display_name":"cehelenicos","author_link":"https:\/\/idihcs.fahce.unlp.edu.ar\/ceh\/author\/cehelenicos\/"},"rttpg_comment":0,"rttpg_category":null,"rttpg_excerpt":"Investigadores formados Fern\u00e1ndez Deagustini Mar\u00eda del Pilar Fern\u00e1ndez Claudia N. N\u00e1poli Juan T. Saravia Mar\u00eda In\u00e9s Schamun Mar\u00eda Cecilia Su\u00f1ol Viviana Zecchin Graciela C. Investigadores en formaci\u00f3n Hamam\u00e9 Graciela Moretti Mar\u00eda In\u00e9s Schere Jimena Zamperetti Mart\u00edn Deidamia Sof\u00eda Ertola Urtubey Manon Becarios CONICET Bustos Bel\u00e9n Ertola Urtubey Manon Fern\u00e1ndez Palazzo Ana Becarios PICT Zamperetti Mart\u00edn&hellip;","_links":{"self":[{"href":"https:\/\/idihcs.fahce.unlp.edu.ar\/ceh\/wp-json\/wp\/v2\/pages\/189","targetHints":{"allow":["GET"]}}],"collection":[{"href":"https:\/\/idihcs.fahce.unlp.edu.ar\/ceh\/wp-json\/wp\/v2\/pages"}],"about":[{"href":"https:\/\/idihcs.fahce.unlp.edu.ar\/ceh\/wp-json\/wp\/v2\/types\/page"}],"author":[{"embeddable":true,"href":"https:\/\/idihcs.fahce.unlp.edu.ar\/ceh\/wp-json\/wp\/v2\/users\/19"}],"replies":[{"embeddable":true,"href":"https:\/\/idihcs.fahce.unlp.edu.ar\/ceh\/wp-json\/wp\/v2\/comments?post=189"}],"version-history":[{"count":18,"href":"https:\/\/idihcs.fahce.unlp.edu.ar\/ceh\/wp-json\/wp\/v2\/pages\/189\/revisions"}],"predecessor-version":[{"id":967,"href":"https:\/\/idihcs.fahce.unlp.edu.ar\/ceh\/wp-json\/wp\/v2\/pages\/189\/revisions\/967"}],"wp:attachment":[{"href":"https:\/\/idihcs.fahce.unlp.edu.ar\/ceh\/wp-json\/wp\/v2\/media?parent=189"}],"curies":[{"name":"wp","href":"https:\/\/api.w.org\/{rel}","templated":true}]}}